{"id":1305,"date":"2015-12-03T11:31:39","date_gmt":"2015-12-03T10:31:39","guid":{"rendered":"https:\/\/staging.khz-movers.com\/private\/international\/country-information\/emigreren-naar-barbados\/?lang=en"},"modified":"2024-10-10T12:47:04","modified_gmt":"2024-10-10T10:47:04","slug":"emigreren-naar-barbados","status":"publish","type":"page","link":"https:\/\/staging.khz-movers.com\/en\/emigreren-naar-barbados\/","title":{"rendered":"Emigreren naar Barbados"},"content":{"rendered":"<p>[et_pb_section][et_pb_row][et_pb_column type=&#8221;4_4&#8243;][et_pb_text][vc_row][vc_column][vc_column_text]<\/p>\n<h2><a class=\"dt-single-image\" href=\"https:\/\/www.khz-movers.com\/wp-content\/uploads\/2015\/12\/barbados.png\"><img loading=\"lazy\" decoding=\"async\" class=\"alignnone size-full wp-image-949\" src=\"https:\/\/www.khz-movers.com\/wp-content\/uploads\/2015\/12\/barbados.png\" alt=\"barbados\" width=\"620\" height=\"164\" srcset=\"https:\/\/staging.khz-movers.com\/wp-content\/uploads\/2015\/12\/barbados.png 620w, https:\/\/staging.khz-movers.com\/wp-content\/uploads\/2015\/12\/barbados-300x79.png 300w\" sizes=\"(max-width: 620px) 100vw, 620px\" \/><\/a><\/h2>\n<h2>Emigreren naar Barbados<\/h2>\n<p><strong>Emigreren naar Barbados<\/strong> is een van de specialiteiten van AGS KHZ. Met onze lokale partner in het Caribisch gebied, Meyer Moving,\u00a0 verzorgen wij vanuit Nederland of Europa uw verhuizing, en zorgen wij in de Kleine Antillen, waar Barbados deel vanuit maakt, dat alles op een Nederlandse en degelijke wijze wordt afgehandeld. Barbados is een parlementair democratisch koninkrijk en maakt onderdeel uit van het Gemenebest van Naties, het voormalige Britse Gemenebest. Het eiland heeft een vliegveld; het Grantley Adams International Airport.<\/p>\n<h2><\/h2>\n<h2>Direct naar:<\/h2>\n<ul>\n<li><span style=\"color: #b02b08;\"><a title=\"Verhuizen naar Barbados informatie\" href=\"\/particulier\/internationaal-verhuizen\/landeninformatie\/emigreren-naar-barbados#informatie-over-Barbados\">Informatie over Barbados<\/a><\/span><\/li>\n<li><span style=\"color: #b02b08;\"><a title=\"Verhuizers naar Barbados\" href=\"\/particulier\/internationaal-verhuizen\/landeninformatie\/emigreren-naar-barbados#informatie-voor-verhuizen-naar-Barbados\">Informatie voor verhuizers naar Barbados<\/a><\/span><\/li>\n<li><span style=\"color: #b02b08;\"><a title=\"verhuisinformatie Barbados\" href=\"\/particulier\/internationaal-verhuizen\/landeninformatie\/emigreren-naar-barbados#verhuisinformatie\">Verhuisinformatie<\/a><\/span><\/li>\n<li><span style=\"color: #b02b08;\"><a title=\"verhuizen naar Barbados?\" href=\"\/particulier\/internationaal-verhuizen\/landeninformatie\/emigreren-naar-barbados#plannen-om-te-verhuizen-naar-Barbados\">Plannen om te verhuizen naar Barbados?<\/a><\/span><\/li>\n<\/ul>\n<p>&nbsp;<\/p>\n<h2>Informatie over Barbados<\/h2>\n<h3 class=\"height-10\"><em>Geografie<\/em><\/h3>\n<p>Het eiland ligt relatief zuidelijk in de bovenwindse eilandengroep. Op 175 km ligt Saint Vincent, links van het eiland. Het Nederlandse\u00a0Cura\u00e7ao ligt op ongeveer 1000 km van het eiland. Het eiland heeft een oppervlakte van 430 km\u00b2.<\/p>\n<h4 class=\"height-10\"><\/h4>\n<h3 class=\"height-10\"><em>Demografie<\/em><\/h3>\n<p>Het eiland telt ongeveer 290.000 inwoners, de voertaal is Engels en het heeft als hoofdstad Bridgetown.<\/p>\n<h4 class=\"height-10\"><\/h4>\n<h4 class=\"height-10\"><em>Taal <\/em><\/h4>\n<p>De voertaal is Bajan, een Creoolse taal en de offici\u00eble taal is Engels.<\/p>\n<h4 class=\"height-10\"><em>Klimaat <\/em><\/h4>\n<p>Het klimaat op Barbados is een tropisch moessonklimaat. Temperaturen het hele jaar door schommelen tussen de 27 &#8211; 32\u00b0C.\u00a0 Er is een regenseizoen dat van juni tot en met december duurt. In deze periode valt er behoorlijk wat neerslag.<\/p>\n<p>&nbsp;<\/p>\n<h3 class=\"height-10\"><em>Elektriciteit<\/em><\/h3>\n<p>De elektriciteitseenheid op Barbados is 10\/115 Volt \/ 50 Hertz.\u00a0 Men gebruikt het Amerikaanse type stopcontact, dus een wereldstekker of een geschikte adapter is nodig om uw apparatuur te kunnen laten werken. Het valt aan te bevelen om te controleren of uw apparatuur werkt op dit voltage, of dat een omvormer nodig is.<br \/>\n<a id=\"informatie-voor-verhuizen-naar-Barbados\"><\/a><\/p>\n<h2>Informatie voor verhuizers naar Barbados<\/h2>\n<h3 class=\"height-10\"><em>Visum<\/em><\/h3>\n<p>Wanneer u Nederlands bent, dan heeft u in principe geen visum nodig voor een verblijf korter dan 6 maanden. Bij een verblijfsduur van langer dan 6 maanden heeft u een visum nodig om te kunnen verblijven in Barbados. Het aanvragen van een visum kunt u bij de <span style=\"color: #b02b08;\"><a title=\"visum Barbados\" href=\"http:\/\/www.immigration.gov.bb\/\">immigratiedienst van het eiland aanvragen<\/a>.<\/span> Let op; om te werken heeft u een werkvergunning nodig. Dit geldt dus ook bij een kortere verblijfsduur. Een werkvergunning wordt in principe alleen afgegeven voor vacatures die niet door de oorspronkelijke inwoners kan worden ingevuld. Deze vergunning kunt u aanvragen op de <span style=\"color: #b02b08;\"><a title=\"werkvergunning Barbados\" href=\"http:\/\/www.immigration.gov.bb\/pages\/WorkPermit.aspx\">website van de regering van Barbados<\/a>.<\/span><\/p>\n<p><span style=\"color: #b02b08;\">\u00a0<\/span><\/p>\n<h3 class=\"height-10\"><em>Huisvesting<\/em><\/h3>\n<div>Op Barbados zijn diverse mogelijkheden tot het huren of kopen van een huis. Wanneer u van plan bent om vastgoed aan te kopen, adviseren wij adviseren wij om iemand in te schakelen die u bijstaat bij het kopen van een huis. Kennis van de lokale markt, financiering en fiscaliteiten zijn van belang. Voor een overzicht van huizenaanbod op Barbados zijn er diverse websites beschikbaar. Op <span style=\"color: #b02b08;\"><a title=\"Huizen op Barbados\" href=\"http:\/\/www.barbadospropertysearch.com\/\">deze website<\/a><\/span> zijn zowel huur- als koophuizen aanwezig. Wanneer u gebruik maakt van de verhuisservices van AGS KHZ, vraagt u dan om een relocatiespecialist die u bijstaat bij het regelen van een geschikte woning.<\/div>\n<div><\/div>\n<p>&nbsp;<\/p>\n<h2>Verhuisinformatie<\/h2>\n<h3 class=\"height-10\"><em>Reistijd<\/em><\/h3>\n<p>Naar Barbados is het ongeveer 12 uur vliegen. Houdt u rekening met 1 of 2 overstappen.<\/p>\n<h4 class=\"height-10\"><\/h4>\n<h3 class=\"height-10\"><em>Gevaarlijke goederen<\/em><\/h3>\n<p>Sommige goederen kunnen gevaarlijk zijn bij het verhuisproces. Wij raden u dan ook aan om de volgende goederen, voor het verhuisproces, uit uw huis te verwijderen:<\/p>\n<ul>\n<li>Brandbare vloeistoffen, zoals alcohol en reinigingsmiddelen<\/li>\n<li>Ontvlambare stoffen, zoals lucifers, houtskool\/briketten en verf<\/li>\n<li>Corroderende middelen, zoals zuren, bleekmiddelen en batterijen<\/li>\n<li>Samengeperste gassen, zoals spuitbussen en brandblussers<\/li>\n<li>Explosieven, zoals vuurwerk, wapens en munitie<\/li>\n<\/ul>\n<h3 class=\"height-10\"><em>De door u mee te nemen goederen<\/em><\/h3>\n<p>Het is gebruikelijk, als u gaat emigreren, om een deel van uw inboedel of uw gehele inboedel mee te nemen. Hier volgen wat tips voor u.<\/p>\n<p>U kunt voorbereidingen treffen, zoals het scheiden van goederen als u meer dan \u00e9\u00e9n verzending heeft. Met meer dan \u00e9\u00e9n verzending bedoelen wij verzendingen via scheepvaart en luchtvaart.<\/p>\n<p>U kunt zelf al wat goederen verpakken, maar wij raden u aan om breekbare goederen niet zelf in te pakken. Wanneer u zelf breekbare goederen inpakt, dan bent u niet meer verzekerd.<\/p>\n<p>Als u van plan bent om gasapparaten, zoals uw fornuis, mee te nemen, raden wij u aan om deze goederen te laten loskoppelen door een professional, zo worden de goederen losgekoppeld op basis van de voorschriften.<\/p>\n<p>Bent u van plan om uw koelkast en vriezer mee te nemen, dan is het verstandig om de apparaten 48 uur van te voren uit te zetten en de koelkast en vriezer van binnen en buiten te reinigen. Dit vermindert de kans op schimmels.<br \/>\nDe wasmachine is klaar voor vertrek als het filter leeg en droog gemaakt is.<\/p>\n<p>De elektronische apparaten die meegenomen worden, kunnen het best door uzelf ontkoppeld worden. U kunt dan zelf de draden labelen, zodat alles als \u00e9\u00e9n geheel bij elkaar blijft. Het verstandigst is om deze apparaten in de originele doos te verpakken en de batterijen uit de apparaten te verwijderen.<\/p>\n<p>Bent u van plan om fietsen, tuingereedschappen en andere tuinaccessoires mee te nemen naar Barbados, dan adviseren wij u om deze goederen grondig te reinigen. In verschillende landen worden deze goederen extra ge\u00efnspecteerd, in verband met overbrengen van plantenziektes. Plantenziektes ontstaan namelijk door verschillende soorten aarde die met elkaar in aanraking komen.<\/p>\n<p>Tenslotte adviseren wij u om van kostbare goederen foto&#8217;s te maken, dan kunt u altijd aantonen bij schade of verlies wat u in bezit had.<\/p>\n<h2>Plannen om te emigreren naar Barbados?<\/h2>\n<p>Ziet u het helemaal zitten om naar Barbados te verhuizen, maar u kunt wat hulp gebruiken voor de verhuizing? AGS KHZ \u00a0is u graag van dienst. AGS KHZ is jarenlang specialist in caribische bestemmingen. Wij nemen u \u00a0graag uw zorgenuit handen en zorgen ervoor dat al uw spullen op de door u genoemde bestemming komen. Heeft u interesse in \u00e9\u00e9n van onze diensten?<\/p>\n<h2><\/h2>\n<h2>Meer informatie over verhuizen naar Barbados<\/h2>\n<p>Wilt u ook zorgeloos verhuizen naar Barbados? Neem dan contact met ons op via:\u00a0<strong>Telefoon:<\/strong>\u00a0<span class=\"baec5a81-e4d6-4674-97f3-e9220f0136c1\">+31 (0)172 44 99 77\u00a0<\/span><strong>E-mail<\/strong>: <strong><a href=\"\/contact\/\">Contactpagina AGS KHZ<\/a>\u00a0\u00a0<\/strong>Of vraag gratis en vrijblijvend een offerte op.[\/vc_column_text][\/vc_column][\/vc_row][vc_row][vc_column][ultimate_spacer height=&#8221;20&#8243;][\/vc_column][\/vc_row][vc_row][vc_column]\n<div class=\"wpcf7 no-js\" id=\"wpcf7-f4611-o1\" lang=\"nl-NL\" dir=\"ltr\" data-wpcf7-id=\"4611\">\n<div class=\"screen-reader-response\"><p role=\"status\" aria-live=\"polite\" aria-atomic=\"true\"><\/p> <ul><\/ul><\/div>\n<form action=\"\/en\/wp-json\/wp\/v2\/pages\/1305#wpcf7-f4611-o1\" method=\"post\" class=\"wpcf7-form init\" aria-label=\"Contactformulier\" enctype=\"multipart\/form-data\" autocomplete=\"off\" novalidate=\"novalidate\" data-status=\"init\">\n<fieldset class=\"hidden-fields-container\"><input type=\"hidden\" name=\"_wpcf7\" value=\"4611\" \/><input type=\"hidden\" name=\"_wpcf7_version\" value=\"6.1.1\" \/><input type=\"hidden\" name=\"_wpcf7_locale\" value=\"nl_NL\" \/><input type=\"hidden\" name=\"_wpcf7_unit_tag\" value=\"wpcf7-f4611-o1\" \/><input type=\"hidden\" name=\"_wpcf7_container_post\" value=\"0\" \/><input type=\"hidden\" name=\"_wpcf7_posted_data_hash\" value=\"\" \/><input type=\"hidden\" name=\"_wpcf7_recaptcha_response\" value=\"\" \/>\n<\/fieldset>\n<p>&nbsp;\n<\/p>\n<p><small>Velden met een * zijn verplicht<\/small>\n<\/p>\n<p>&nbsp;\n<\/p>\n<table class=\"form\">\n\t<tr>\n\t\t<td>\n\t\t\t<p><label>Achternaam*<\/label>\n\t\t\t<\/p>\n\t\t<\/td>\n\t\t<td>\n\t\t\t<p><span class=\"wpcf7-form-control-wrap\" data-name=\"achternaam\"><input size=\"40\" maxlength=\"400\" class=\"wpcf7-form-control wpcf7-text wpcf7-validates-as-required\" aria-required=\"true\" aria-invalid=\"false\" value=\"\" type=\"text\" name=\"achternaam\" \/><\/span>\n\t\t\t<\/p>\n\t\t<\/td>\n\t<\/tr>\n\t<tr>\n\t\t<td>\n\t\t\t<p><label>Aanhef<\/label>\n\t\t\t<\/p>\n\t\t<\/td>\n\t\t<td>\n\t\t\t<p><span class=\"wpcf7-form-control-wrap\" data-name=\"aanhef\"><select class=\"wpcf7-form-control wpcf7-select\" aria-invalid=\"false\" name=\"aanhef\"><option value=\"\">&#8212;Kies een optie&#8212;<\/option><option value=\"Meneer\">Meneer<\/option><option value=\"Mevrouw\">Mevrouw<\/option><\/select><\/span>\n\t\t\t<\/p>\n\t\t<\/td>\n\t<\/tr>\n\t<tr>\n\t\t<td>\n\t\t\t<p><label>E-mailadres*<\/label>\n\t\t\t<\/p>\n\t\t<\/td>\n\t\t<td>\n\t\t\t<p><span class=\"wpcf7-form-control-wrap\" data-name=\"email\"><input size=\"40\" maxlength=\"400\" class=\"wpcf7-form-control wpcf7-email wpcf7-validates-as-required wpcf7-text wpcf7-validates-as-email\" aria-required=\"true\" aria-invalid=\"false\" value=\"\" type=\"email\" name=\"email\" \/><\/span>\n\t\t\t<\/p>\n\t\t<\/td>\n\t<\/tr>\n\t<tr>\n\t\t<td>\n\t\t\t<p><label>Telefoonnummer*<\/label>\n\t\t\t<\/p>\n\t\t<\/td>\n\t\t<td>\n\t\t\t<p><span class=\"wpcf7-form-control-wrap\" data-name=\"telefoon\"><input size=\"40\" maxlength=\"400\" class=\"wpcf7-form-control wpcf7-tel wpcf7-validates-as-required wpcf7-text wpcf7-validates-as-tel\" aria-required=\"true\" aria-invalid=\"false\" value=\"\" type=\"tel\" name=\"telefoon\" \/><\/span>\n\t\t\t<\/p>\n\t\t<\/td>\n\t<\/tr>\n\t<tr>\n\t\t<td>\n\t\t\t<p><label>Contactvoorkeur<\/label>\n\t\t\t<\/p>\n\t\t<\/td>\n\t\t<td>\n\t\t\t<p><span class=\"wpcf7-form-control-wrap\" data-name=\"contactvoorkeur\"><select class=\"wpcf7-form-control wpcf7-select wpcf7-validates-as-required\" aria-required=\"true\" aria-invalid=\"false\" name=\"contactvoorkeur\"><option value=\"\">&#8212;Kies een optie&#8212;<\/option><option value=\"Telefoon\">Telefoon<\/option><option value=\"E-mail\">E-mail<\/option><\/select><\/span>\n\t\t\t<\/p>\n\t\t<\/td>\n\t<\/tr>\n\t<tr>\n\t\t<td>\n\t\t<\/td>\n\t\t<td>\n\t\t\t<p><span class=\"showhidden\"><i class=\"fa fa-check\" aria-hidden=\"true\"><\/i>Ik wil meer informatie opgeven (de locatie en\/of periode)<\/span>\n\t\t\t<\/p>\n\t\t<\/td>\n\t<\/tr>\n\t<tr class=\"hidden\">\n\t\t<td colspan=\"2\">\n\t\t\t<p>&nbsp;\n\t\t\t<\/p>\n\t\t<\/td>\n\t<\/tr>\n\t<tr class=\"hidden\">\n\t\t<td>\n\t\t\t<p><label><strong>Adres<\/strong><\/label>\n\t\t\t<\/p>\n\t\t<\/td>\n\t\t<td>\n\t\t\t<p><span class=\"floatleft\">Van<\/span><span class=\"floatright\">Naar<\/span>\n\t\t\t<\/p>\n\t\t\t<div class=\"clear\">\n\t\t\t<\/div>\n\t\t<\/td>\n\t<\/tr>\n\t<tr class=\"hidden\">\n\t\t<td>\n\t\t\t<p><label>Straat<\/label>\n\t\t\t<\/p>\n\t\t<\/td>\n\t\t<td>\n\t\t\t<p><span class=\"wpcf7-form-control-wrap\" data-name=\"van-straat\"><input size=\"40\" maxlength=\"400\" class=\"wpcf7-form-control wpcf7-text floatleft\" aria-invalid=\"false\" value=\"\" type=\"text\" name=\"van-straat\" \/><\/span><span class=\"wpcf7-form-control-wrap\" data-name=\"naar-straat\"><input size=\"40\" maxlength=\"400\" class=\"wpcf7-form-control wpcf7-text floatright\" aria-invalid=\"false\" value=\"\" type=\"text\" name=\"naar-straat\" \/><\/span>\n\t\t\t<\/p>\n\t\t\t<div class=\"clear\">\n\t\t\t<\/div>\n\t\t<\/td>\n\t<\/tr>\n\t<tr class=\"hidden\">\n\t\t<td>\n\t\t\t<p><label>Postcode<\/label>\n\t\t\t<\/p>\n\t\t<\/td>\n\t\t<td>\n\t\t\t<p><span class=\"wpcf7-form-control-wrap\" data-name=\"van-postcode\"><input size=\"40\" maxlength=\"400\" class=\"wpcf7-form-control wpcf7-text floatleft\" aria-invalid=\"false\" value=\"\" type=\"text\" name=\"van-postcode\" \/><\/span><span class=\"wpcf7-form-control-wrap\" data-name=\"naar-postcode\"><input size=\"40\" maxlength=\"400\" class=\"wpcf7-form-control wpcf7-text floatright\" aria-invalid=\"false\" value=\"\" type=\"text\" name=\"naar-postcode\" \/><\/span>\n\t\t\t<\/p>\n\t\t\t<div class=\"clear\">\n\t\t\t<\/div>\n\t\t<\/td>\n\t<\/tr>\n\t<tr class=\"hidden\">\n\t\t<td>\n\t\t\t<p><label>Woonplaats<\/label>\n\t\t\t<\/p>\n\t\t<\/td>\n\t\t<td>\n\t\t\t<p><span class=\"wpcf7-form-control-wrap\" data-name=\"van-woonplaats\"><input size=\"40\" maxlength=\"400\" class=\"wpcf7-form-control wpcf7-text floatleft\" aria-invalid=\"false\" value=\"\" type=\"text\" name=\"van-woonplaats\" \/><\/span><span class=\"wpcf7-form-control-wrap\" data-name=\"naar-woonplaats\"><input size=\"40\" maxlength=\"400\" class=\"wpcf7-form-control wpcf7-text floatright\" aria-invalid=\"false\" value=\"\" type=\"text\" name=\"naar-woonplaats\" \/><\/span>\n\t\t\t<\/p>\n\t\t\t<div class=\"clear\">\n\t\t\t<\/div>\n\t\t<\/td>\n\t<\/tr>\n\t<tr class=\"hidden\">\n\t\t<td>\n\t\t\t<p><label>Land<\/label>\n\t\t\t<\/p>\n\t\t<\/td>\n\t\t<td>\n\t\t\t<p><span class=\"wpcf7-form-control-wrap\" data-name=\"van-land\"><input size=\"40\" maxlength=\"400\" class=\"wpcf7-form-control wpcf7-text floatleft\" aria-invalid=\"false\" value=\"\" type=\"text\" name=\"van-land\" \/><\/span><span class=\"wpcf7-form-control-wrap\" data-name=\"naar-land\"><input size=\"40\" maxlength=\"400\" class=\"wpcf7-form-control wpcf7-text floatright\" aria-invalid=\"false\" value=\"\" type=\"text\" name=\"naar-land\" \/><\/span>\n\t\t\t<\/p>\n\t\t\t<div class=\"clear\">\n\t\t\t<\/div>\n\t\t<\/td>\n\t<\/tr>\n\t<tr class=\"hidden\">\n\t\t<td>\n\t\t\t<p><label>Verhuisperiode<\/label>\n\t\t\t<\/p>\n\t\t<\/td>\n\t\t<td>\n\t\t\t<p><span class=\"wpcf7-form-control-wrap\" data-name=\"verhuisperiode\"><input size=\"40\" maxlength=\"400\" class=\"wpcf7-form-control wpcf7-text\" aria-invalid=\"false\" value=\"\" type=\"text\" name=\"verhuisperiode\" \/><\/span>\n\t\t\t<\/p>\n\t\t<\/td>\n\t<\/tr>\n\t<tr class=\"hidden\">\n\t\t<td>\n\t\t\t<p><label>Opslag gewenst<\/label>\n\t\t\t<\/p>\n\t\t<\/td>\n\t\t<td>\n\t\t\t<p><span class=\"wpcf7-form-control-wrap\" data-name=\"opslag\"><select class=\"wpcf7-form-control wpcf7-select\" aria-invalid=\"false\" name=\"opslag\"><option value=\"\">&#8212;Kies een optie&#8212;<\/option><option value=\"Ja\">Ja<\/option><option value=\"Nee\">Nee<\/option><\/select><\/span>\n\t\t\t<\/p>\n\t\t<\/td>\n\t<\/tr>\n\t<tr class=\"hidden\">\n\t\t<td colspan=\"2\">\n\t\t\t<p>&nbsp;\n\t\t\t<\/p>\n\t\t<\/td>\n\t<\/tr>\n\t<tr class=\"hidden\">\n\t\t<td>\n\t\t\t<p><label><strong>Inboedel<\/strong><\/label>\n\t\t\t<\/p>\n\t\t<\/td>\n\t\t<td>\n\t\t\t<p><span><em>Indien u een lijst heeft van de te verhuizen goederen kunt u deze...<\/em><\/span>\n\t\t\t<\/p>\n\t\t<\/td>\n\t<\/tr>\n\t<tr class=\"hidden\">\n\t\t<td>\n\t\t\t<p><label>A. hier uploaden<\/label>\n\t\t\t<\/p>\n\t\t<\/td>\n\t\t<td>\n\t\t\t<p><span class=\"wpcf7-form-control-wrap\" data-name=\"inboedel-bestand\"><input size=\"40\" class=\"wpcf7-form-control wpcf7-file\" accept=\".jpg,.jpeg,.png,.gif,.pdf,.doc,.docx,.ppt,.pptx,.txt,.xls,.xlsx,.odt,.ods\" aria-invalid=\"false\" type=\"file\" name=\"inboedel-bestand\" \/><\/span>\n\t\t\t<\/p>\n\t\t<\/td>\n\t<\/tr>\n\t<tr class=\"hidden\">\n\t\t<td>\n\t\t\t<p><label>B. naar dit veld kopi\u00ebren<\/label>\n\t\t\t<\/p>\n\t\t\t<p>&nbsp;\n\t\t\t<\/p>\n\t\t\t<p><span><em>Door een duidelijk inzicht in uw inboedel zijn wij in staat een betere prijsindicatie af te geven.<\/em><\/span>\n\t\t\t<\/p>\n\t\t<\/td>\n\t\t<td>\n\t\t\t<p><span class=\"wpcf7-form-control-wrap\" data-name=\"inboedel\"><textarea cols=\"40\" rows=\"10\" maxlength=\"2000\" class=\"wpcf7-form-control wpcf7-textarea\" aria-invalid=\"false\" name=\"inboedel\"><\/textarea><\/span>\n\t\t\t<\/p>\n\t\t<\/td>\n\t<\/tr>\n\t<tr class=\"hidden\">\n\t\t<td colspan=\"2\">\n\t\t\t<p>&nbsp;\n\t\t\t<\/p>\n\t\t<\/td>\n\t<\/tr>\n\t<tr class=\"hidden\">\n\t<\/tr>\n\t<tr class=\"hidden\">\n\t\t<td colspan=\"2\">\n\t\t\t<p>&nbsp;\n\t\t\t<\/p>\n\t\t<\/td>\n\t<\/tr>\n\t<tr>\n\t\t<td>\n\t\t<\/td>\n\t\t<td>\n\t\t\t<p><span class=\"wpcf7-form-control-wrap\" data-name=\"gdpr\"><span class=\"wpcf7-form-control wpcf7-acceptance\"><span class=\"wpcf7-list-item\"><label><input type=\"checkbox\" name=\"gdpr\" value=\"1\" aria-invalid=\"false\" \/><span class=\"wpcf7-list-item-label\">Wanneer je dit formulier gebruikt, ga je akkoord met de opslag en verwerking van jouw gegevens door deze website.<\/span><\/label><\/span><\/span><\/span>\n\t\t\t<\/p>\n\t\t\t<div>\n\t\t\t<span class=\"wpcf7-form-control-wrap recaptcha\" data-name=\"recaptcha\"><span data-sitekey=\"6LcumtsaAAAAAGg4bRhXi_1rsHw2_0I6H_xCdyMj\" class=\"wpcf7-form-control wpcf7-recaptcha g-recaptcha\"><\/span>\r\n<noscript>\r\n\t<div class=\"grecaptcha-noscript\">\r\n\t\t<iframe loading=\"lazy\" src=\"https:\/\/www.google.com\/recaptcha\/api\/fallback?k=6LcumtsaAAAAAGg4bRhXi_1rsHw2_0I6H_xCdyMj\" frameborder=\"0\" scrolling=\"no\" width=\"310\" height=\"430\">\r\n\t\t<\/iframe>\r\n\t\t<textarea name=\"g-recaptcha-response\" rows=\"3\" cols=\"40\" placeholder=\"reCaptcha antwoord hier\">\r\n\t\t<\/textarea>\r\n\t<\/div>\r\n<\/noscript>\r\n<\/span>\n\t\t\t<\/div>\n\t\t\t<p>&nbsp;<br \/>\n<input class=\"wpcf7-form-control wpcf7-submit has-spinner\" type=\"submit\" value=\"Aanvraag versturen\" \/><span class=\"cta\">Binnen een werkdag ontvangt u een reactie van ons.<\/span>\n\t\t\t<\/p>\n\t\t\t<div class=\"clear\">\n\t\t\t<\/div>\n\t\t<\/td>\n\t<\/tr>\n<\/table>\n<p><script>\njQuery(window).load(function() {\n jQuery('table.form .showhidden').click(function() {\n jQuery(this).toggleClass('active');\n jQuery('table.form .hidden').toggleClass('active');\n });\nif ( jQuery('.wpcf7-form').hasClass('sent') ){\n gtag('event', 'conversion', {'send_to': 'AW-825574687\/1b2ZCKqr9nkQn4rViQM'});\n}\n});\n<\/script>\n<\/p><div class=\"wpcf7-response-output\" aria-hidden=\"true\"><\/div>\n<\/form>\n<\/div>\n[\/vc_column][\/vc_row][\/et_pb_text][\/et_pb_column][\/et_pb_row][\/et_pb_section]<\/p>\n","protected":false},"excerpt":{"rendered":"<p><div class=\"et_pb_section et_pb_section_0 et_section_regular\" >\n\t\t\t\t\n\t\t\t\t\n\t\t\t\t\n\t\t\t\t\n\t\t\t\t\n\t\t\t\t\n\t\t\t\t\n\t\t\t\t\n\t\t\t\t\n\t\t\t<\/div><div class=\"et_pb_row et_pb_row_0 et_pb_row_empty\">\n\t\t\t\t\n\t\t\t\t\n\t\t\t\t\n\t\t\t\t\n\t\t\t\t\n\t\t\t<\/div><div class=\"et_pb_module et_pb_text et_pb_text_0  et_pb_text_align_left et_pb_bg_layout_light\">\n\t\t\t\t\n\t\t\t\t\n\t\t\t\t\n\t\t\t\t\n\t\t\t\t\n\t\t\t<\/div>[vc_row][vc_column][vc_column_text] Emigreren naar Barbados Emigreren naar Barbados is een van de specialiteiten van AGS KHZ. Met onze lokale partner in het Caribisch gebied, Meyer Moving,\u00a0 verzorgen wij vanuit Nederland of Europa uw verhuizing, en zorgen wij in de Kleine Antillen, waar Barbados deel vanuit maakt, dat alles op een Nederlandse en degelijke wijze wordt afgehandeld. [&hellip;]<\/p>\n","protected":false},"author":32,"featured_media":0,"parent":0,"menu_order":0,"comment_status":"closed","ping_status":"open","template":"","meta":{"_et_pb_use_builder":"on","_et_pb_old_content":"","_et_gb_content_width":"","footnotes":""},"class_list":["post-1305","page","type-page","status-publish","hentry"],"_links":{"self":[{"href":"https:\/\/staging.khz-movers.com\/en\/wp-json\/wp\/v2\/pages\/1305","targetHints":{"allow":["GET"]}}],"collection":[{"href":"https:\/\/staging.khz-movers.com\/en\/wp-json\/wp\/v2\/pages"}],"about":[{"href":"https:\/\/staging.khz-movers.com\/en\/wp-json\/wp\/v2\/types\/page"}],"author":[{"embeddable":true,"href":"https:\/\/staging.khz-movers.com\/en\/wp-json\/wp\/v2\/users\/32"}],"replies":[{"embeddable":true,"href":"https:\/\/staging.khz-movers.com\/en\/wp-json\/wp\/v2\/comments?post=1305"}],"version-history":[{"count":0,"href":"https:\/\/staging.khz-movers.com\/en\/wp-json\/wp\/v2\/pages\/1305\/revisions"}],"wp:attachment":[{"href":"https:\/\/staging.khz-movers.com\/en\/wp-json\/wp\/v2\/media?parent=1305"}],"curies":[{"name":"wp","href":"https:\/\/api.w.org\/{rel}","templated":true}]}}