{"id":1307,"date":"2015-12-03T10:37:45","date_gmt":"2015-12-03T09:37:45","guid":{"rendered":"https:\/\/staging.khz-movers.com\/private\/international\/country-information\/emigreren-naar-bonaire\/?lang=en"},"modified":"2024-10-10T13:52:54","modified_gmt":"2024-10-10T11:52:54","slug":"emigreren-naar-bonaire","status":"publish","type":"page","link":"https:\/\/staging.khz-movers.com\/en\/private\/country-information\/emigreren-naar-bonaire\/","title":{"rendered":"Verhuizen naar Bonaire"},"content":{"rendered":"<p>[et_pb_section][et_pb_row][et_pb_column type=&#8221;4_4&#8243;][et_pb_text][vc_row][vc_column][vc_column_text]<\/p>\n<h1>Verhuizen naar Bonaire<\/h1>\n<p>Als u gaat verhuizen\u00a0naar Bonaire kunt u daar veel toeristen en duikers tegenkomen. Bonaire is een echt toeristisch eiland en de duikers worden aangetrokken door de onderwater natuurreservaten. De onderwater natuurreservaten zijn, op Bonaire, \u00e9\u00e9n van de mooiste ter wereld! AGS KHZ is uw ideale partner voor uw emigratie naar het buitenland\u00a0en regelt alles omtrent uw verhuizing naar Bonaire.<\/p>\n<p><img loading=\"lazy\" decoding=\"async\" class=\"alignnone wp-image-386 size-full\" src=\"https:\/\/www.khz-movers.com\/wp-content\/uploads\/2015\/12\/emigreren-naar-bonaire-HQ.png\" alt=\"Verhuizen naar Bonaire\" width=\"800\" height=\"211\" srcset=\"https:\/\/staging.khz-movers.com\/wp-content\/uploads\/2015\/12\/emigreren-naar-bonaire-HQ.png 800w, https:\/\/staging.khz-movers.com\/wp-content\/uploads\/2015\/12\/emigreren-naar-bonaire-HQ-300x79.png 300w\" sizes=\"(max-width: 800px) 100vw, 800px\" \/><\/p>\n<h2><a id=\"informatie-over-bonaire\"><\/a>Algemene informatie voor het verhuizen naar Bonaire<\/h2>\n<h4 class=\"height-10\"><em>Geografie<\/em><\/h4>\n<p>Bonaire is \u00e9\u00e9n van de zes eilanden van de Nederlandse Antillen. Bonaire wordt ook wel \u00e9\u00e9n van de ABC-eilanden genoemd. Het eiland heeft een oppervlakte van 288 km\u00b2 en telt 17.408 inwoners. De hoofdstad van dit eiland is Kralendijk.<\/p>\n<p>&nbsp;<\/p>\n<h4 class=\"height-10\"><em>Bevolking<\/em><\/h4>\n<p>De bewoners van dit eiland zijn afkomstig uit Aruba, Cura\u00e7ao, Nederland, Dominicaanse Republiek, Venezuela en Colombia, maar de oorspronkelijke bewoners stammen af van de indianen.<br \/>\nBonaire is een gelovig eiland. De bewoners zijn voornamelijk rooms-katholiek.<\/p>\n<p>&nbsp;<\/p>\n<h4 class=\"height-10\"><em>Taal<\/em><\/h4>\n<p>De talen die de bewoners van Bonaire spreken zijn Nederlands en Papiaments. Papiaments is een taal die gebaseerd is op het Portugees, maar die Nederlandse, Spaanse, Engelse en Afrikaanse invloeden heeft. Een klein deel van de bevolking spreekt Engels en Spaans.<\/p>\n<p>&nbsp;<\/p>\n<h4 class=\"height-10\"><em>Klimaat<\/em><\/h4>\n<p>Bonaire heeft een tropisch klimaat. De temperaturen zijn het gehele jaar door constant en zijn op de dag ongeveer 30\u00b0C. De nachttemperaturen verschillen weinig met de dagtemperaturen en zijn tussen de 23\u00b0C en 25\u00b0C.<br \/>\nHet zeewater is gemiddeld het hele jaar door 27\u00b0C, dit is gunstig als u niet van koud zeewater houdt. Echter heeft dit eiland een regenperiode. De regenperiode is van oktober tot januari.<br \/>\nVanaf juni tot december kunnen orkanen en tropische stormen op dit eiland plaats vinden, maar dit is minimaal door de gunstige ligging van Bonaire in het Caribische gebied.<\/p>\n<p>&nbsp;<\/p>\n<h4 class=\"height-10\"><em>Elektriciteit<\/em><\/h4>\n<p>De elektriciteit bedraagt op Bonaire zo&#8217;n 127 Volt. In Nederland heeft de elektriciteit een voltage van 220. De elektronische apparaten moeten in voltage verlaagd worden, dit kan met behulp van adapters of wereld stekkers.<\/p>\n<h2><a id=\"informatie-voor-verhuizen-naar-bonaire\"><\/a>Verhuizersinformatie verhuizen naar Bonaire<\/h2>\n<h4 class=\"height-10\"><em>Verklaring van Rechtswege<\/em><\/h4>\n<p>Bij het verhuizen naar Bonaire, om te wonen of werken, moet u een Verklaring van Rechtswege aanvragen.<\/p>\n<p>&nbsp;<\/p>\n<h4 class=\"height-10\"><em>Huisvesting<\/em><\/h4>\n<p>Als u een huis wil gaan kopen of bouwen op Bonaire bij het <span style=\"color: #b02b08;\"><a href=\"\/particulier\/internationaal-verhuizen\/\">emigreren naar het buitenland<\/a><\/span>, kunt u het beste contact opnemen met het Bonairiaanse Domeeinbeheer (DROB). Er zijn ook verschillende websites die informatie bieden over huizen in Bonaire. E\u00e9n zo&#8217;n website is: <span style=\"color: #b02b08;\"><a title=\"Verhuizen naar Bonaire\" href=\"http:\/\/www.cuanto.nl\/nl\/\" target=\"_blank\" rel=\"noopener\">Cuanto &#8211; Huis op Bonaire<\/a><\/span>.<\/p>\n<p>&nbsp;<\/p>\n<h4 class=\"height-10\"><em>Onderwijs<\/em><\/h4>\n<p>Bonaire biedt een aantal publieke basisscholen en \u00e9\u00e9n priv\u00e9 school. Deze priv\u00e9 school biedt Nederlandstalig onderwijs. Op Bonaire is er \u00e9\u00e9n priv\u00e9 middelbare school en \u00e9\u00e9n openbare middelbare school. Deze middelbare scholen bieden Nederlandstalig en Papiaments onderwijs. Er zijn twee universiteiten die zich specialiseren op geneeskunde.<\/p>\n<h2><a id=\"algemene-verhuisinformatie\"><\/a>Algemene verhuisinformatie verhuizen naar Bonaire<\/h2>\n<h4 class=\"height-10\"><em>Verscheeptijd<\/em><\/h4>\n<p>&nbsp;<\/p>\n<h4 class=\"height-10\"><em>Gevaarlijke goederen<\/em><\/h4>\n<p>Er zijn een aantal goederen die u niet meekunt nemen naar uw emigratieland. Deze goederen kunnen gevaarlijk zijn. De volgende goederen worden niet geaccepteerd voor verzending:<\/p>\n<ul>\n<li>Brandbare vloeistoffen, zoals alcohol en reinigingsmiddelen;<\/li>\n<li>ontvlambare stoffen, zoals lucifers, houtskool\/briketten en verf;<\/li>\n<li>corroderende middelen, zoals zuren, bleekmiddelen en batterijen;<\/li>\n<li>samengeperste gassen, zoals spuitbussen en brandblussers;<\/li>\n<li>explosieven, zoals vuurwerk, wapens en munitie.<\/li>\n<\/ul>\n<p>&nbsp;<\/p>\n<h4 class=\"height-10\"><em>Goederen die u wilt meenemen<\/em><\/h4>\n<p>Wij bieden u tips als het om goederen gaat die u eventueel wilt meenemen.<\/p>\n<p>Goederen die aan plafonds, vloeren of wanden gevestigd zijn moeten van te voren al van de plafonds, vloeren of wanden gehaald zijn. Apparaten die op gas leven, zoals uw fornuis, moeten door een professional losgekoppeld worden.<\/p>\n<p>Wilt u uw koelkast en vriezer meenemen, dan moet u deze eerst van binnen en buiten reinigen. Daarna moeten deze apparaten 48 uur van te voren uitgezet worden.<br \/>\nBent u ook van plan om uw wasmachine mee te nemen, dan is het noodzakelijk dat u het filter, de avond van te voren, leeg en droog maakt.<\/p>\n<p>Als u van plan bent om elektronische apparaten mee te nemen naar Bonaire, dan adviseren wij om zelf de apparaten te ontkoppelen, de kabels te labelen en de apparaten in de originele dozen te verpakken.<\/p>\n<p>Daarnaast is het belangrijk om de batterijen uit de apparaten te verwijderen, want batterijen mogen niet verscheept worden.<\/p>\n<p>Bent u van plan om fietsen, tuingereedschap, bloempatten en de barbecue mee te nemen, dan raden wij u aan om deze grondig te reinigen. In verschillende landen vindt op deze goederen een extra inspectie plaats, omdat deze goederen plantenziektes mee kunnen brengen. Plantenziektes ontstaan namelijk als verschillende soorten aarde met elkaar in aanraking komen.<\/p>\n<p>E\u00e9n van onze belangrijkste en laatste tip, bij <strong>emigreren naar het buitenland<a href=\"https:\/\/www.khz-movers.com\/dutch\/particulier\/internationaal-overzees-verhuizen\"><span style=\"color: #cc0100;\">\u00a0<\/span><\/a><\/strong>, is om foto&#8217;s te maken van uw waardevolle en kostbare goederen. Dit is belangrijk voor het geval er schade opgetreden is.<\/p>\n<p>&nbsp;<\/p>\n<h4 class=\"height-10\"><em>Douane<\/em><\/h4>\n<p>De douane van de Nederlandse Antillen controleert uw goederen bij aankomst. De goederen moeten dan aan een aantal eisen voldoen. <span style=\"color: #b02b08;\"><a title=\"Verhuizen naar curacao - import documenten\" href=\"\/wp-content\/uploads\/2015\/12\/import-documenten-2009.pdf\" target=\"_blank\" rel=\"noopener\">Lees meer informatie over deze eisen.<\/a><\/span><\/p>\n<h2><a id=\"plannen-om-te-verhuizen-naar-bonaire\"><\/a>Plannen om te verhuizen naar Bonaire?<\/h2>\n<p>Heeft u plannen om naar Bonaire te verhuizen en heeft u teveel zorgen of alles wel goed geregeld wordt, dan bent u op het juiste adres bij AGS KHZ. Wij nemen al uw zorgen uit handen.<\/p>\n<p>&nbsp;<\/p>\n<h2>Meer informatie over emigreren naar Bonaire<\/h2>\n<p>Wilt u ook zorgeloos verhuizen naar Bonaire? Neem dan contact met ons op via:\u00a0<strong>Telefoon:<\/strong>\u00a0<span class=\"baec5a81-e4d6-4674-97f3-e9220f0136c1\">+31 (0)172 44 99 77 of vraag via onderstaand formulier een offerte aan.<\/span>[\/vc_column_text][\/vc_column][\/vc_row][vc_row][vc_column]\n<div class=\"wpcf7 no-js\" id=\"wpcf7-f4611-o1\" lang=\"nl-NL\" dir=\"ltr\" data-wpcf7-id=\"4611\">\n<div class=\"screen-reader-response\"><p role=\"status\" aria-live=\"polite\" aria-atomic=\"true\"><\/p> <ul><\/ul><\/div>\n<form action=\"\/en\/wp-json\/wp\/v2\/pages\/1307#wpcf7-f4611-o1\" method=\"post\" class=\"wpcf7-form init\" aria-label=\"Contactformulier\" enctype=\"multipart\/form-data\" autocomplete=\"off\" novalidate=\"novalidate\" data-status=\"init\">\n<fieldset class=\"hidden-fields-container\"><input type=\"hidden\" name=\"_wpcf7\" value=\"4611\" \/><input type=\"hidden\" name=\"_wpcf7_version\" value=\"6.1.1\" \/><input type=\"hidden\" name=\"_wpcf7_locale\" value=\"nl_NL\" \/><input type=\"hidden\" name=\"_wpcf7_unit_tag\" value=\"wpcf7-f4611-o1\" \/><input type=\"hidden\" name=\"_wpcf7_container_post\" value=\"0\" \/><input type=\"hidden\" name=\"_wpcf7_posted_data_hash\" value=\"\" \/><input type=\"hidden\" name=\"_wpcf7_recaptcha_response\" value=\"\" \/>\n<\/fieldset>\n<p>&nbsp;\n<\/p>\n<p><small>Velden met een * zijn verplicht<\/small>\n<\/p>\n<p>&nbsp;\n<\/p>\n<table class=\"form\">\n\t<tr>\n\t\t<td>\n\t\t\t<p><label>Achternaam*<\/label>\n\t\t\t<\/p>\n\t\t<\/td>\n\t\t<td>\n\t\t\t<p><span class=\"wpcf7-form-control-wrap\" data-name=\"achternaam\"><input size=\"40\" maxlength=\"400\" class=\"wpcf7-form-control wpcf7-text wpcf7-validates-as-required\" aria-required=\"true\" aria-invalid=\"false\" value=\"\" type=\"text\" name=\"achternaam\" \/><\/span>\n\t\t\t<\/p>\n\t\t<\/td>\n\t<\/tr>\n\t<tr>\n\t\t<td>\n\t\t\t<p><label>Aanhef<\/label>\n\t\t\t<\/p>\n\t\t<\/td>\n\t\t<td>\n\t\t\t<p><span class=\"wpcf7-form-control-wrap\" data-name=\"aanhef\"><select class=\"wpcf7-form-control wpcf7-select\" aria-invalid=\"false\" name=\"aanhef\"><option value=\"\">&#8212;Kies een optie&#8212;<\/option><option value=\"Meneer\">Meneer<\/option><option value=\"Mevrouw\">Mevrouw<\/option><\/select><\/span>\n\t\t\t<\/p>\n\t\t<\/td>\n\t<\/tr>\n\t<tr>\n\t\t<td>\n\t\t\t<p><label>E-mailadres*<\/label>\n\t\t\t<\/p>\n\t\t<\/td>\n\t\t<td>\n\t\t\t<p><span class=\"wpcf7-form-control-wrap\" data-name=\"email\"><input size=\"40\" maxlength=\"400\" class=\"wpcf7-form-control wpcf7-email wpcf7-validates-as-required wpcf7-text wpcf7-validates-as-email\" aria-required=\"true\" aria-invalid=\"false\" value=\"\" type=\"email\" name=\"email\" \/><\/span>\n\t\t\t<\/p>\n\t\t<\/td>\n\t<\/tr>\n\t<tr>\n\t\t<td>\n\t\t\t<p><label>Telefoonnummer*<\/label>\n\t\t\t<\/p>\n\t\t<\/td>\n\t\t<td>\n\t\t\t<p><span class=\"wpcf7-form-control-wrap\" data-name=\"telefoon\"><input size=\"40\" maxlength=\"400\" class=\"wpcf7-form-control wpcf7-tel wpcf7-validates-as-required wpcf7-text wpcf7-validates-as-tel\" aria-required=\"true\" aria-invalid=\"false\" value=\"\" type=\"tel\" name=\"telefoon\" \/><\/span>\n\t\t\t<\/p>\n\t\t<\/td>\n\t<\/tr>\n\t<tr>\n\t\t<td>\n\t\t\t<p><label>Contactvoorkeur<\/label>\n\t\t\t<\/p>\n\t\t<\/td>\n\t\t<td>\n\t\t\t<p><span class=\"wpcf7-form-control-wrap\" data-name=\"contactvoorkeur\"><select class=\"wpcf7-form-control wpcf7-select wpcf7-validates-as-required\" aria-required=\"true\" aria-invalid=\"false\" name=\"contactvoorkeur\"><option value=\"\">&#8212;Kies een optie&#8212;<\/option><option value=\"Telefoon\">Telefoon<\/option><option value=\"E-mail\">E-mail<\/option><\/select><\/span>\n\t\t\t<\/p>\n\t\t<\/td>\n\t<\/tr>\n\t<tr>\n\t\t<td>\n\t\t<\/td>\n\t\t<td>\n\t\t\t<p><span class=\"showhidden\"><i class=\"fa fa-check\" aria-hidden=\"true\"><\/i>Ik wil meer informatie opgeven (de locatie en\/of periode)<\/span>\n\t\t\t<\/p>\n\t\t<\/td>\n\t<\/tr>\n\t<tr class=\"hidden\">\n\t\t<td colspan=\"2\">\n\t\t\t<p>&nbsp;\n\t\t\t<\/p>\n\t\t<\/td>\n\t<\/tr>\n\t<tr class=\"hidden\">\n\t\t<td>\n\t\t\t<p><label><strong>Adres<\/strong><\/label>\n\t\t\t<\/p>\n\t\t<\/td>\n\t\t<td>\n\t\t\t<p><span class=\"floatleft\">Van<\/span><span class=\"floatright\">Naar<\/span>\n\t\t\t<\/p>\n\t\t\t<div class=\"clear\">\n\t\t\t<\/div>\n\t\t<\/td>\n\t<\/tr>\n\t<tr class=\"hidden\">\n\t\t<td>\n\t\t\t<p><label>Straat<\/label>\n\t\t\t<\/p>\n\t\t<\/td>\n\t\t<td>\n\t\t\t<p><span class=\"wpcf7-form-control-wrap\" data-name=\"van-straat\"><input size=\"40\" maxlength=\"400\" class=\"wpcf7-form-control wpcf7-text floatleft\" aria-invalid=\"false\" value=\"\" type=\"text\" name=\"van-straat\" \/><\/span><span class=\"wpcf7-form-control-wrap\" data-name=\"naar-straat\"><input size=\"40\" maxlength=\"400\" class=\"wpcf7-form-control wpcf7-text floatright\" aria-invalid=\"false\" value=\"\" type=\"text\" name=\"naar-straat\" \/><\/span>\n\t\t\t<\/p>\n\t\t\t<div class=\"clear\">\n\t\t\t<\/div>\n\t\t<\/td>\n\t<\/tr>\n\t<tr class=\"hidden\">\n\t\t<td>\n\t\t\t<p><label>Postcode<\/label>\n\t\t\t<\/p>\n\t\t<\/td>\n\t\t<td>\n\t\t\t<p><span class=\"wpcf7-form-control-wrap\" data-name=\"van-postcode\"><input size=\"40\" maxlength=\"400\" class=\"wpcf7-form-control wpcf7-text floatleft\" aria-invalid=\"false\" value=\"\" type=\"text\" name=\"van-postcode\" \/><\/span><span class=\"wpcf7-form-control-wrap\" data-name=\"naar-postcode\"><input size=\"40\" maxlength=\"400\" class=\"wpcf7-form-control wpcf7-text floatright\" aria-invalid=\"false\" value=\"\" type=\"text\" name=\"naar-postcode\" \/><\/span>\n\t\t\t<\/p>\n\t\t\t<div class=\"clear\">\n\t\t\t<\/div>\n\t\t<\/td>\n\t<\/tr>\n\t<tr class=\"hidden\">\n\t\t<td>\n\t\t\t<p><label>Woonplaats<\/label>\n\t\t\t<\/p>\n\t\t<\/td>\n\t\t<td>\n\t\t\t<p><span class=\"wpcf7-form-control-wrap\" data-name=\"van-woonplaats\"><input size=\"40\" maxlength=\"400\" class=\"wpcf7-form-control wpcf7-text floatleft\" aria-invalid=\"false\" value=\"\" type=\"text\" name=\"van-woonplaats\" \/><\/span><span class=\"wpcf7-form-control-wrap\" data-name=\"naar-woonplaats\"><input size=\"40\" maxlength=\"400\" class=\"wpcf7-form-control wpcf7-text floatright\" aria-invalid=\"false\" value=\"\" type=\"text\" name=\"naar-woonplaats\" \/><\/span>\n\t\t\t<\/p>\n\t\t\t<div class=\"clear\">\n\t\t\t<\/div>\n\t\t<\/td>\n\t<\/tr>\n\t<tr class=\"hidden\">\n\t\t<td>\n\t\t\t<p><label>Land<\/label>\n\t\t\t<\/p>\n\t\t<\/td>\n\t\t<td>\n\t\t\t<p><span class=\"wpcf7-form-control-wrap\" data-name=\"van-land\"><input size=\"40\" maxlength=\"400\" class=\"wpcf7-form-control wpcf7-text floatleft\" aria-invalid=\"false\" value=\"\" type=\"text\" name=\"van-land\" \/><\/span><span class=\"wpcf7-form-control-wrap\" data-name=\"naar-land\"><input size=\"40\" maxlength=\"400\" class=\"wpcf7-form-control wpcf7-text floatright\" aria-invalid=\"false\" value=\"\" type=\"text\" name=\"naar-land\" \/><\/span>\n\t\t\t<\/p>\n\t\t\t<div class=\"clear\">\n\t\t\t<\/div>\n\t\t<\/td>\n\t<\/tr>\n\t<tr class=\"hidden\">\n\t\t<td>\n\t\t\t<p><label>Verhuisperiode<\/label>\n\t\t\t<\/p>\n\t\t<\/td>\n\t\t<td>\n\t\t\t<p><span class=\"wpcf7-form-control-wrap\" data-name=\"verhuisperiode\"><input size=\"40\" maxlength=\"400\" class=\"wpcf7-form-control wpcf7-text\" aria-invalid=\"false\" value=\"\" type=\"text\" name=\"verhuisperiode\" \/><\/span>\n\t\t\t<\/p>\n\t\t<\/td>\n\t<\/tr>\n\t<tr class=\"hidden\">\n\t\t<td>\n\t\t\t<p><label>Opslag gewenst<\/label>\n\t\t\t<\/p>\n\t\t<\/td>\n\t\t<td>\n\t\t\t<p><span class=\"wpcf7-form-control-wrap\" data-name=\"opslag\"><select class=\"wpcf7-form-control wpcf7-select\" aria-invalid=\"false\" name=\"opslag\"><option value=\"\">&#8212;Kies een optie&#8212;<\/option><option value=\"Ja\">Ja<\/option><option value=\"Nee\">Nee<\/option><\/select><\/span>\n\t\t\t<\/p>\n\t\t<\/td>\n\t<\/tr>\n\t<tr class=\"hidden\">\n\t\t<td colspan=\"2\">\n\t\t\t<p>&nbsp;\n\t\t\t<\/p>\n\t\t<\/td>\n\t<\/tr>\n\t<tr class=\"hidden\">\n\t\t<td>\n\t\t\t<p><label><strong>Inboedel<\/strong><\/label>\n\t\t\t<\/p>\n\t\t<\/td>\n\t\t<td>\n\t\t\t<p><span><em>Indien u een lijst heeft van de te verhuizen goederen kunt u deze...<\/em><\/span>\n\t\t\t<\/p>\n\t\t<\/td>\n\t<\/tr>\n\t<tr class=\"hidden\">\n\t\t<td>\n\t\t\t<p><label>A. hier uploaden<\/label>\n\t\t\t<\/p>\n\t\t<\/td>\n\t\t<td>\n\t\t\t<p><span class=\"wpcf7-form-control-wrap\" data-name=\"inboedel-bestand\"><input size=\"40\" class=\"wpcf7-form-control wpcf7-file\" accept=\".jpg,.jpeg,.png,.gif,.pdf,.doc,.docx,.ppt,.pptx,.txt,.xls,.xlsx,.odt,.ods\" aria-invalid=\"false\" type=\"file\" name=\"inboedel-bestand\" \/><\/span>\n\t\t\t<\/p>\n\t\t<\/td>\n\t<\/tr>\n\t<tr class=\"hidden\">\n\t\t<td>\n\t\t\t<p><label>B. naar dit veld kopi\u00ebren<\/label>\n\t\t\t<\/p>\n\t\t\t<p>&nbsp;\n\t\t\t<\/p>\n\t\t\t<p><span><em>Door een duidelijk inzicht in uw inboedel zijn wij in staat een betere prijsindicatie af te geven.<\/em><\/span>\n\t\t\t<\/p>\n\t\t<\/td>\n\t\t<td>\n\t\t\t<p><span class=\"wpcf7-form-control-wrap\" data-name=\"inboedel\"><textarea cols=\"40\" rows=\"10\" maxlength=\"2000\" class=\"wpcf7-form-control wpcf7-textarea\" aria-invalid=\"false\" name=\"inboedel\"><\/textarea><\/span>\n\t\t\t<\/p>\n\t\t<\/td>\n\t<\/tr>\n\t<tr class=\"hidden\">\n\t\t<td colspan=\"2\">\n\t\t\t<p>&nbsp;\n\t\t\t<\/p>\n\t\t<\/td>\n\t<\/tr>\n\t<tr class=\"hidden\">\n\t<\/tr>\n\t<tr class=\"hidden\">\n\t\t<td colspan=\"2\">\n\t\t\t<p>&nbsp;\n\t\t\t<\/p>\n\t\t<\/td>\n\t<\/tr>\n\t<tr>\n\t\t<td>\n\t\t<\/td>\n\t\t<td>\n\t\t\t<p><span class=\"wpcf7-form-control-wrap\" data-name=\"gdpr\"><span class=\"wpcf7-form-control wpcf7-acceptance\"><span class=\"wpcf7-list-item\"><label><input type=\"checkbox\" name=\"gdpr\" value=\"1\" aria-invalid=\"false\" \/><span class=\"wpcf7-list-item-label\">Wanneer je dit formulier gebruikt, ga je akkoord met de opslag en verwerking van jouw gegevens door deze website.<\/span><\/label><\/span><\/span><\/span>\n\t\t\t<\/p>\n\t\t\t<div>\n\t\t\t<span class=\"wpcf7-form-control-wrap recaptcha\" data-name=\"recaptcha\"><span data-sitekey=\"6LcumtsaAAAAAGg4bRhXi_1rsHw2_0I6H_xCdyMj\" class=\"wpcf7-form-control wpcf7-recaptcha g-recaptcha\"><\/span>\r\n<noscript>\r\n\t<div class=\"grecaptcha-noscript\">\r\n\t\t<iframe loading=\"lazy\" src=\"https:\/\/www.google.com\/recaptcha\/api\/fallback?k=6LcumtsaAAAAAGg4bRhXi_1rsHw2_0I6H_xCdyMj\" frameborder=\"0\" scrolling=\"no\" width=\"310\" height=\"430\">\r\n\t\t<\/iframe>\r\n\t\t<textarea name=\"g-recaptcha-response\" rows=\"3\" cols=\"40\" placeholder=\"reCaptcha antwoord hier\">\r\n\t\t<\/textarea>\r\n\t<\/div>\r\n<\/noscript>\r\n<\/span>\n\t\t\t<\/div>\n\t\t\t<p>&nbsp;<br \/>\n<input class=\"wpcf7-form-control wpcf7-submit has-spinner\" type=\"submit\" value=\"Aanvraag versturen\" \/><span class=\"cta\">Binnen een werkdag ontvangt u een reactie van ons.<\/span>\n\t\t\t<\/p>\n\t\t\t<div class=\"clear\">\n\t\t\t<\/div>\n\t\t<\/td>\n\t<\/tr>\n<\/table>\n<p><script>\njQuery(window).load(function() {\n jQuery('table.form .showhidden').click(function() {\n jQuery(this).toggleClass('active');\n jQuery('table.form .hidden').toggleClass('active');\n });\nif ( jQuery('.wpcf7-form').hasClass('sent') ){\n gtag('event', 'conversion', {'send_to': 'AW-825574687\/1b2ZCKqr9nkQn4rViQM'});\n}\n});\n<\/script>\n<\/p><div class=\"wpcf7-response-output\" aria-hidden=\"true\"><\/div>\n<\/form>\n<\/div>\n[\/vc_column][\/vc_row][\/et_pb_text][\/et_pb_column][\/et_pb_row][\/et_pb_section]<\/p>\n","protected":false},"excerpt":{"rendered":"<p><div class=\"et_pb_section et_pb_section_0 et_section_regular\" >\n\t\t\t\t\n\t\t\t\t\n\t\t\t\t\n\t\t\t\t\n\t\t\t\t\n\t\t\t\t\n\t\t\t\t\n\t\t\t\t\n\t\t\t\t\n\t\t\t<\/div><div class=\"et_pb_row et_pb_row_0 et_pb_row_empty\">\n\t\t\t\t\n\t\t\t\t\n\t\t\t\t\n\t\t\t\t\n\t\t\t\t\n\t\t\t<\/div><div class=\"et_pb_module et_pb_text et_pb_text_0  et_pb_text_align_left et_pb_bg_layout_light\">\n\t\t\t\t\n\t\t\t\t\n\t\t\t\t\n\t\t\t\t\n\t\t\t\t\n\t\t\t<\/div>[vc_row][vc_column][vc_column_text] Verhuizen naar Bonaire Als u gaat verhuizen\u00a0naar Bonaire kunt u daar veel toeristen en duikers tegenkomen. Bonaire is een echt toeristisch eiland en de duikers worden aangetrokken door de onderwater natuurreservaten. De onderwater natuurreservaten zijn, op Bonaire, \u00e9\u00e9n van de mooiste ter wereld! AGS KHZ is uw ideale partner voor uw emigratie naar het [&hellip;]<\/p>\n","protected":false},"author":32,"featured_media":0,"parent":608,"menu_order":0,"comment_status":"closed","ping_status":"closed","template":"","meta":{"_et_pb_use_builder":"on","_et_pb_old_content":"","_et_gb_content_width":"","footnotes":""},"class_list":["post-1307","page","type-page","status-publish","hentry"],"_links":{"self":[{"href":"https:\/\/staging.khz-movers.com\/en\/wp-json\/wp\/v2\/pages\/1307","targetHints":{"allow":["GET"]}}],"collection":[{"href":"https:\/\/staging.khz-movers.com\/en\/wp-json\/wp\/v2\/pages"}],"about":[{"href":"https:\/\/staging.khz-movers.com\/en\/wp-json\/wp\/v2\/types\/page"}],"author":[{"embeddable":true,"href":"https:\/\/staging.khz-movers.com\/en\/wp-json\/wp\/v2\/users\/32"}],"replies":[{"embeddable":true,"href":"https:\/\/staging.khz-movers.com\/en\/wp-json\/wp\/v2\/comments?post=1307"}],"version-history":[{"count":0,"href":"https:\/\/staging.khz-movers.com\/en\/wp-json\/wp\/v2\/pages\/1307\/revisions"}],"up":[{"embeddable":true,"href":"https:\/\/staging.khz-movers.com\/en\/wp-json\/wp\/v2\/pages\/608"}],"wp:attachment":[{"href":"https:\/\/staging.khz-movers.com\/en\/wp-json\/wp\/v2\/media?parent=1307"}],"curies":[{"name":"wp","href":"https:\/\/api.w.org\/{rel}","templated":true}]}}