{"id":1320,"date":"2015-12-03T10:46:07","date_gmt":"2015-12-03T09:46:07","guid":{"rendered":"https:\/\/staging.khz-movers.com\/private\/international\/country-information\/emigreren-naar-saba\/?lang=en"},"modified":"2024-10-10T12:49:08","modified_gmt":"2024-10-10T10:49:08","slug":"emigreren-naar-saba","status":"publish","type":"page","link":"https:\/\/staging.khz-movers.com\/en\/emigreren-naar-saba\/","title":{"rendered":"Emigreren naar Saba"},"content":{"rendered":"<p>[et_pb_section][et_pb_row][et_pb_column type=&#8221;4_4&#8243;][et_pb_text]<\/p>\n<h2><a class=\"dt-single-image\" href=\"https:\/\/www.khz-movers.com\/wp-content\/uploads\/2015\/12\/emigreren-naar-saba.png\"><img loading=\"lazy\" decoding=\"async\" class=\"alignnone size-full wp-image-958\" src=\"https:\/\/www.khz-movers.com\/wp-content\/uploads\/2015\/12\/emigreren-naar-saba.png\" alt=\"emigreren-naar-saba\" width=\"800\" height=\"211\" srcset=\"https:\/\/staging.khz-movers.com\/wp-content\/uploads\/2015\/12\/emigreren-naar-saba.png 800w, https:\/\/staging.khz-movers.com\/wp-content\/uploads\/2015\/12\/emigreren-naar-saba-300x79.png 300w\" sizes=\"(max-width: 800px) 100vw, 800px\" \/><\/a><\/h2>\n<h2>Emigreren naar Saba<\/h2>\n<p>Saba is een eiland van de Nederlandse Antillen. Dit eiland heeft slechts een oppervlakte van 13 km\u00b2 en is daarmee het kleinste eiland van de Nederlandse Antillen. Het is een bovenwind eiland en heeft als hoofdstad The Bottom. Het eiland ligt 30 km van Sint Maarten af.<br \/>\nBij emigratie naar Saba, zult u de rust op het eiland ontdekken. Saba is, ten opzichte van de andere eilanden van de Nederlandse Antillen, een rustig eiland met weinig toerisme. U kunt dus op het eiland volledig tot rust komen.<\/p>\n<h2><\/h2>\n<h2>Direct naar:<\/h2>\n<div class=\"item\">\n<ul>\n<li style=\"list-style-type: none;\">\n<ul>\n<li><span style=\"color: #b02b08;\"><a title=\"Informatie voor verhuizers naar Cura\u00e7ao\" href=\"\/particulier\/internationaal-verhuizen\/landeninformatie\/emigreren-naar-saba#informatie-over-saba\">Informatie over Saba<\/a><\/span><\/li>\n<li><span style=\"color: #b02b08;\"><a href=\"\/particulier\/internationaal-verhuizen\/landeninformatie\/emigreren-naar-saba#informatie-voor-verhuizen-naar-saba\">Informatie voor verhuizers naar Saba<\/a><\/span><\/li>\n<li><span style=\"color: #b02b08;\"><a href=\"\/particulier\/internationaal-verhuizen\/landeninformatie\/emigreren-naar-saba#verhuisinformatie\">Verhuisinformatie<\/a><\/span><\/li>\n<li><a href=\"\/particulier\/internationaal-verhuizen\/landeninformatie\/emigreren-naar-saba\/#plannen-om-te-verhuizen-naar-saba\"><span style=\"color: #cc0100;\"><span style=\"color: #b02b08;\">Plannen om te emigreren naar Saba?<\/span><\/span><\/a><\/li>\n<\/ul>\n<\/li>\n<\/ul>\n<\/div>\n<p>&nbsp;<\/p>\n<h2><a id=\"informatie-over-saba\"><\/a>Informatie over Saba<\/h2>\n<h4 class=\"height-10\"><em>Demografie <\/em><\/h4>\n<p>Dit eiland heeft maar 1800 inwoners, waarvan een kwart in de hoofdstad woont. De nationaliteit van de bewoners is voornamelijk Nederlands en Sabaans. Daarnaast zijn er veel Amerikaanse studenten op het eiland. Zij studeren aan de universiteit die zich bevindt op het eiland.<\/p>\n<h4 class=\"height-10\"><em>Taal<\/em><\/h4>\n<p>De talen die op het eiland gesproken worden zijn Nederlands en Engels.<\/p>\n<h4 class=\"height-10\"><em>Religie<\/em><\/h4>\n<p>Meer dan de helft van de bevolking heeft de religie rooms-katholiek. Een klein percentage van de bevolking heeft de religie anglicaans.<\/p>\n<h4 class=\"height-10\"><em>Klimaat<\/em><\/h4>\n<p>Het klimaat op Saba is tropisch. De gemiddelde temperatuur over het gehele jaar is 30\u00b0C. De regenperiode is van augustus tot december en in de periode juni tot november kunnen er orkanen voorkomen op het eiland.<\/p>\n<h4 class=\"height-10\"><em>Elektriciteit<\/em><\/h4>\n<p>De voltage op Saba is 110 en heeft 60 Hertz. Om gebruik te kunnen maken van de elektriciteit op Saba heeft u adapters en verloopstekkers nodig.<\/p>\n<p>&nbsp;<\/p>\n<h2><a id=\"informatie-voor-verhuizen-naar-saba\"><\/a>Informatie voor een emigratie naar Saba<\/h2>\n<h4 class=\"height-10\"><em>Verklaring van Rechtswege<\/em><\/h4>\n<p>Gaat u <strong>emigreren naar\u00a0Saba<\/strong> om te wonen en werken? Dan moet u de Verklaring van Rechtswege aanvragen. De Verklaring van Rechtswege is een stage en werk vergunning. Als u deze vergunning heeft aangevraagd, dan kunt u een verblijfsvergunning aanvragen.<\/p>\n<p>&nbsp;<\/p>\n<h4 class=\"height-10\"><em>Huisvesting<\/em><\/h4>\n<p>Om een huis te vinden op Saba, kunt u kijken op de <span style=\"color: #b02b08;\"><a title=\"emigreren naar Saba - Hoe vind ik een huis op Saba?\" href=\"http:\/\/sabarealestate.mysites.nl\/\">website van Real Estate<\/a><\/span><strong><br \/>\n<\/strong><\/p>\n<p>&nbsp;<\/p>\n<h4 class=\"height-10\"><em>Onderwijs<\/em><\/h4>\n<p>Op Saba is maar \u00e9\u00e9n basisschool en maar \u00e9\u00e9n middelbare school. Daarnaast is er \u00e9\u00e9n universiteit dat is de universiteit University School of Medicine.<\/p>\n<p>&nbsp;<\/p>\n<h2><a id=\"verhuisinformatie\"><\/a>Verhuisinformatie bij emigreren buitenland<\/h2>\n<h4 class=\"height-10\"><em>Verscheeptijd<\/em><\/h4>\n<p>Bij emigreren naar het buitenland\u00a0en dan vooral buiten Europa, moet u rekening houden met de verscheeptijd van uw goederen. De goederen komen later aan dan u. Wij adviseren u om sommige goederen in uw handbagage of koffer te vervoeren.<\/p>\n<p>&nbsp;<\/p>\n<h4 class=\"height-10\"><em>Voorbereiding<\/em><\/h4>\n<p>Wanneer u meer dan \u00e9\u00e9n verzending heeft, dus bijvoorbeeld via luchtvaart en scheepvaart, dan adviseren wij u om uw goederen te scheiden voor deze vrachten. U mag en kan de verhuizing zelf voorbereiden met uitzondering van breekbare goederen. Wanneer u zelf breekbare goederen inpakt, bent u niet verzekerd als deze goederen tijdens de verhuizing breken.<\/p>\n<p>&nbsp;<\/p>\n<h4 class=\"height-10\"><em>Gevaarlijke goederen <\/em><\/h4>\n<p>Er zijn een aantal goederen die gevaarlijk zijn tijdens de verhuizing, wij adviseren u dan ook om deze goederen uit uw huis te verwijderen voor de verhuizing. Het gaat om de volgende goederen:<\/p>\n<ul>\n<li>Brandbare vloeistoffen, zoals alcohol en reinigingsmiddelen<\/li>\n<li>Ontvlambare stoffen, zoals lucifers, houtskool\/briketten en verf<\/li>\n<li>Corroderende middelen, zoals zuren, bleekmiddelen en batterijen<\/li>\n<li>Samengeperste gassen, zoals spuitbussen en brandblussers<\/li>\n<li>Explosieven, zoals vuurwerk, wapens en munitie<\/li>\n<\/ul>\n<p>&nbsp;<\/p>\n<h4 class=\"height-10\"><em>Gevaarlijke goederen <\/em><\/h4>\n<p>Wanneer u goederen mee wilt nemen die aan plafonds, vloeren of wanden gevestigd zijn, raden wij u aan om bij <strong>emigreren naar het buitenland<a href=\"https:\/\/www.khz-movers.com\/dutch\/particulier\/internationaal-overzees-verhuizen\"><span style=\"color: #cc0100;\">\u00a0<\/span><\/a><\/strong>\u00a0deze goederen, voor de verhuissessie, van de plafonds, vloeren en wanden te halen.<\/p>\n<p>Meubilair wat wij in land van herkomst demonteren, wordt in het land van aankomst gemonteerd.<\/p>\n<p>Als u uw vriezer en koelkast mee wilt nemen, adviseren wij u om deze apparaten 48 uur van te voren uit te zetten en om deze apparaten van binnen en buiten te reinigen.<br \/>\nWanneer u besluit om uw wasmachine mee te nemen, is het verstandig als u het filter van de wasmachine leeg en droog maakt.<\/p>\n<p>Als u uw fornuis of andere gasapparaten mee wilt nemen, is het verstandig als u deze door een professional laat loskoppelen. Dit voorkomt problemen, omdat deze apparaten dan via de voorschriften ontkoppeld worden.<\/p>\n<p>Wanneer u elektronische apparaten, zoals de televisie en computer, mee wilt nemen raden wij u aan om deze zelf los te koppelen en de draden te labelen. Zo blijft alles netjes bij elkaar. De batterijen dienen verwijderd te worden uit de apparaten en het verstandigst is om deze apparaten te verpakken in de originele doos.<\/p>\n<p>Wanneer u fietsen, tuingereedschap en andere tuinmeubelen\/accessoires mee wilt nemen, adviseren wij u om deze goederen zorgvuldig te reinigen. In verschillende landen vinden er inspecties plaats op deze goederen, dit in verband met het overbrengen van plantenziektes.<\/p>\n<p>Ons laatste advies is om bij emigreren naar het buitenland\u00a0van kostbare goederen foto&#8217;s te maken, dit in verband met eventuele schade. Zo kunt u aantonen wat u, voor de schade, voor kostbare goederen bezat.<\/p>\n<p>&nbsp;<\/p>\n<h2><a id=\"plannen-om-te-verhuizen-naar-saba\"><\/a>Plannen om te emigreren naar Saba<\/h2>\n<p>Bent u van plan om u te emigeren Saba, zodat u van de rust en het mooie weer kan gaan genieten, maar heeft u geen idee hoe al uw spullen op Saba terecht gaan komen, dan biedt AGS KHZ de oplossing voor u. AGS KHZ is specialist in internationale en nationale verhuizingen. AGS KHZ levert uw spullen op een bestemming naar uw keuze bij\u00a0af, waar ook ter wereld.<\/p>\n<p>&nbsp;<\/p>\n<h2>Meer informatie over emigreren naar Saba<\/h2>\n<p>Wilt u ook zorgeloos verhuizen naar Saba? Neem dan contact met ons op via:\u00a0<strong><strong>Telefoon:<\/strong><\/strong>\u00a0<span class=\"baec5a81-e4d6-4674-97f3-e9220f0136c1\">+31 (0)172 44 99 77<\/span><\/p>\n<ul>\n<li><strong><a href=\"\/contact\/\">Contactpagina AGS KHZ<\/a><\/strong><\/li>\n<li><strong><a href=\"\/aanvraagverhuisofferte\/\">Een verhuisofferte aanvragen<\/a><\/strong><\/li>\n<\/ul>\n<p>[\/et_pb_text][\/et_pb_column][\/et_pb_row][\/et_pb_section]<\/p>\n","protected":false},"excerpt":{"rendered":"<p><div class=\"et_pb_section et_pb_section_0 et_section_regular\" >\n\t\t\t\t\n\t\t\t\t\n\t\t\t\t\n\t\t\t\t\n\t\t\t\t\n\t\t\t\t\n\t\t\t\t\n\t\t\t\t\n\t\t\t\t\n\t\t\t<\/div><div class=\"et_pb_row et_pb_row_0 et_pb_row_empty\">\n\t\t\t\t\n\t\t\t\t\n\t\t\t\t\n\t\t\t\t\n\t\t\t\t\n\t\t\t<\/div><div class=\"et_pb_module et_pb_text et_pb_text_0  et_pb_text_align_left et_pb_bg_layout_light\">\n\t\t\t\t\n\t\t\t\t\n\t\t\t\t\n\t\t\t\t\n\t\t\t\t\n\t\t\t<\/div> Emigreren naar Saba Saba is een eiland van de Nederlandse Antillen. Dit eiland heeft slechts een oppervlakte van 13 km\u00b2 en is daarmee het kleinste eiland van de Nederlandse Antillen. Het is een bovenwind eiland en heeft als hoofdstad The Bottom. Het eiland ligt 30 km van Sint Maarten af. Bij emigratie naar Saba, [&hellip;]<\/p>\n","protected":false},"author":32,"featured_media":0,"parent":0,"menu_order":0,"comment_status":"closed","ping_status":"open","template":"","meta":{"_et_pb_use_builder":"on","_et_pb_old_content":"","_et_gb_content_width":"","footnotes":""},"class_list":["post-1320","page","type-page","status-publish","hentry"],"_links":{"self":[{"href":"https:\/\/staging.khz-movers.com\/en\/wp-json\/wp\/v2\/pages\/1320","targetHints":{"allow":["GET"]}}],"collection":[{"href":"https:\/\/staging.khz-movers.com\/en\/wp-json\/wp\/v2\/pages"}],"about":[{"href":"https:\/\/staging.khz-movers.com\/en\/wp-json\/wp\/v2\/types\/page"}],"author":[{"embeddable":true,"href":"https:\/\/staging.khz-movers.com\/en\/wp-json\/wp\/v2\/users\/32"}],"replies":[{"embeddable":true,"href":"https:\/\/staging.khz-movers.com\/en\/wp-json\/wp\/v2\/comments?post=1320"}],"version-history":[{"count":0,"href":"https:\/\/staging.khz-movers.com\/en\/wp-json\/wp\/v2\/pages\/1320\/revisions"}],"wp:attachment":[{"href":"https:\/\/staging.khz-movers.com\/en\/wp-json\/wp\/v2\/media?parent=1320"}],"curies":[{"name":"wp","href":"https:\/\/api.w.org\/{rel}","templated":true}]}}