{"id":1323,"date":"2015-12-03T10:51:21","date_gmt":"2015-12-03T09:51:21","guid":{"rendered":"https:\/\/staging.khz-movers.com\/private\/international\/country-information\/emigreren-naar-sint-eustatius\/?lang=en"},"modified":"2024-10-10T13:57:33","modified_gmt":"2024-10-10T11:57:33","slug":"emigreren-naar-sint-eustatius","status":"publish","type":"page","link":"https:\/\/staging.khz-movers.com\/en\/private\/country-information\/emigreren-naar-sint-eustatius\/","title":{"rendered":"Emigreren naar Sint Eustatius"},"content":{"rendered":"<p>[et_pb_section][et_pb_row][et_pb_column type=&#8221;4_4&#8243;][et_pb_text]<\/p>\n<h2><a class=\"dt-single-image\" href=\"https:\/\/www.khz-movers.com\/wp-content\/uploads\/2015\/12\/emigreren-naar-sint-eustatius-HQ.png\"><img loading=\"lazy\" decoding=\"async\" class=\"alignnone size-full wp-image-955\" src=\"https:\/\/www.khz-movers.com\/wp-content\/uploads\/2015\/12\/emigreren-naar-sint-eustatius-HQ.png\" alt=\"emigreren-naar-sint-eustatius-HQ\" width=\"800\" height=\"211\" srcset=\"https:\/\/staging.khz-movers.com\/wp-content\/uploads\/2015\/12\/emigreren-naar-sint-eustatius-HQ.png 800w, https:\/\/staging.khz-movers.com\/wp-content\/uploads\/2015\/12\/emigreren-naar-sint-eustatius-HQ-300x79.png 300w\" sizes=\"(max-width: 800px) 100vw, 800px\" \/><\/a><\/h2>\n<h2>Emigreren naar Sint Eustatius<\/h2>\n<p>Bent u een fan van stukken ongerepte natuur, van een uitgestorven vulkaan, stranden en mooie duikplekken, dan bent u op Sint Eustatius op het goede eiland. Sint Eustatius biedt u deze mooie stukken natuur. Sint Eustatius is een eiland van de Nederlandse Antillen en bevindt zich in het Caribische gebied. Het eiland is het \u00e9\u00e9n na kleinste eiland van de Nederlandse Antillen en heeft een oppervlakte van 21 km\u00b2. De hoofdstad van dit eiland is Oranjestad.<\/p>\n<h2>Direct naar:<\/h2>\n<div class=\"item\">\n<ul>\n<li style=\"list-style-type: none;\">\n<ul>\n<li><a title=\"Informatie voor verhuizers naar Cura\u00e7ao\" href=\"\/particulier\/internationaal-verhuizen\/landeninformatie\/emigreren-naar-sint-eustatius#informatie-over-sint-eustatius\"><span style=\"color: #cc0100;\">Informatie over Sint Eustatius<\/span><\/a><\/li>\n<li><a href=\"\/particulier\/internationaal-verhuizen\/landeninformatie\/emigreren-naar-sint-eustatius#informatie-voor-verhuizen-naar-sint-eustatius\"><span style=\"color: #cc0100;\">Informatie voor uw emigratie naar Sint Eustatius<\/span><\/a><\/li>\n<li><a href=\"\/particulier\/internationaal-verhuizen\/landeninformatie\/emigreren-naar-sint-eustatius#verhuisinformatie\"><span style=\"color: #cc0100;\">Verhuisinformatie<\/span><\/a><\/li>\n<li><a href=\"\/particulier\/internationaal-verhuizen\/landeninformatie\/emigreren-naar-sint-eustatius#plannen-om-te-verhuizen-naar-sint-eustatius\"><span style=\"color: #cc0100;\">Plannen om te emigreren naar Sint Eustatius?<\/span><\/a><\/li>\n<\/ul>\n<\/li>\n<\/ul>\n<\/div>\n<p>&nbsp;<\/p>\n<h2><a id=\"informatie-over-sint-eustatius\"><\/a>Informatie over Sint Eustatius<\/h2>\n<h4 class=\"height-10\"><em>Demografie <\/em><\/h4>\n<p>Het eiland telt maar 3600 inwoners. De bevolkingsgroepen die op dit eiland voorkomen zijn Nederlanders en mensen die op dit eiland geboren zijn.<\/p>\n<h4><em>Taal<\/em><\/h4>\n<p>De offici\u00eble taal van dit eiland is Nederlands, maar er wordt ook Engels gesproken.<\/p>\n<h4 class=\"height-10\"><em>Klimaat<\/em><\/h4>\n<p>Sint Eustatius heeft een tropisch klimaat. De tempraturen liggen het gehele jaar door tussen de 25\u00b0C en 30\u00b0C. Het regenseizoen is van september tot december, in deze periode valt de meeste regen. De gemiddelde watertemperatuur is 27\u00b0C, dus u kunt het hele jaar door zwemmen. Er bestaat wel een kans dat er orkanen op het eiland voorkomen, deze komen voor in de periode van juni tot november.<\/p>\n<h4 class=\"height-10\"><em>Elektriciteit<\/em><\/h4>\n<p>De elektriciteitseenheid op Sint Eustatius is 110 of 220 Volt. U heeft dus wel wereldstekkers of adapters nodig.<\/p>\n<h2><a id=\"informatie-voor-verhuizen-naar-sint-eustatius\"><\/a>Informatie voor uw emigratie naar Sint Eustatius<\/h2>\n<h4 class=\"height-10\"><em>Verklaring van Rechtswege<\/em><\/h4>\n<p>Om op Sint Eustatius te willen werken en wonen moet u een Verklaring van Rechtswege aanvragen. Als u deze verklaring in bezit heeft, kunt u een verblijfsvergunning aanvragen.<\/p>\n<h4 class=\"height-10\"><em>Huisvesting<\/em><\/h4>\n<p>Om aan een huis in Sint Eustatius te komen kunt u op het internet en in de lokale krant zoeken.<\/p>\n<h4 class=\"height-10\"><em>Onderwijs<\/em><\/h4>\n<p>Sint Eustatius heeft 4 basisscholen en maar \u00e9\u00e9n voorgezet onderwijs. Op het voortgezet onderwijs wordt Nederlands gesproken.<\/p>\n<p>&nbsp;<\/p>\n<h2><a id=\"verhuisinformatie\"><\/a>Verhuisinformatie<\/h2>\n<h4 class=\"height-10\"><em>Verscheeptijd<\/em><\/h4>\n<p>U moet rekening houden met de verscheeptijd tijdens de verhuizing. U bent eerder op Sint Eustatius dan uw goederen. Daarom raden wij\u00a0u aan, om sommige goederen in uw handbagage mee te nemen. Uiteraard is het ook mogelijk om uw \u00a0 \u00a0inboedel geheel of gedeeltelijk via luchtvracht te transporteren.<\/p>\n<h4 class=\"height-10\"><em>Gevaarlijke goederen<\/em><\/h4>\n<p>Er zijn goederen die gevaarlijk zijn bij het verhuisproces. Wij vragen u\u00a0dan ook om deze goederen, voor het verhuisproces, uit uw huis te verwijderen. Het gaat om de volgende goederen:<\/p>\n<ul>\n<li>Brandbare vloeistoffen, zoals alcohol en reinigingsmiddelen<\/li>\n<li>Ontvlambare stoffen, zoals lucifers, houtskool\/briketten en verf<\/li>\n<li>Corroderende middelen, zoals zuren, bleekmiddelen en batterijen<\/li>\n<li>Samengeperste gassen, zoals spuitbussen en brandblussers<\/li>\n<li>Explosieven, zoals vuurwerk, wapens en munitie<\/li>\n<\/ul>\n<p>Tijdens een verhuis infobezoek kunt u alle vragen stellen aan onze verhuisadviseur.\u00a0Een bezoek aan huis is de meest accurate manier voor het verkrijgen van de voor AGS KHZ benodigde informatie, teneinde een verhuisofferte op maat voor uw verhuizing.\u00a0Vraag hier, gratis en vrijblijvend, uw verhuis infobezoek aan als u met uw hele boedel gaat verhuizen. Wij komen graag bij u langs om u vrijblijvend te informeren over uw verhuizing.<\/p>\n\n<div class=\"wpcf7 no-js\" id=\"wpcf7-f316-o1\" lang=\"nl-NL\" dir=\"ltr\" data-wpcf7-id=\"316\">\n<div class=\"screen-reader-response\"><p role=\"status\" aria-live=\"polite\" aria-atomic=\"true\"><\/p> <ul><\/ul><\/div>\n<form action=\"\/en\/wp-json\/wp\/v2\/pages\/1323#wpcf7-f316-o1\" method=\"post\" class=\"wpcf7-form init\" aria-label=\"Contactformulier\" autocomplete=\"off\" novalidate=\"novalidate\" data-status=\"init\">\n<fieldset class=\"hidden-fields-container\"><input type=\"hidden\" name=\"_wpcf7\" value=\"316\" \/><input type=\"hidden\" name=\"_wpcf7_version\" value=\"6.1.1\" \/><input type=\"hidden\" name=\"_wpcf7_locale\" value=\"nl_NL\" \/><input type=\"hidden\" name=\"_wpcf7_unit_tag\" value=\"wpcf7-f316-o1\" \/><input type=\"hidden\" name=\"_wpcf7_container_post\" value=\"0\" \/><input type=\"hidden\" name=\"_wpcf7_posted_data_hash\" value=\"\" \/><input type=\"hidden\" name=\"_wpcf7_recaptcha_response\" value=\"\" \/>\n<\/fieldset>\n<div id=\"0869932\">\n<\/div>\n<p>&nbsp;\n<\/p>\n<p><small>Velden met een * zijn verplicht<\/small>\n<\/p>\n<p>&nbsp;\n<\/p>\n<table class=\"form\">\n\t<tr>\n\t\t<td>\n\t\t\t<p><label>Voornaam*<\/label>\n\t\t\t<\/p>\n\t\t<\/td>\n\t\t<td>\n\t\t\t<p><span class=\"wpcf7-form-control-wrap\" data-name=\"first_name\"><input size=\"40\" maxlength=\"400\" class=\"wpcf7-form-control wpcf7-text wpcf7-validates-as-required\" aria-required=\"true\" aria-invalid=\"false\" value=\"\" type=\"text\" name=\"first_name\" \/><\/span>\n\t\t\t<\/p>\n\t\t<\/td>\n\t<\/tr>\n\t<tr>\n\t\t<td>\n\t\t\t<p><label>Achternaam*<\/label>\n\t\t\t<\/p>\n\t\t<\/td>\n\t\t<td>\n\t\t\t<p><span class=\"wpcf7-form-control-wrap\" data-name=\"surname\"><input size=\"40\" maxlength=\"400\" class=\"wpcf7-form-control wpcf7-text wpcf7-validates-as-required\" aria-required=\"true\" aria-invalid=\"false\" value=\"\" type=\"text\" name=\"surname\" \/><\/span>\n\t\t\t<\/p>\n\t\t<\/td>\n\t<\/tr>\n\t<tr>\n\t\t<td>\n\t\t\t<p><label>Aanhef<\/label>\n\t\t\t<\/p>\n\t\t<\/td>\n\t\t<td>\n\t\t\t<p><span class=\"wpcf7-form-control-wrap\" data-name=\"salutation\"><select class=\"wpcf7-form-control wpcf7-select\" aria-invalid=\"false\" name=\"salutation\"><option value=\"\">&#8212;Kies een optie&#8212;<\/option><option value=\"Meneer\">Meneer<\/option><option value=\"Mevrouw\">Mevrouw<\/option><\/select><\/span>\n\t\t\t<\/p>\n\t\t<\/td>\n\t<\/tr>\n\t<tr>\n\t\t<td>\n\t\t\t<p><label>E-mailadres*<\/label>\n\t\t\t<\/p>\n\t\t<\/td>\n\t\t<td>\n\t\t\t<p><span class=\"wpcf7-form-control-wrap\" data-name=\"email\"><input size=\"40\" maxlength=\"400\" class=\"wpcf7-form-control wpcf7-email wpcf7-validates-as-required wpcf7-text wpcf7-validates-as-email\" aria-required=\"true\" aria-invalid=\"false\" value=\"\" type=\"email\" name=\"email\" \/><\/span>\n\t\t\t<\/p>\n\t\t<\/td>\n\t<\/tr>\n\t<tr>\n\t\t<td>\n\t\t\t<p><label>Telefoonnummer*<\/label>\n\t\t\t<\/p>\n\t\t<\/td>\n\t\t<td>\n\t\t\t<p><span class=\"wpcf7-form-control-wrap\" data-name=\"phone\"><input size=\"40\" maxlength=\"400\" class=\"wpcf7-form-control wpcf7-tel wpcf7-validates-as-required wpcf7-text wpcf7-validates-as-tel\" aria-required=\"true\" aria-invalid=\"false\" value=\"\" type=\"tel\" name=\"phone\" \/><\/span>\n\t\t\t<\/p>\n\t\t<\/td>\n\t<\/tr>\n\t<tr>\n\t\t<td>\n\t\t\t<p><label>Huidige woonplaats*<\/label>\n\t\t\t<\/p>\n\t\t<\/td>\n\t\t<td>\n\t\t\t<p><span class=\"wpcf7-form-control-wrap\" data-name=\"place\"><input size=\"40\" maxlength=\"400\" class=\"wpcf7-form-control wpcf7-text wpcf7-validates-as-required\" aria-required=\"true\" aria-invalid=\"false\" value=\"\" type=\"text\" name=\"place\" \/><\/span>\n\t\t\t<\/p>\n\t\t<\/td>\n\t<\/tr>\n\t<tr>\n\t\t<td>\n\t\t\t<p><label>Toekomstige woonplaats of land<\/label>\n\t\t\t<\/p>\n\t\t<\/td>\n\t\t<td>\n\t\t\t<p><span class=\"wpcf7-form-control-wrap\" data-name=\"country\"><input size=\"40\" maxlength=\"400\" class=\"wpcf7-form-control wpcf7-text wpcf7-validates-as-required\" aria-required=\"true\" aria-invalid=\"false\" value=\"\" type=\"text\" name=\"country\" \/><\/span>\n\t\t\t<\/p>\n\t\t<\/td>\n\t<\/tr>\n\t<tr>\n\t\t<td>\n\t\t\t<p><label>Bericht<\/label>\n\t\t\t<\/p>\n\t\t<\/td>\n\t\t<td>\n\t\t\t<p><span class=\"wpcf7-form-control-wrap\" data-name=\"message\"><textarea cols=\"40\" rows=\"10\" maxlength=\"2000\" class=\"wpcf7-form-control wpcf7-textarea\" aria-invalid=\"false\" name=\"message\"><\/textarea><\/span>\n\t\t\t<\/p>\n\t\t<\/td>\n\t<\/tr>\n\t<tr>\n\t\t<td colspan=\"2\">\n\t\t\t<p>&nbsp;\n\t\t\t<\/p>\n\t\t<\/td>\n\t<\/tr>\n\t<tr>\n\t\t<td>\n\t\t<\/td>\n\t\t<td>\n\t\t\t<p><span class=\"wpcf7-form-control-wrap\" data-name=\"gdpr\"><span class=\"wpcf7-form-control wpcf7-acceptance\"><span class=\"wpcf7-list-item\"><label><input type=\"checkbox\" name=\"gdpr\" value=\"1\" aria-invalid=\"false\" \/><span class=\"wpcf7-list-item-label\">Wanneer je dit formulier gebruikt, ga je akkoord met de opslag en verwerking van jouw gegevens door deze website.<\/span><\/label><\/span><\/span><\/span>\n\t\t\t<\/p>\n\t\t\t<div>\n\t\t\t<span class=\"wpcf7-form-control-wrap recaptcha\" data-name=\"recaptcha\"><span data-sitekey=\"6LcumtsaAAAAAGg4bRhXi_1rsHw2_0I6H_xCdyMj\" class=\"wpcf7-form-control wpcf7-recaptcha g-recaptcha\"><\/span>\r\n<noscript>\r\n\t<div class=\"grecaptcha-noscript\">\r\n\t\t<iframe loading=\"lazy\" src=\"https:\/\/www.google.com\/recaptcha\/api\/fallback?k=6LcumtsaAAAAAGg4bRhXi_1rsHw2_0I6H_xCdyMj\" frameborder=\"0\" scrolling=\"no\" width=\"310\" height=\"430\">\r\n\t\t<\/iframe>\r\n\t\t<textarea name=\"g-recaptcha-response\" rows=\"3\" cols=\"40\" placeholder=\"reCaptcha antwoord hier\">\r\n\t\t<\/textarea>\r\n\t<\/div>\r\n<\/noscript>\r\n<\/span>\n\t\t\t<\/div>\n\t\t\t<p><input class=\"wpcf7-form-control wpcf7-submit has-spinner\" type=\"submit\" value=\"Aanvraag verzenden\" \/><span class=\"cta\">Wij nemen zo spoedig mogelijk contact met u op.<\/span>\n\t\t\t<\/p>\n\t\t\t<div class=\"clear\">\n\t\t\t<\/div>\n\t\t<\/td>\n\t<\/tr>\n<\/table>\n<p><script type=\"text\/javascript\"> \njQuery(window).load(function() {\nif ( jQuery('.wpcf7-form').hasClass('sent') ){\n gtag_report_conversion();\nbing_report_conversion()\n}\n});\n<\/script>\n<\/p><div class=\"wpcf7-response-output\" aria-hidden=\"true\"><\/div>\n<\/form>\n<\/div>\n\n<h4 class=\"height-10\"><em>Voorbereiding<\/em><\/h4>\n<p>U kunt zich goed voorbereiden op uw emigratie naar Sint Eustatius. Als u meer dan \u00e9\u00e9n zending heeft, dus \u00e9\u00e9n zending via de lucht en \u00e9\u00e9n zending via de zee, raden wij u aan om de goederen voor deze twee zendingen apart te houden. U kunt zelf ook al goederen inpakken, maar wij raden aan om breekbare goederen te laten staan. Als u deze goederen zelf inpakt bent u niet verzekerd als deze goederen breken.<\/p>\n<h2><a id=\"plannen-om-te-verhuizen-naar-sint-eustatius\"><\/a>Plannen om te verhuizen naar Sint Eustatius<\/h2>\n<p>Bent u gek op de Nederlandse Antillen en zoekt u een eiland met mooie natuurvoorzieningen, ruimte en rust, dan biedt Sint Eustatius de ideale woonplek voor u. Met behulp van AGS KHZ komen uw spullen op de juiste bestemming aan. AGS KHZ\u00a0is professioneel als het gaat om internationale en nationale verhuizingen en probeert een groot deel van uw zorgen uit handen te nemen.<\/p>\n<p>&nbsp;<\/p>\n<h2>Meer informatie over verhuizen naar\u00a0Sint Eustatius<\/h2>\n<p>Wilt u ook zorgeloos verhuizen naar Sint Eustatius?\u00a0Neem dan contact met ons op via\u00a0<strong>Telefoon:<\/strong>\u00a0<span class=\"baec5a81-e4d6-4674-97f3-e9220f0136c1\">+31 (0)172 44 99 77 of via onderstaand contactformulier.<\/span><\/p>\n<p>\n<div class=\"wpcf7 no-js\" id=\"wpcf7-f4136-o2\" lang=\"nl-NL\" dir=\"ltr\" data-wpcf7-id=\"4136\">\n<div class=\"screen-reader-response\"><p role=\"status\" aria-live=\"polite\" aria-atomic=\"true\"><\/p> <ul><\/ul><\/div>\n<form action=\"\/en\/wp-json\/wp\/v2\/pages\/1323#wpcf7-f4136-o2\" method=\"post\" class=\"wpcf7-form init\" aria-label=\"Contactformulier\" autocomplete=\"off\" novalidate=\"novalidate\" data-status=\"init\">\n<fieldset class=\"hidden-fields-container\"><input type=\"hidden\" name=\"_wpcf7\" value=\"4136\" \/><input type=\"hidden\" name=\"_wpcf7_version\" value=\"6.1.1\" \/><input type=\"hidden\" name=\"_wpcf7_locale\" value=\"nl_NL\" \/><input type=\"hidden\" name=\"_wpcf7_unit_tag\" value=\"wpcf7-f4136-o2\" \/><input type=\"hidden\" name=\"_wpcf7_container_post\" value=\"0\" \/><input type=\"hidden\" name=\"_wpcf7_posted_data_hash\" value=\"\" \/><input type=\"hidden\" name=\"_wpcf7_recaptcha_response\" value=\"\" \/>\n<\/fieldset>\n<div id=\"15f53be\">\n<\/div>\n<p id=\"15f53be\"><small>Velden met een * zijn verplicht<\/small>\n<\/p>\n\n<!-- CF7 Modules -->\n<div style='display:none;'><input type=\"hidden\" class=\"wpcf7-form-control wpcf7-hidden\" name=\"enquiry_type\" placeholder=\"\" value=\"general_enquiries\" \/>\n<\/div>\n<!-- End CF7 Modules -->\n\n<table class=\"form\">\n\t<tr>\n\t\t<td>\n\t\t\t<p><label>Voornaam*<\/label>\n\t\t\t<\/p>\n\t\t<\/td>\n\t\t<td>\n\t\t\t<p><span class=\"wpcf7-form-control-wrap\" data-name=\"first_name\"><input size=\"40\" maxlength=\"400\" class=\"wpcf7-form-control wpcf7-text wpcf7-validates-as-required\" aria-required=\"true\" aria-invalid=\"false\" value=\"\" type=\"text\" name=\"first_name\" \/><\/span>\n\t\t\t<\/p>\n\t\t<\/td>\n\t<\/tr>\n\t<tr>\n\t\t<td>\n\t\t\t<p><label>Achternaam*<\/label>\n\t\t\t<\/p>\n\t\t<\/td>\n\t\t<td>\n\t\t\t<p><span class=\"wpcf7-form-control-wrap\" data-name=\"surname\"><input size=\"40\" maxlength=\"400\" class=\"wpcf7-form-control wpcf7-text wpcf7-validates-as-required\" aria-required=\"true\" aria-invalid=\"false\" value=\"\" type=\"text\" name=\"surname\" \/><\/span>\n\t\t\t<\/p>\n\t\t<\/td>\n\t<\/tr>\n\t<tr>\n\t\t<td>\n\t\t\t<p><label>Aanhef<\/label>\n\t\t\t<\/p>\n\t\t<\/td>\n\t\t<td>\n\t\t\t<p><span class=\"wpcf7-form-control-wrap\" data-name=\"salutation\"><select class=\"wpcf7-form-control wpcf7-select\" aria-invalid=\"false\" name=\"salutation\"><option value=\"\">&#8212;Kies een optie&#8212;<\/option><option value=\"Meneer\">Meneer<\/option><option value=\"Mevrouw\">Mevrouw<\/option><\/select><\/span>\n\t\t\t<\/p>\n\t\t<\/td>\n\t<\/tr>\n\t<tr>\n\t\t<td>\n\t\t\t<p><label>E-mailadres*<\/label>\n\t\t\t<\/p>\n\t\t<\/td>\n\t\t<td>\n\t\t\t<p><span class=\"wpcf7-form-control-wrap\" data-name=\"email\"><input size=\"40\" maxlength=\"400\" class=\"wpcf7-form-control wpcf7-email wpcf7-validates-as-required wpcf7-text wpcf7-validates-as-email\" aria-required=\"true\" aria-invalid=\"false\" value=\"\" type=\"email\" name=\"email\" \/><\/span>\n\t\t\t<\/p>\n\t\t<\/td>\n\t<\/tr>\n\t<tr>\n\t\t<td>\n\t\t\t<p><label>Telefoonnummer*<\/label>\n\t\t\t<\/p>\n\t\t<\/td>\n\t\t<td>\n\t\t\t<p><span class=\"wpcf7-form-control-wrap\" data-name=\"phone\"><input size=\"40\" maxlength=\"400\" class=\"wpcf7-form-control wpcf7-tel wpcf7-validates-as-required wpcf7-text wpcf7-validates-as-tel\" aria-required=\"true\" aria-invalid=\"false\" value=\"\" type=\"tel\" name=\"phone\" \/><\/span>\n\t\t\t<\/p>\n\t\t<\/td>\n\t<\/tr>\n\t<tr>\n\t\t<td>\n\t\t\t<p><label>Contactvoorkeur<\/label>\n\t\t\t<\/p>\n\t\t<\/td>\n\t\t<td>\n\t\t\t<p><span class=\"wpcf7-form-control-wrap\" data-name=\"preference\"><select class=\"wpcf7-form-control wpcf7-select wpcf7-validates-as-required\" aria-required=\"true\" aria-invalid=\"false\" name=\"preference\"><option value=\"\">&#8212;Kies een optie&#8212;<\/option><option value=\"Telefoon\">Telefoon<\/option><option value=\"E-mail\">E-mail<\/option><\/select><\/span>\n\t\t\t<\/p>\n\t\t<\/td>\n\t<\/tr>\n\t<tr>\n\t\t<td>\n\t\t\t<p><label>Bericht<\/label>\n\t\t\t<\/p>\n\t\t<\/td>\n\t\t<td>\n\t\t\t<p><span class=\"wpcf7-form-control-wrap\" data-name=\"message\"><textarea cols=\"40\" rows=\"10\" maxlength=\"2000\" class=\"wpcf7-form-control wpcf7-textarea\" aria-invalid=\"false\" name=\"message\"><\/textarea><\/span>\n\t\t\t<\/p>\n\t\t<\/td>\n\t<\/tr>\n\t<td>\n\t\t<p><span class=\"wpcf7-form-control-wrap\" data-name=\"gdpr\"><span class=\"wpcf7-form-control wpcf7-acceptance\"><span class=\"wpcf7-list-item\"><label><input type=\"checkbox\" name=\"gdpr\" value=\"1\" aria-invalid=\"false\" \/><span class=\"wpcf7-list-item-label\">Wanneer je dit formulier gebruikt, ga je akkoord met de opslag en verwerking van jouw gegevens door deze website.<\/span><\/label><\/span><\/span><\/span>\n\t\t<\/p>\n\t\t<div>\n\t\t<span class=\"wpcf7-form-control-wrap recaptcha\" data-name=\"recaptcha\"><span data-sitekey=\"6LcumtsaAAAAAGg4bRhXi_1rsHw2_0I6H_xCdyMj\" class=\"wpcf7-form-control wpcf7-recaptcha g-recaptcha\"><\/span>\r\n<noscript>\r\n\t<div class=\"grecaptcha-noscript\">\r\n\t\t<iframe loading=\"lazy\" src=\"https:\/\/www.google.com\/recaptcha\/api\/fallback?k=6LcumtsaAAAAAGg4bRhXi_1rsHw2_0I6H_xCdyMj\" frameborder=\"0\" scrolling=\"no\" width=\"310\" height=\"430\">\r\n\t\t<\/iframe>\r\n\t\t<textarea name=\"g-recaptcha-response\" rows=\"3\" cols=\"40\" placeholder=\"reCaptcha antwoord hier\">\r\n\t\t<\/textarea>\r\n\t<\/div>\r\n<\/noscript>\r\n<\/span>\n\t\t<\/div>\n\t\t<p><input class=\"wpcf7-form-control wpcf7-submit has-spinner\" type=\"submit\" value=\"Verzenden\" \/><span class=\"cta\">Binnen een werkdag ontvangt u een reactie van ons.<\/span>\n\t\t<\/p>\n\t\t<div class=\"clear\">\n\t\t<\/div>\n\t<\/td>\n<\/table><div class=\"wpcf7-response-output\" aria-hidden=\"true\"><\/div>\n<\/form>\n<\/div>\n[\/et_pb_text][\/et_pb_column][\/et_pb_row][\/et_pb_section]<\/p>\n","protected":false},"excerpt":{"rendered":"<p><div class=\"et_pb_section et_pb_section_0 et_section_regular\" >\n\t\t\t\t\n\t\t\t\t\n\t\t\t\t\n\t\t\t\t\n\t\t\t\t\n\t\t\t\t\n\t\t\t\t\n\t\t\t\t\n\t\t\t\t\n\t\t\t<\/div><div class=\"et_pb_row et_pb_row_0 et_pb_row_empty\">\n\t\t\t\t\n\t\t\t\t\n\t\t\t\t\n\t\t\t\t\n\t\t\t\t\n\t\t\t<\/div><div class=\"et_pb_module et_pb_text et_pb_text_0  et_pb_text_align_left et_pb_bg_layout_light\">\n\t\t\t\t\n\t\t\t\t\n\t\t\t\t\n\t\t\t\t\n\t\t\t\t\n\t\t\t<\/div> Emigreren naar Sint Eustatius Bent u een fan van stukken ongerepte natuur, van een uitgestorven vulkaan, stranden en mooie duikplekken, dan bent u op Sint Eustatius op het goede eiland. Sint Eustatius biedt u deze mooie stukken natuur. Sint Eustatius is een eiland van de Nederlandse Antillen en bevindt zich in het Caribische gebied. [&hellip;]<\/p>\n","protected":false},"author":32,"featured_media":0,"parent":608,"menu_order":0,"comment_status":"closed","ping_status":"open","template":"","meta":{"_et_pb_use_builder":"on","_et_pb_old_content":"","_et_gb_content_width":"","footnotes":""},"class_list":["post-1323","page","type-page","status-publish","hentry"],"_links":{"self":[{"href":"https:\/\/staging.khz-movers.com\/en\/wp-json\/wp\/v2\/pages\/1323","targetHints":{"allow":["GET"]}}],"collection":[{"href":"https:\/\/staging.khz-movers.com\/en\/wp-json\/wp\/v2\/pages"}],"about":[{"href":"https:\/\/staging.khz-movers.com\/en\/wp-json\/wp\/v2\/types\/page"}],"author":[{"embeddable":true,"href":"https:\/\/staging.khz-movers.com\/en\/wp-json\/wp\/v2\/users\/32"}],"replies":[{"embeddable":true,"href":"https:\/\/staging.khz-movers.com\/en\/wp-json\/wp\/v2\/comments?post=1323"}],"version-history":[{"count":0,"href":"https:\/\/staging.khz-movers.com\/en\/wp-json\/wp\/v2\/pages\/1323\/revisions"}],"up":[{"embeddable":true,"href":"https:\/\/staging.khz-movers.com\/en\/wp-json\/wp\/v2\/pages\/608"}],"wp:attachment":[{"href":"https:\/\/staging.khz-movers.com\/en\/wp-json\/wp\/v2\/media?parent=1323"}],"curies":[{"name":"wp","href":"https:\/\/api.w.org\/{rel}","templated":true}]}}