{"id":1351,"date":"2015-12-03T12:57:49","date_gmt":"2015-12-03T11:57:49","guid":{"rendered":"https:\/\/staging.khz-movers.com\/private\/international\/country-information\/emigreren-naar-saint-kits-en-nevis\/?lang=en"},"modified":"2024-10-10T13:39:01","modified_gmt":"2024-10-10T11:39:01","slug":"emigreren-naar-saint-kits-en-nevis","status":"publish","type":"page","link":"https:\/\/staging.khz-movers.com\/en\/emigreren-naar-saint-kits-en-nevis\/","title":{"rendered":"Emigreren naar Saint Kits en Nevis"},"content":{"rendered":"<p>[et_pb_section][et_pb_row][et_pb_column type=&#8221;4_4&#8243;][et_pb_text]<\/p>\n<h2><a class=\"dt-single-image\" href=\"https:\/\/www.khz-movers.com\/wp-content\/uploads\/2015\/12\/verhuizen-saint-kits-en-nevis-gr.png\"><img loading=\"lazy\" decoding=\"async\" class=\"alignnone size-full wp-image-948\" src=\"https:\/\/www.khz-movers.com\/wp-content\/uploads\/2015\/12\/verhuizen-saint-kits-en-nevis-gr.png\" alt=\"verhuizen-saint-kits-en-nevis-gr\" width=\"800\" height=\"211\" srcset=\"https:\/\/staging.khz-movers.com\/wp-content\/uploads\/2015\/12\/verhuizen-saint-kits-en-nevis-gr.png 800w, https:\/\/staging.khz-movers.com\/wp-content\/uploads\/2015\/12\/verhuizen-saint-kits-en-nevis-gr-300x79.png 300w\" sizes=\"(max-width: 800px) 100vw, 800px\" \/><\/a><\/h2>\n<p>Emigreren naar Saint Kits en Nevis<\/p>\n<p><strong>Emigreren naar Saint Kits en Nevis<\/strong> is een van de specialiteiten van AGS KHZ. Met onze lokale partner Meyer Moving verzorgen wij vanuit Nederland of Europa uw verhuizing, en zorgen wij in de Kleine Antillen, waar Saint Kits en Nevis deel vanuit maakt, dat alles op een Nederlandse en degelijke wijze wordt afgehandeld. Saint Kits en Nevis een federale staat bestaande uit het eiland St. Kitts en het eiland Nevis. De hoofdstad heeft een luchthaven; Robert L. Bradshaw International Airport.<\/p>\n<h2><\/h2>\n<h2>Direct naar:<\/h2>\n<ul>\n<li><span style=\"color: #b02b08;\"><a title=\"Verhuizen naar Saint-kits-en-nevis informatie\" href=\"\/particulier\/internationaal-verhuizen\/landeninformatie\/emigreren-naar-saint-kits-en-nevis#informatie-over-Saint-kits-en-nevis\">Informatie over Saint Kits en Nevis<\/a><\/span><\/li>\n<li><span style=\"color: #b02b08;\"><a title=\"Verhuizers naar Saint-kits-en-nevis\" href=\"\/particulier\/internationaal-verhuizen\/landeninformatie\/emigreren-naar-saint-kits-en-nevis#informatie-voor-verhuizen-naar-Saint-kits-en-nevis\">Informatie voor verhuizers naar Saint Kits en Nevis<\/a><\/span><\/li>\n<li><span style=\"color: #b02b08;\"><a title=\"verhuisinformatie Saint-kits-en-nevis\" href=\"\/particulier\/internationaal-verhuizen\/landeninformatie\/emigreren-naar-saint-kits-en-nevis#verhuisinformatie\">Verhuisinformatie<\/a><\/span><\/li>\n<li><span style=\"color: #b02b08;\"><a title=\"verhuizen naar Saint-kits-en-nevis?\" href=\"\/particulier\/internationaal-verhuizen\/landeninformatie\/emigreren-naar-saint-kits-en-nevis#plannen-om-te-verhuizen-naar-Saint-kits-en-nevis\">Plannen om te verhuizen naar Saint Kits en Nevis?<\/a><\/span><\/li>\n<\/ul>\n<p>&nbsp;<\/p>\n<h2>Informatie over Saint-kits-en-nevis<\/h2>\n<h3 class=\"height-10\"><em>Geografie<\/em><\/h3>\n<p>De federale staat ligt zuidoostelijk met een afstand van 10 kilometer van het Nederlandse Sint Eustatius. De eilanden hebben een\u00a0 oppervlakte van 261 km\u00b2.<\/p>\n<h4 class=\"height-10\">\u00a0<em>Demografie<\/em><\/h4>\n<p>De eilanden tellen ongeveer 51.000 inwoners, de voertaal is Engels en het heeft als hoofdstad Basseterre.<\/p>\n<h4 class=\"height-10\">\u00a0<em>Klimaat <\/em><\/h4>\n<p>Het klimaat op Saint Kits en Nevis is tropisch te noemen met temperaturen van 22 &#8211; 30\u00b0C.\u00a0 Het grootste gedeelte van het jaar heeft de eilandengroep te maken met passaatwinden. De droogste periode is van januari tot april, ofschoon regenbuien het hele jaar kunnen voorkomen. Net als de andere Benedenwindse eilanden is er kans op tropische orkanen met name tussen augustus en oktober .<\/p>\n<h4 class=\"height-10\">\u00a0<em>Elektriciteit<\/em><\/h4>\n<p>De elektriciteitseenheid op Saint Kits en Nevis is\u00a0220-240 Volt.\u00a0 Men gebruikt het Britse type stopcontact, dus een wereldstekker of een geschikte adapter is nodig om uw apparatuur te kunnen laten werken.<br \/>\n<a id=\"informatie-voor-verhuizen-naar-Saint-kits-en-nevis\"><\/a><\/p>\n<h2>Informatie voor verhuizers naar Saint-kits-en-nevis<\/h2>\n<h3 class=\"height-10\"><em>Visum<\/em><\/h3>\n<p>Wanneer u Nederlands bent, dan heeft u een visum nodig om te kunnen werken in Saint Kitts. Wanneer u korter dan 90 dagen verblijft, dan heeft u mogelijk geen visum nodig. Leest u voor vertrek de <span style=\"color: #b02b08;\"><a title=\"Verhuizen naar Saint Kitts en Nevil visum\" href=\"http:\/\/www.stkittsnevisuk.com\/index.php\/visa-a-immigration\">regels inzake Visa op deze website<\/a>.<\/span><\/p>\n<p><span style=\"color: #cc0100;\">\u00a0<\/span><\/p>\n<h3 class=\"height-10\"><em>Huisvesting<\/em><\/h3>\n<h3 class=\"height-10\"><em>Onderwijs<\/em><\/h3>\n<p>&nbsp;<\/p>\n<h2>Verhuisinformatie<\/h2>\n<h3 class=\"height-10\"><em>Reistijd<\/em><\/h3>\n<p>Naar Saint Kits en Nevis is het ongeveer 12 uur vliegen. Houdt u rekening met 1 of 2 overstappen.<\/p>\n<h4 class=\"height-10\"><\/h4>\n<h3 class=\"height-10\"><em>Verscheeptijd<\/em><\/h3>\n<p>Naar Saint Kits en Nevis is het ongeveer 12 uur vliegen.<\/p>\n<h4 class=\"height-10\"><\/h4>\n<h3 class=\"height-10\"><em>Gevaarlijke goederen<\/em><\/h3>\n<p>Sommige goederen kunnen gevaarlijk zijn bij het verhuisproces. Wij raden u dan ook aan om de volgende goederen, voor het verhuisproces, uit uw huis te verwijderen:<\/p>\n<ul>\n<li>Brandbare vloeistoffen, zoals alcohol en reinigingsmiddelen<\/li>\n<li>Ontvlambare stoffen, zoals lucifers, houtskool\/briketten en verf<\/li>\n<li>Corroderende middelen, zoals zuren, bleekmiddelen en batterijen<\/li>\n<li>Samengeperste gassen, zoals spuitbussen en brandblussers<\/li>\n<li>Explosieven, zoals vuurwerk, wapens en munitie<\/li>\n<\/ul>\n<h3 class=\"height-10\"><em>De door u mee te nemen goederen<\/em><\/h3>\n<p>Het is gebruikelijk, als u gaat emigreren, om een deel van uw inboedel of uw gehele inboedel mee te nemen. Hier volgen wat tips voor u.<\/p>\n<p>U kunt voorbereidingen treffen, zoals het scheiden van goederen als u meer dan \u00e9\u00e9n verzending heeft. Met meer dan \u00e9\u00e9n verzending bedoelen wij verzendingen via scheepvaart en luchtvaart.<\/p>\n<p>U kunt zelf al wat goederen verpakken, maar wij raden u aan om breekbare goederen niet zelf in te pakken. Wanneer u zelf breekbare goederen inpakt, dan bent u niet meer verzekerd.<\/p>\n<p>Als u van plan bent om gasapparaten, zoals uw fornuis, mee te nemen, raden wij u aan om deze goederen te laten loskoppelen door een professional, zo worden de goederen losgekoppeld op basis van de voorschriften.<\/p>\n<p>Bent u van plan om uw koelkast en vriezer mee te nemen, dan is het verstandig om de apparaten 48 uur van te voren uit te zetten en de koelkast en vriezer van binnen en buiten te reinigen. Dit vermindert de kans op schimmels.<br \/>\nDe wasmachine is klaar voor vertrek als het filter leeg en droog gemaakt is.<\/p>\n<p>De elektronische apparaten die meegenomen worden, kunnen het best door uzelf ontkoppeld worden. U kunt dan zelf de draden labelen, zodat alles als \u00e9\u00e9n geheel bij elkaar blijft. Het verstandigst is om deze apparaten in de originele doos te verpakken en de batterijen uit de apparaten te verwijderen.<\/p>\n<p>Bent u van plan om fietsen, tuingereedschappen en andere tuinaccessoires mee te nemen naar Saint-kits-en-nevis, dan adviseren wij u om deze goederen grondig te reinigen. In verschillende landen worden deze goederen extra ge\u00efnspecteerd, in verband met overbrengen van plantenziektes. Plantenziektes ontstaan namelijk door verschillende soorten aarde die met elkaar in aanraking komen.<\/p>\n<p>Tenslotte adviseren wij u om van kostbare goederen foto&#8217;s te maken, dan kunt u altijd aantonen bij schade of verlies wat u in bezit had.<br \/>\n<a id=\"plannen-om-te-verhuizen-naar-Saint-kits-en-nevis\"><\/a><\/p>\n<h2>Plannen om te emigreren naar Saint Kits en Nevis?<\/h2>\n<p>Ziet u het helemaal zitten om naar Saint Kits en Nevis te verhuizen, maar u kunt wat hulp gebruiken voor de verhuizing? KHZ Movers is u graag van dienst. AGS KHZ \u00a0is jarenlang specialist in caribische bestemmingen. \u00a0AGS KHZ neemt graag uw zorgen in eigen handen en zorgt ervoor dat al uw spullen op de door u genoemde bestemming komen. Heeft u interesse in \u00e9\u00e9n van onze diensten?<\/p>\n<h2><\/h2>\n<h2>Meer informatie over verhuizen naar Saint Kits en Nevis<\/h2>\n<p>Wilt u ook zorgeloos verhuizen naar Saint Kits en Nevis? Neem dan contact met ons op via:\u00a0<strong>Telefoon:<\/strong>\u00a0<span class=\"baec5a81-e4d6-4674-97f3-e9220f0136c1\">+31 (0)172 44 99 77<\/span><\/p>\n<ul>\n<li><strong><a href=\"\/contact\/\">Contactpagina AGS KHZ<\/a><\/strong><\/li>\n<li><a href=\"https:\/\/www.khz-movers.com\/aanvraagverhuisofferte\/\"><strong>Een verhuisofferte aanvragen<\/strong><\/a><\/li>\n<\/ul>\n<p>[\/et_pb_text][\/et_pb_column][\/et_pb_row][\/et_pb_section]<\/p>\n","protected":false},"excerpt":{"rendered":"<p><div class=\"et_pb_section et_pb_section_0 et_section_regular\" >\n\t\t\t\t\n\t\t\t\t\n\t\t\t\t\n\t\t\t\t\n\t\t\t\t\n\t\t\t\t\n\t\t\t\t\n\t\t\t\t\n\t\t\t\t\n\t\t\t<\/div><div class=\"et_pb_row et_pb_row_0 et_pb_row_empty\">\n\t\t\t\t\n\t\t\t\t\n\t\t\t\t\n\t\t\t\t\n\t\t\t\t\n\t\t\t<\/div><div class=\"et_pb_module et_pb_text et_pb_text_0  et_pb_text_align_left et_pb_bg_layout_light\">\n\t\t\t\t\n\t\t\t\t\n\t\t\t\t\n\t\t\t\t\n\t\t\t\t\n\t\t\t<\/div> Emigreren naar Saint Kits en Nevis Emigreren naar Saint Kits en Nevis is een van de specialiteiten van AGS KHZ. Met onze lokale partner Meyer Moving verzorgen wij vanuit Nederland of Europa uw verhuizing, en zorgen wij in de Kleine Antillen, waar Saint Kits en Nevis deel vanuit maakt, dat alles op een Nederlandse [&hellip;]<\/p>\n","protected":false},"author":32,"featured_media":0,"parent":0,"menu_order":0,"comment_status":"closed","ping_status":"open","template":"","meta":{"_et_pb_use_builder":"on","_et_pb_old_content":"","_et_gb_content_width":"","footnotes":""},"class_list":["post-1351","page","type-page","status-publish","hentry"],"_links":{"self":[{"href":"https:\/\/staging.khz-movers.com\/en\/wp-json\/wp\/v2\/pages\/1351","targetHints":{"allow":["GET"]}}],"collection":[{"href":"https:\/\/staging.khz-movers.com\/en\/wp-json\/wp\/v2\/pages"}],"about":[{"href":"https:\/\/staging.khz-movers.com\/en\/wp-json\/wp\/v2\/types\/page"}],"author":[{"embeddable":true,"href":"https:\/\/staging.khz-movers.com\/en\/wp-json\/wp\/v2\/users\/32"}],"replies":[{"embeddable":true,"href":"https:\/\/staging.khz-movers.com\/en\/wp-json\/wp\/v2\/comments?post=1351"}],"version-history":[{"count":0,"href":"https:\/\/staging.khz-movers.com\/en\/wp-json\/wp\/v2\/pages\/1351\/revisions"}],"wp:attachment":[{"href":"https:\/\/staging.khz-movers.com\/en\/wp-json\/wp\/v2\/media?parent=1351"}],"curies":[{"name":"wp","href":"https:\/\/api.w.org\/{rel}","templated":true}]}}