{"id":1355,"date":"2015-12-03T12:46:21","date_gmt":"2015-12-03T11:46:21","guid":{"rendered":"https:\/\/staging.khz-movers.com\/private\/international\/country-information\/verhuizen-naar-frankrijk\/?lang=en"},"modified":"2024-10-10T14:00:34","modified_gmt":"2024-10-10T12:00:34","slug":"verhuizen-naar-frankrijk","status":"publish","type":"page","link":"https:\/\/staging.khz-movers.com\/en\/private\/country-information\/verhuizen-naar-frankrijk\/","title":{"rendered":"Verhuizen naar Frankrijk"},"content":{"rendered":"<p>[et_pb_section][et_pb_row][et_pb_column type=&#8221;4_4&#8243;][et_pb_text]<\/p>\n<h2><a class=\"dt-single-image\" href=\"https:\/\/www.khz-movers.com\/wp-content\/uploads\/2015\/12\/verhuizen-naar-frankrijk.png\"><img loading=\"lazy\" decoding=\"async\" class=\"alignnone size-full wp-image-945\" src=\"https:\/\/www.khz-movers.com\/wp-content\/uploads\/2015\/12\/verhuizen-naar-frankrijk.png\" alt=\"verhuizen-naar-frankrijk\" width=\"800\" height=\"211\" srcset=\"https:\/\/staging.khz-movers.com\/wp-content\/uploads\/2015\/12\/verhuizen-naar-frankrijk.png 800w, https:\/\/staging.khz-movers.com\/wp-content\/uploads\/2015\/12\/verhuizen-naar-frankrijk-300x79.png 300w\" sizes=\"(max-width: 800px) 100vw, 800px\" \/><\/a><\/h2>\n<h2>Verhuizen naar Frankrijk<\/h2>\n<p>De goede keuken, heerlijke wijnen, het ruige berglandschap, maar ook de mooie stranden aan de Middellandse zee. Of misschien gaat u wel een nieuw \u2018werk avontuur\u2019 tegemoet. Er zijn genoeg redenen om te <strong>verhuizen naar Frankrijk<\/strong>. Ook is er veel leefruimte in Frankrijk, ideaal voor mensen die het drukke leven uit, bijvoorbeeld, de randstad willen ontvluchten.<\/p>\n<p>&nbsp;<\/p>\n<h2>Wat uw reden om naar Frankrijk te verhuizen ook is<\/h2>\n<p>Er zullen heel wat zaken geregeld moeten worden. Want verhuizen naar het buitenland houdt meer in dan uw spullen van A naar B te vervoeren. Kunt u wel al uw spullen meenemen? Hoe zit dat met uw auto, kunt u daar blijven rondrijden met uw Nederlandse kenteken? Hoe wordt het transport eigenlijk geregeld? Voor al deze praktische zaken biedt KHZ u een compleet verhuispakket aan zodat u zorgeloos kunt verhuizen naar Frankrijk<\/p>\n<p>Dit verhuispakket bestaat onder anderen uit:<\/p>\n<ul>\n<li>een <a href=\"https:\/\/www.khz-movers.com\/uw-verhuismanager\/\">persoonlijke verhuismanager<\/a> die u 24\/7 kunt bereiken;<\/li>\n<li>een gedetailleerde planning van uw verhuizing, om verrassingen te voorkomen;<\/li>\n<li>veilig verpakken van uw eigendommen voor het transport naar Frankrijk;<\/li>\n<li>vervoer van uw eigendommen van deur tot deur;<\/li>\n<li><a href=\"https:\/\/www.khz-movers.com\/relocation-services\/\">relocation service<\/a><\/li>\n<\/ul>\n<div><\/div>\n<h2>De verhuisexperts van AGS KHZ<\/h2>\n<p>Hebben jarenlange ervaring met <a href=\"https:\/\/www.khz-movers.com\/internationaal-verhuizen\/\">internationale verhuizingen<\/a>, wereldwijd. Zij kunnen u tot in detail vertellen wat u mag verwachten. U kunt ook gratis en geheel vrijblijvend een <strong><span style=\"color: #b02b08;\"><a title=\"Afspraak maken voor uw verhuizing naar Frankrijk\" href=\"\/verhuis-infobezoek-aanvragen\/\">afspraak voor een infobezoek aanvragen<\/a><\/span><\/strong>. Dan komen wij bij u langs om al uw <strong>vragen over uw verhuizing naar Frankrijk<\/strong> te beantwoorden.<\/p>\n<p>&nbsp;<\/p>\n<h2>Meer weten over verhuizen naar Frankrijk?<\/h2>\n\n<div class=\"wpcf7 no-js\" id=\"wpcf7-f292-o1\" lang=\"nl-NL\" dir=\"ltr\" data-wpcf7-id=\"292\">\n<div class=\"screen-reader-response\"><p role=\"status\" aria-live=\"polite\" aria-atomic=\"true\"><\/p> <ul><\/ul><\/div>\n<form action=\"\/en\/wp-json\/wp\/v2\/pages\/1355#wpcf7-f292-o1\" method=\"post\" class=\"wpcf7-form init\" aria-label=\"Contactformulier\" autocomplete=\"off\" novalidate=\"novalidate\" data-status=\"init\">\n<fieldset class=\"hidden-fields-container\"><input type=\"hidden\" name=\"_wpcf7\" value=\"292\" \/><input type=\"hidden\" name=\"_wpcf7_version\" value=\"6.1.1\" \/><input type=\"hidden\" name=\"_wpcf7_locale\" value=\"nl_NL\" \/><input type=\"hidden\" name=\"_wpcf7_unit_tag\" value=\"wpcf7-f292-o1\" \/><input type=\"hidden\" name=\"_wpcf7_container_post\" value=\"0\" \/><input type=\"hidden\" name=\"_wpcf7_posted_data_hash\" value=\"\" \/><input type=\"hidden\" name=\"_wpcf7_recaptcha_response\" value=\"\" \/>\n<\/fieldset>\n<p>Naam:\n<\/p>\n<p><span class=\"wpcf7-form-control-wrap\" data-name=\"your-name\"><input size=\"40\" maxlength=\"400\" class=\"wpcf7-form-control wpcf7-text wpcf7-validates-as-required\" aria-required=\"true\" aria-invalid=\"false\" value=\"\" type=\"text\" name=\"your-name\" \/><\/span>\n<\/p>\n<p>Email:\n<\/p>\n<p><span class=\"wpcf7-form-control-wrap\" data-name=\"your-email\"><input size=\"40\" maxlength=\"400\" class=\"wpcf7-form-control wpcf7-email wpcf7-validates-as-required wpcf7-text wpcf7-validates-as-email\" aria-required=\"true\" aria-invalid=\"false\" value=\"\" type=\"email\" name=\"your-email\" \/><\/span>\n<\/p>\n<p>Telefoon:\n<\/p>\n<p><span class=\"wpcf7-form-control-wrap\" data-name=\"telefoon\"><input size=\"40\" maxlength=\"400\" class=\"wpcf7-form-control wpcf7-tel wpcf7-text wpcf7-validates-as-tel\" aria-invalid=\"false\" value=\"\" type=\"tel\" name=\"telefoon\" \/><\/span>\n<\/p>\n<p>Bericht:\n<\/p>\n<p><span class=\"wpcf7-form-control-wrap\" data-name=\"your-message\"><textarea cols=\"40\" rows=\"10\" maxlength=\"2000\" class=\"wpcf7-form-control wpcf7-textarea\" aria-invalid=\"false\" name=\"your-message\"><\/textarea><\/span>\n<\/p>\n<p><span class=\"wpcf7-form-control-wrap\" data-name=\"gdpr\"><span class=\"wpcf7-form-control wpcf7-acceptance\"><span class=\"wpcf7-list-item\"><label><input type=\"checkbox\" name=\"gdpr\" value=\"1\" aria-invalid=\"false\" \/><span class=\"wpcf7-list-item-label\">Wanneer je dit formulier gebruikt, ga je akkoord met de opslag en verwerking van jouw gegevens door deze website.<\/span><\/label><\/span><\/span><\/span>\n<\/p>\n<div>\n<span class=\"wpcf7-form-control-wrap recaptcha\" data-name=\"recaptcha\"><span data-sitekey=\"6LcumtsaAAAAAGg4bRhXi_1rsHw2_0I6H_xCdyMj\" class=\"wpcf7-form-control wpcf7-recaptcha g-recaptcha\"><\/span>\r\n<noscript>\r\n\t<div class=\"grecaptcha-noscript\">\r\n\t\t<iframe loading=\"lazy\" src=\"https:\/\/www.google.com\/recaptcha\/api\/fallback?k=6LcumtsaAAAAAGg4bRhXi_1rsHw2_0I6H_xCdyMj\" frameborder=\"0\" scrolling=\"no\" width=\"310\" height=\"430\">\r\n\t\t<\/iframe>\r\n\t\t<textarea name=\"g-recaptcha-response\" rows=\"3\" cols=\"40\" placeholder=\"reCaptcha antwoord hier\">\r\n\t\t<\/textarea>\r\n\t<\/div>\r\n<\/noscript>\r\n<\/span>\n<\/div>\n<p><input class=\"wpcf7-form-control wpcf7-submit has-spinner\" type=\"submit\" value=\"Verzenden\" \/>\n<\/p><div class=\"wpcf7-response-output\" aria-hidden=\"true\"><\/div>\n<\/form>\n<\/div>\n\n<p>&nbsp;<\/p>\n<h2>Enkele tips voorafgaand aan verhuizing naar Frankrijk<\/h2>\n<div><\/div>\n<h3>Leer alvast voldoende Frans<\/h3>\n<p>om bijvoorbeeld de weg te vragen en boodschappen te doen. In Frankrijk wordt dit enorm gewaardeerd door de lokale bevolking. Daarnaast geldt dat, zeker in kleinere dorpjes, lang niet iedereen Engels spreekt.<\/p>\n<p>&nbsp;<\/p>\n<h3>Verdiep u in de Franse cultuur,<\/h3>\n<p>zoals eetgewoonten en omgangsnormen. In Frankrijk is het bijvoorbeeld heel normaal om, bijvoorbeeld, pas \u2019s avonds om 22:00 uur te beginnen met avondeten. Mocht u bij iemand op bezoek gaan, of bezoek ontvangen, is het wel handig om dit te weten. En zo zijn er nog veel meer zaken waarin Frankrijk verschilt met Nederland.<\/p>\n<p>&nbsp;<\/p>\n<h3>Een verblijfsvergunning voor Frankrijk?<\/h3>\n<p>Officieel is het niet meer nodig om een verblijfsvergunning, een zogenaamde: carte de s\u00e9jour communaut\u00e9 europ\u00e9enne, aan te vragen. Als inwoner van de Europese unie (EU) bent u vrij om te wonen en te werken in alle lidstaten van de EU te wonen en te werken.<\/p>\n<p>Wilt u zich permanent aan vestigen in Frankrijk? Dan kan het wel handig om deze carte de s\u00e9jour communaut\u00e9 europ\u00e9enne aan te vragen. U kunt deze bijvoorbeeld gebruiken als identiteitskaart.<\/p>\n<p>&nbsp;<\/p>\n<h2>Wilt u ook zorgeloos verhuizen naar Frankrijk?<\/h2>\n<p>Wij kunnen u bijstaan met alle zaken die komen kijken bij het verhuizen naar Frankrijk. Verhuizen is tenslotte wat anders dan een vakantie.<\/p>\n<p>&nbsp;<\/p>\n<h2>Meer informatie over verhuizen naar Frankrijk<\/h2>\n<p>Wilt u ook zorgeloos verhuizen naar Frankrijk? Neem dan contact met ons op via:\u00a0<strong>Telefoon:<\/strong>\u00a0<span class=\"baec5a81-e4d6-4674-97f3-e9220f0136c1\">+31 (0)172 44 99 77\u00a0<\/span><\/p>\n<p>\n<div class=\"wpcf7 no-js\" id=\"wpcf7-f4611-o2\" lang=\"nl-NL\" dir=\"ltr\" data-wpcf7-id=\"4611\">\n<div class=\"screen-reader-response\"><p role=\"status\" aria-live=\"polite\" aria-atomic=\"true\"><\/p> <ul><\/ul><\/div>\n<form action=\"\/en\/wp-json\/wp\/v2\/pages\/1355#wpcf7-f4611-o2\" method=\"post\" class=\"wpcf7-form init\" aria-label=\"Contactformulier\" enctype=\"multipart\/form-data\" autocomplete=\"off\" novalidate=\"novalidate\" data-status=\"init\">\n<fieldset class=\"hidden-fields-container\"><input type=\"hidden\" name=\"_wpcf7\" value=\"4611\" \/><input type=\"hidden\" name=\"_wpcf7_version\" value=\"6.1.1\" \/><input type=\"hidden\" name=\"_wpcf7_locale\" value=\"nl_NL\" \/><input type=\"hidden\" name=\"_wpcf7_unit_tag\" value=\"wpcf7-f4611-o2\" \/><input type=\"hidden\" name=\"_wpcf7_container_post\" value=\"0\" \/><input type=\"hidden\" name=\"_wpcf7_posted_data_hash\" value=\"\" \/><input type=\"hidden\" name=\"_wpcf7_recaptcha_response\" value=\"\" \/>\n<\/fieldset>\n<p>&nbsp;\n<\/p>\n<p><small>Velden met een * zijn verplicht<\/small>\n<\/p>\n<p>&nbsp;\n<\/p>\n<table class=\"form\">\n\t<tr>\n\t\t<td>\n\t\t\t<p><label>Achternaam*<\/label>\n\t\t\t<\/p>\n\t\t<\/td>\n\t\t<td>\n\t\t\t<p><span class=\"wpcf7-form-control-wrap\" data-name=\"achternaam\"><input size=\"40\" maxlength=\"400\" class=\"wpcf7-form-control wpcf7-text wpcf7-validates-as-required\" aria-required=\"true\" aria-invalid=\"false\" value=\"\" type=\"text\" name=\"achternaam\" \/><\/span>\n\t\t\t<\/p>\n\t\t<\/td>\n\t<\/tr>\n\t<tr>\n\t\t<td>\n\t\t\t<p><label>Aanhef<\/label>\n\t\t\t<\/p>\n\t\t<\/td>\n\t\t<td>\n\t\t\t<p><span class=\"wpcf7-form-control-wrap\" data-name=\"aanhef\"><select class=\"wpcf7-form-control wpcf7-select\" aria-invalid=\"false\" name=\"aanhef\"><option value=\"\">&#8212;Kies een optie&#8212;<\/option><option value=\"Meneer\">Meneer<\/option><option value=\"Mevrouw\">Mevrouw<\/option><\/select><\/span>\n\t\t\t<\/p>\n\t\t<\/td>\n\t<\/tr>\n\t<tr>\n\t\t<td>\n\t\t\t<p><label>E-mailadres*<\/label>\n\t\t\t<\/p>\n\t\t<\/td>\n\t\t<td>\n\t\t\t<p><span class=\"wpcf7-form-control-wrap\" data-name=\"email\"><input size=\"40\" maxlength=\"400\" class=\"wpcf7-form-control wpcf7-email wpcf7-validates-as-required wpcf7-text wpcf7-validates-as-email\" aria-required=\"true\" aria-invalid=\"false\" value=\"\" type=\"email\" name=\"email\" \/><\/span>\n\t\t\t<\/p>\n\t\t<\/td>\n\t<\/tr>\n\t<tr>\n\t\t<td>\n\t\t\t<p><label>Telefoonnummer*<\/label>\n\t\t\t<\/p>\n\t\t<\/td>\n\t\t<td>\n\t\t\t<p><span class=\"wpcf7-form-control-wrap\" data-name=\"telefoon\"><input size=\"40\" maxlength=\"400\" class=\"wpcf7-form-control wpcf7-tel wpcf7-validates-as-required wpcf7-text wpcf7-validates-as-tel\" aria-required=\"true\" aria-invalid=\"false\" value=\"\" type=\"tel\" name=\"telefoon\" \/><\/span>\n\t\t\t<\/p>\n\t\t<\/td>\n\t<\/tr>\n\t<tr>\n\t\t<td>\n\t\t\t<p><label>Contactvoorkeur<\/label>\n\t\t\t<\/p>\n\t\t<\/td>\n\t\t<td>\n\t\t\t<p><span class=\"wpcf7-form-control-wrap\" data-name=\"contactvoorkeur\"><select class=\"wpcf7-form-control wpcf7-select wpcf7-validates-as-required\" aria-required=\"true\" aria-invalid=\"false\" name=\"contactvoorkeur\"><option value=\"\">&#8212;Kies een optie&#8212;<\/option><option value=\"Telefoon\">Telefoon<\/option><option value=\"E-mail\">E-mail<\/option><\/select><\/span>\n\t\t\t<\/p>\n\t\t<\/td>\n\t<\/tr>\n\t<tr>\n\t\t<td>\n\t\t<\/td>\n\t\t<td>\n\t\t\t<p><span class=\"showhidden\"><i class=\"fa fa-check\" aria-hidden=\"true\"><\/i>Ik wil meer informatie opgeven (de locatie en\/of periode)<\/span>\n\t\t\t<\/p>\n\t\t<\/td>\n\t<\/tr>\n\t<tr class=\"hidden\">\n\t\t<td colspan=\"2\">\n\t\t\t<p>&nbsp;\n\t\t\t<\/p>\n\t\t<\/td>\n\t<\/tr>\n\t<tr class=\"hidden\">\n\t\t<td>\n\t\t\t<p><label><strong>Adres<\/strong><\/label>\n\t\t\t<\/p>\n\t\t<\/td>\n\t\t<td>\n\t\t\t<p><span class=\"floatleft\">Van<\/span><span class=\"floatright\">Naar<\/span>\n\t\t\t<\/p>\n\t\t\t<div class=\"clear\">\n\t\t\t<\/div>\n\t\t<\/td>\n\t<\/tr>\n\t<tr class=\"hidden\">\n\t\t<td>\n\t\t\t<p><label>Straat<\/label>\n\t\t\t<\/p>\n\t\t<\/td>\n\t\t<td>\n\t\t\t<p><span class=\"wpcf7-form-control-wrap\" data-name=\"van-straat\"><input size=\"40\" maxlength=\"400\" class=\"wpcf7-form-control wpcf7-text floatleft\" aria-invalid=\"false\" value=\"\" type=\"text\" name=\"van-straat\" \/><\/span><span class=\"wpcf7-form-control-wrap\" data-name=\"naar-straat\"><input size=\"40\" maxlength=\"400\" class=\"wpcf7-form-control wpcf7-text floatright\" aria-invalid=\"false\" value=\"\" type=\"text\" name=\"naar-straat\" \/><\/span>\n\t\t\t<\/p>\n\t\t\t<div class=\"clear\">\n\t\t\t<\/div>\n\t\t<\/td>\n\t<\/tr>\n\t<tr class=\"hidden\">\n\t\t<td>\n\t\t\t<p><label>Postcode<\/label>\n\t\t\t<\/p>\n\t\t<\/td>\n\t\t<td>\n\t\t\t<p><span class=\"wpcf7-form-control-wrap\" data-name=\"van-postcode\"><input size=\"40\" maxlength=\"400\" class=\"wpcf7-form-control wpcf7-text floatleft\" aria-invalid=\"false\" value=\"\" type=\"text\" name=\"van-postcode\" \/><\/span><span class=\"wpcf7-form-control-wrap\" data-name=\"naar-postcode\"><input size=\"40\" maxlength=\"400\" class=\"wpcf7-form-control wpcf7-text floatright\" aria-invalid=\"false\" value=\"\" type=\"text\" name=\"naar-postcode\" \/><\/span>\n\t\t\t<\/p>\n\t\t\t<div class=\"clear\">\n\t\t\t<\/div>\n\t\t<\/td>\n\t<\/tr>\n\t<tr class=\"hidden\">\n\t\t<td>\n\t\t\t<p><label>Woonplaats<\/label>\n\t\t\t<\/p>\n\t\t<\/td>\n\t\t<td>\n\t\t\t<p><span class=\"wpcf7-form-control-wrap\" data-name=\"van-woonplaats\"><input size=\"40\" maxlength=\"400\" class=\"wpcf7-form-control wpcf7-text floatleft\" aria-invalid=\"false\" value=\"\" type=\"text\" name=\"van-woonplaats\" \/><\/span><span class=\"wpcf7-form-control-wrap\" data-name=\"naar-woonplaats\"><input size=\"40\" maxlength=\"400\" class=\"wpcf7-form-control wpcf7-text floatright\" aria-invalid=\"false\" value=\"\" type=\"text\" name=\"naar-woonplaats\" \/><\/span>\n\t\t\t<\/p>\n\t\t\t<div class=\"clear\">\n\t\t\t<\/div>\n\t\t<\/td>\n\t<\/tr>\n\t<tr class=\"hidden\">\n\t\t<td>\n\t\t\t<p><label>Land<\/label>\n\t\t\t<\/p>\n\t\t<\/td>\n\t\t<td>\n\t\t\t<p><span class=\"wpcf7-form-control-wrap\" data-name=\"van-land\"><input size=\"40\" maxlength=\"400\" class=\"wpcf7-form-control wpcf7-text floatleft\" aria-invalid=\"false\" value=\"\" type=\"text\" name=\"van-land\" \/><\/span><span class=\"wpcf7-form-control-wrap\" data-name=\"naar-land\"><input size=\"40\" maxlength=\"400\" class=\"wpcf7-form-control wpcf7-text floatright\" aria-invalid=\"false\" value=\"\" type=\"text\" name=\"naar-land\" \/><\/span>\n\t\t\t<\/p>\n\t\t\t<div class=\"clear\">\n\t\t\t<\/div>\n\t\t<\/td>\n\t<\/tr>\n\t<tr class=\"hidden\">\n\t\t<td>\n\t\t\t<p><label>Verhuisperiode<\/label>\n\t\t\t<\/p>\n\t\t<\/td>\n\t\t<td>\n\t\t\t<p><span class=\"wpcf7-form-control-wrap\" data-name=\"verhuisperiode\"><input size=\"40\" maxlength=\"400\" class=\"wpcf7-form-control wpcf7-text\" aria-invalid=\"false\" value=\"\" type=\"text\" name=\"verhuisperiode\" \/><\/span>\n\t\t\t<\/p>\n\t\t<\/td>\n\t<\/tr>\n\t<tr class=\"hidden\">\n\t\t<td>\n\t\t\t<p><label>Opslag gewenst<\/label>\n\t\t\t<\/p>\n\t\t<\/td>\n\t\t<td>\n\t\t\t<p><span class=\"wpcf7-form-control-wrap\" data-name=\"opslag\"><select class=\"wpcf7-form-control wpcf7-select\" aria-invalid=\"false\" name=\"opslag\"><option value=\"\">&#8212;Kies een optie&#8212;<\/option><option value=\"Ja\">Ja<\/option><option value=\"Nee\">Nee<\/option><\/select><\/span>\n\t\t\t<\/p>\n\t\t<\/td>\n\t<\/tr>\n\t<tr class=\"hidden\">\n\t\t<td colspan=\"2\">\n\t\t\t<p>&nbsp;\n\t\t\t<\/p>\n\t\t<\/td>\n\t<\/tr>\n\t<tr class=\"hidden\">\n\t\t<td>\n\t\t\t<p><label><strong>Inboedel<\/strong><\/label>\n\t\t\t<\/p>\n\t\t<\/td>\n\t\t<td>\n\t\t\t<p><span><em>Indien u een lijst heeft van de te verhuizen goederen kunt u deze...<\/em><\/span>\n\t\t\t<\/p>\n\t\t<\/td>\n\t<\/tr>\n\t<tr class=\"hidden\">\n\t\t<td>\n\t\t\t<p><label>A. hier uploaden<\/label>\n\t\t\t<\/p>\n\t\t<\/td>\n\t\t<td>\n\t\t\t<p><span class=\"wpcf7-form-control-wrap\" data-name=\"inboedel-bestand\"><input size=\"40\" class=\"wpcf7-form-control wpcf7-file\" accept=\".jpg,.jpeg,.png,.gif,.pdf,.doc,.docx,.ppt,.pptx,.txt,.xls,.xlsx,.odt,.ods\" aria-invalid=\"false\" type=\"file\" name=\"inboedel-bestand\" \/><\/span>\n\t\t\t<\/p>\n\t\t<\/td>\n\t<\/tr>\n\t<tr class=\"hidden\">\n\t\t<td>\n\t\t\t<p><label>B. naar dit veld kopi\u00ebren<\/label>\n\t\t\t<\/p>\n\t\t\t<p>&nbsp;\n\t\t\t<\/p>\n\t\t\t<p><span><em>Door een duidelijk inzicht in uw inboedel zijn wij in staat een betere prijsindicatie af te geven.<\/em><\/span>\n\t\t\t<\/p>\n\t\t<\/td>\n\t\t<td>\n\t\t\t<p><span class=\"wpcf7-form-control-wrap\" data-name=\"inboedel\"><textarea cols=\"40\" rows=\"10\" maxlength=\"2000\" class=\"wpcf7-form-control wpcf7-textarea\" aria-invalid=\"false\" name=\"inboedel\"><\/textarea><\/span>\n\t\t\t<\/p>\n\t\t<\/td>\n\t<\/tr>\n\t<tr class=\"hidden\">\n\t\t<td colspan=\"2\">\n\t\t\t<p>&nbsp;\n\t\t\t<\/p>\n\t\t<\/td>\n\t<\/tr>\n\t<tr class=\"hidden\">\n\t<\/tr>\n\t<tr class=\"hidden\">\n\t\t<td colspan=\"2\">\n\t\t\t<p>&nbsp;\n\t\t\t<\/p>\n\t\t<\/td>\n\t<\/tr>\n\t<tr>\n\t\t<td>\n\t\t<\/td>\n\t\t<td>\n\t\t\t<p><span class=\"wpcf7-form-control-wrap\" data-name=\"gdpr\"><span class=\"wpcf7-form-control wpcf7-acceptance\"><span class=\"wpcf7-list-item\"><label><input type=\"checkbox\" name=\"gdpr\" value=\"1\" aria-invalid=\"false\" \/><span class=\"wpcf7-list-item-label\">Wanneer je dit formulier gebruikt, ga je akkoord met de opslag en verwerking van jouw gegevens door deze website.<\/span><\/label><\/span><\/span><\/span>\n\t\t\t<\/p>\n\t\t\t<div>\n\t\t\t<span class=\"wpcf7-form-control-wrap recaptcha\" data-name=\"recaptcha\"><span data-sitekey=\"6LcumtsaAAAAAGg4bRhXi_1rsHw2_0I6H_xCdyMj\" class=\"wpcf7-form-control wpcf7-recaptcha g-recaptcha\"><\/span>\r\n<noscript>\r\n\t<div class=\"grecaptcha-noscript\">\r\n\t\t<iframe loading=\"lazy\" src=\"https:\/\/www.google.com\/recaptcha\/api\/fallback?k=6LcumtsaAAAAAGg4bRhXi_1rsHw2_0I6H_xCdyMj\" frameborder=\"0\" scrolling=\"no\" width=\"310\" height=\"430\">\r\n\t\t<\/iframe>\r\n\t\t<textarea name=\"g-recaptcha-response\" rows=\"3\" cols=\"40\" placeholder=\"reCaptcha antwoord hier\">\r\n\t\t<\/textarea>\r\n\t<\/div>\r\n<\/noscript>\r\n<\/span>\n\t\t\t<\/div>\n\t\t\t<p>&nbsp;<br \/>\n<input class=\"wpcf7-form-control wpcf7-submit has-spinner\" type=\"submit\" value=\"Aanvraag versturen\" \/><span class=\"cta\">Binnen een werkdag ontvangt u een reactie van ons.<\/span>\n\t\t\t<\/p>\n\t\t\t<div class=\"clear\">\n\t\t\t<\/div>\n\t\t<\/td>\n\t<\/tr>\n<\/table>\n<p><script>\njQuery(window).load(function() {\n jQuery('table.form .showhidden').click(function() {\n jQuery(this).toggleClass('active');\n jQuery('table.form .hidden').toggleClass('active');\n });\nif ( jQuery('.wpcf7-form').hasClass('sent') ){\n gtag('event', 'conversion', {'send_to': 'AW-825574687\/1b2ZCKqr9nkQn4rViQM'});\n}\n});\n<\/script>\n<\/p><div class=\"wpcf7-response-output\" aria-hidden=\"true\"><\/div>\n<\/form>\n<\/div>\n[\/et_pb_text][\/et_pb_column][\/et_pb_row][\/et_pb_section]<\/p>\n","protected":false},"excerpt":{"rendered":"<p><div class=\"et_pb_section et_pb_section_0 et_section_regular\" >\n\t\t\t\t\n\t\t\t\t\n\t\t\t\t\n\t\t\t\t\n\t\t\t\t\n\t\t\t\t\n\t\t\t\t\n\t\t\t\t\n\t\t\t\t\n\t\t\t<\/div><div class=\"et_pb_row et_pb_row_0 et_pb_row_empty\">\n\t\t\t\t\n\t\t\t\t\n\t\t\t\t\n\t\t\t\t\n\t\t\t\t\n\t\t\t<\/div><div class=\"et_pb_module et_pb_text et_pb_text_0  et_pb_text_align_left et_pb_bg_layout_light\">\n\t\t\t\t\n\t\t\t\t\n\t\t\t\t\n\t\t\t\t\n\t\t\t\t\n\t\t\t<\/div> Verhuizen naar Frankrijk De goede keuken, heerlijke wijnen, het ruige berglandschap, maar ook de mooie stranden aan de Middellandse zee. Of misschien gaat u wel een nieuw \u2018werk avontuur\u2019 tegemoet. Er zijn genoeg redenen om te verhuizen naar Frankrijk. Ook is er veel leefruimte in Frankrijk, ideaal voor mensen die het drukke leven uit, [&hellip;]<\/p>\n","protected":false},"author":32,"featured_media":0,"parent":608,"menu_order":0,"comment_status":"closed","ping_status":"open","template":"","meta":{"_et_pb_use_builder":"on","_et_pb_old_content":"","_et_gb_content_width":"","footnotes":""},"class_list":["post-1355","page","type-page","status-publish","hentry"],"_links":{"self":[{"href":"https:\/\/staging.khz-movers.com\/en\/wp-json\/wp\/v2\/pages\/1355","targetHints":{"allow":["GET"]}}],"collection":[{"href":"https:\/\/staging.khz-movers.com\/en\/wp-json\/wp\/v2\/pages"}],"about":[{"href":"https:\/\/staging.khz-movers.com\/en\/wp-json\/wp\/v2\/types\/page"}],"author":[{"embeddable":true,"href":"https:\/\/staging.khz-movers.com\/en\/wp-json\/wp\/v2\/users\/32"}],"replies":[{"embeddable":true,"href":"https:\/\/staging.khz-movers.com\/en\/wp-json\/wp\/v2\/comments?post=1355"}],"version-history":[{"count":0,"href":"https:\/\/staging.khz-movers.com\/en\/wp-json\/wp\/v2\/pages\/1355\/revisions"}],"up":[{"embeddable":true,"href":"https:\/\/staging.khz-movers.com\/en\/wp-json\/wp\/v2\/pages\/608"}],"wp:attachment":[{"href":"https:\/\/staging.khz-movers.com\/en\/wp-json\/wp\/v2\/media?parent=1355"}],"curies":[{"name":"wp","href":"https:\/\/api.w.org\/{rel}","templated":true}]}}