{"id":472,"date":"2015-12-07T15:17:49","date_gmt":"2015-12-07T14:17:49","guid":{"rendered":"https:\/\/staging.khz-movers.com\/?page_id=472&#038;lang=en"},"modified":"2024-02-02T12:27:36","modified_gmt":"2024-02-02T10:27:36","slug":"quality","status":"publish","type":"page","link":"https:\/\/staging.khz-movers.com\/en\/quality\/","title":{"rendered":"Quality"},"content":{"rendered":"<p>[et_pb_section fb_built=&#8221;1&#8243; fullwidth=&#8221;on&#8221; admin_label=&#8221;Title&#8221; _builder_version=&#8221;4.16&#8243; _module_preset=&#8221;default&#8221; locked=&#8221;off&#8221; collapsed=&#8221;on&#8221; global_colors_info=&#8221;{}&#8221;][et_pb_fullwidth_post_title meta=&#8221;off&#8221; featured_image=&#8221;off&#8221; _builder_version=&#8221;4.16&#8243; _module_preset=&#8221;default&#8221; title_text_align=&#8221;center&#8221; title_text_color=&#8221;#ffffff&#8221; title_font_size=&#8221;28px&#8221; background_color=&#8221;#b02b08&#8243; custom_padding=&#8221;40px||30px||false|false&#8221; global_colors_info=&#8221;{}&#8221;][\/et_pb_fullwidth_post_title][\/et_pb_section][et_pb_section fb_built=&#8221;1&#8243; admin_label=&#8221;Breadcrumbs&#8221; _builder_version=&#8221;4.16&#8243; _module_preset=&#8221;default&#8221; custom_padding=&#8221;0px||0px|||&#8221; locked=&#8221;off&#8221; collapsed=&#8221;on&#8221; global_colors_info=&#8221;{}&#8221;][et_pb_row _builder_version=&#8221;4.16&#8243; _module_preset=&#8221;default&#8221; width=&#8221;85%&#8221; max_width=&#8221;85%&#8221; global_colors_info=&#8221;{}&#8221;][et_pb_column type=&#8221;4_4&#8243; _builder_version=&#8221;4.16&#8243; _module_preset=&#8221;default&#8221; global_colors_info=&#8221;{}&#8221;][lwp_divi_breadcrumbs _builder_version=&#8221;4.16&#8243; _module_preset=&#8221;default&#8221; module_font_size=&#8221;11px&#8221; global_colors_info=&#8221;{}&#8221;][\/lwp_divi_breadcrumbs][\/et_pb_column][\/et_pb_row][\/et_pb_section][et_pb_section fb_built=&#8221;1&#8243; admin_label=&#8221;Content&#8221; _builder_version=&#8221;4.16&#8243; _module_preset=&#8221;default&#8221; custom_padding=&#8221;0px|||||&#8221; locked=&#8221;off&#8221; collapsed=&#8221;on&#8221; global_colors_info=&#8221;{}&#8221;][et_pb_row column_structure=&#8221;2_3,1_3&#8243; _builder_version=&#8221;4.16&#8243; _module_preset=&#8221;default&#8221; width=&#8221;85%&#8221; max_width=&#8221;85%&#8221; global_colors_info=&#8221;{}&#8221;][et_pb_column type=&#8221;2_3&#8243; _builder_version=&#8221;4.16&#8243; _module_preset=&#8221;default&#8221; global_colors_info=&#8221;{}&#8221;][et_pb_text admin_label=&#8221;Text&#8221; _builder_version=&#8221;4.23&#8243; hover_enabled=&#8221;0&#8243; global_colors_info=&#8221;{}&#8221; sticky_enabled=&#8221;0&#8243;]<\/p>\n<h2 style=\"margin: 20px 0px 10px; padding: 0px; box-sizing: border-box; clear: both; word-break: break-word; color: #676b6d; font: 500 30px \/ 1.1 'Open Sans', Helvetica, Arial, Verdana, sans-serif; text-transform: none; letter-spacing: normal; orphans: 2; text-align: start; text-indent: 0px; white-space: normal; widows: 2; word-spacing: 0px; -webkit-text-stroke-width: 0px; background-color: #ffffff; text-decoration-style: initial; text-decoration-color: initial;\">Quality \u2013 International Moving<\/h2>\n<p style=\"margin: 0px 0px 10px; padding: 0px; box-sizing: border-box; color: #676b6d; font-family: 'Open Sans', Helvetica, Arial, Verdana, sans-serif; font-size: 15px; font-style: normal; font-variant-ligatures: normal; font-variant-caps: normal; font-weight: 400; letter-spacing: normal; orphans: 2; text-align: start; text-indent: 0px; text-transform: none; white-space: normal; widows: 2; word-spacing: 0px; -webkit-text-stroke-width: 0px; background-color: #ffffff; text-decoration-style: initial; text-decoration-color: initial;\"><strong style=\"margin: 0px; padding: 0px; box-sizing: border-box; font-weight: bold;\">Quality is our first nature!<\/strong><\/p>\n<div style=\"margin: 0px; padding: 0px; box-sizing: border-box; color: #676b6d; font-family: 'Open Sans', Helvetica, Arial, Verdana, sans-serif; font-size: 15px; font-style: normal; font-variant-ligatures: normal; font-variant-caps: normal; font-weight: 400; letter-spacing: normal; orphans: 2; text-align: start; text-indent: 0px; text-transform: none; white-space: normal; widows: 2; word-spacing: 0px; -webkit-text-stroke-width: 0px; background-color: #ffffff; text-decoration-style: initial; text-decoration-color: initial;\">AGS Global Solutions \u2013 Netherlands is one of the largest and<span>\u00a0<\/span>most reliable <a href=\"https:\/\/www.khz-movers.com\/en\/\" style=\"color: #b02b08;\">removal companies<\/a> in the Netherlands. You can count on our superior service and management of your move(s). <a href=\"https:\/\/www.khz-movers.com\/en\/\" style=\"color: #b02b08;\">AGS Netherlands<\/a> complies with the highest quality standards in the removal industry by certified ISO 9001:2015 \u00a0(Quality Assurance), ISO 14001 (Environmental Care) &amp; FAIM PLUS. Experienced and well trained professionals will ensure a pleasant and smooth<span>\u00a0<\/span><a href=\"https:\/\/www.khz-movers.com\/en\/moveprocess\/\" style=\"margin: 0px; padding: 0px; box-sizing: border-box; text-decoration: none; color: #b02b08; background-color: transparent;\">removal process<\/a>. From the very first beginning until the last box has been unpacked.<\/div>\n<div style=\"margin: 0px; padding: 0px; box-sizing: border-box; color: #676b6d; font-family: 'Open Sans', Helvetica, Arial, Verdana, sans-serif; font-size: 15px; font-style: normal; font-variant-ligatures: normal; font-variant-caps: normal; font-weight: 400; letter-spacing: normal; orphans: 2; text-align: start; text-indent: 0px; text-transform: none; white-space: normal; widows: 2; word-spacing: 0px; -webkit-text-stroke-width: 0px; background-color: #ffffff; text-decoration-style: initial; text-decoration-color: initial;\"><strong style=\"margin: 0px; padding: 0px; box-sizing: border-box; font-weight: bold;\">AGS Netherlands is also proud to be AEO Certified to include Safety (Authorised Economic Operator)<\/strong><\/div>\n<div style=\"margin: 0px; padding: 0px; box-sizing: border-box; color: #676b6d; font-family: 'Open Sans', Helvetica, Arial, Verdana, sans-serif; font-size: 15px; font-style: normal; font-variant-ligatures: normal; font-variant-caps: normal; font-weight: 400; letter-spacing: normal; orphans: 2; text-align: start; text-indent: 0px; text-transform: none; white-space: normal; widows: 2; word-spacing: 0px; -webkit-text-stroke-width: 0px; background-color: #ffffff; text-decoration-style: initial; text-decoration-color: initial;\">\n<p style=\"margin: 0px 0px 10px; padding: 0px; box-sizing: border-box;\"><strong style=\"margin: 0px; padding: 0px; box-sizing: border-box; font-weight: bold;\">Membership \/ Affiliations<\/strong><\/p>\n<p style=\"margin: 0px 0px 10px; padding: 0px; box-sizing: border-box;\"><a class=\"dt-single-image mfp-ready\" href=\"https:\/\/staging.khz-movers.com\/wp-content\/uploads\/2015\/12\/Logo-FIDI-FAIM-plus.png\" data-dt-img-description=\"\" style=\"margin: 0px; padding: 0px; box-sizing: border-box; text-decoration: none; color: #b02b08; background-color: transparent;\"><img loading=\"lazy\" decoding=\"async\" class=\"alignnone size-full wp-image-6897\" src=\"https:\/\/staging.khz-movers.com\/wp-content\/uploads\/2015\/12\/Logo-FIDI-FAIM-plus.png\" alt=\"\" style=\"margin: 0px auto 10px; padding: 0px; box-sizing: border-box; border: 0px; vertical-align: middle; float: none; max-width: 100%; height: auto;\" width=\"123\" height=\"131\" \/><\/a><a class=\"dt-single-image mfp-ready\" href=\"https:\/\/staging.khz-movers.com\/wp-content\/uploads\/2017\/12\/faim-plus.png\" style=\"margin: 0px; padding: 0px; box-sizing: border-box; text-decoration: none; color: #b02b08; background-color: transparent;\"><img loading=\"lazy\" decoding=\"async\" class=\"alignnone wp-image-6911\" src=\"https:\/\/staging.khz-movers.com\/wp-content\/uploads\/2017\/12\/faim-plus.png\" alt=\"\" style=\"margin: 0px auto 10px; padding: 0px; box-sizing: border-box; border: 0px; vertical-align: middle; float: none; max-width: 100%; height: auto;\" width=\"142\" height=\"133\" \/><\/a><\/p>\n<p style=\"margin: 0px 0px 10px; padding: 0px; box-sizing: border-box;\">The best of the best is not good enough for AGS Netherlands. In order to guarantee you the best possible service, AGS Netherlands is proud member of following organizations:<\/p>\n<ul style=\"margin: 0px 0px 10px 20px; padding: 0px; box-sizing: border-box; list-style: disc;\">\n<li style=\"margin: 0px; padding: 0px; box-sizing: border-box;\"><strong style=\"margin: 0px; padding: 0px; box-sizing: border-box; font-weight: bold;\">FIDI<\/strong><span>\u00a0<\/span>(F\u00e9d\u00e9ration internationale des d\u00e9m\u00e9nageurs internationaux)\u00a0<a href=\"https:\/\/www.fidi.org\/\" style=\"margin: 0px; padding: 0px; box-sizing: border-box; text-decoration: none; color: #b02b08; background-color: transparent;\"><span style=\"margin: 0px; padding: 0px; box-sizing: border-box; color: #cc0100;\">www.fidi.org<\/span><\/a><span>\u00a0<\/span>with approximately 525 members worldwide. FIDI\u2019s mission is to provide a forum for the advancement of integrity, quality, and mutual co-operation to those companies focused on the intercontinental movement of household effects and to carry out programs and studies designed to help promote affiliates\u2019 competitiveness within the<span>\u00a0<\/span><a href=\"https:\/\/www.khz-movers.com\/en\/international-moving-company\/\" style=\"margin: 0px; padding: 0px; box-sizing: border-box; text-decoration: none; color: #b02b08; background-color: transparent;\">international moving<\/a><span>\u00a0<\/span>and<span>\u00a0<\/span><a href=\"https:\/\/www.khz-movers.com\/en\/storage-facts\/\" style=\"margin: 0px; padding: 0px; box-sizing: border-box; text-decoration: none; color: #b02b08; background-color: transparent;\">storage<\/a><span>\u00a0<\/span>marketplace. In addition to monitoring the quality standards, the organization audits the financial soundness of its members and offers a PPP (Payment Protection Plan) to ensure the quality and delivery of the goods in the country of destination.<\/li>\n<li style=\"margin: 0px; padding: 0px; box-sizing: border-box;\"><strong style=\"margin: 0px; padding: 0px; box-sizing: border-box; font-weight: bold;\">FIDI Netherlands and RIM<\/strong><span>\u00a0<\/span>FIDI Netherlands stands for the Dutch Association of International Removal Companies and RIM stands for Registered International Movers. Out of all approximately 160 removal companies in the Netherlands only approximately 12 companies now belong to the<span>\u00a0<\/span><a href=\"http:\/\/fidinetherlands.nl\/\" rel=\"nofollow\" style=\"margin: 0px; padding: 0px; box-sizing: border-box; text-decoration: none; color: #b02b08; background-color: transparent;\">FIDI Netherlands<\/a>.<\/li>\n<li style=\"margin: 0px; padding: 0px; box-sizing: border-box;\"><strong style=\"margin: 0px; padding: 0px; box-sizing: border-box; font-weight: bold;\">International Association of Movers<\/strong>\u00a0<a href=\"https:\/\/www.iamovers.org\/\" rel=\"nofollow\" style=\"margin: 0px; padding: 0px; box-sizing: border-box; text-decoration: none; color: #b02b08; background-color: transparent;\">https:\/\/www.iamovers.org\/<\/a><span>\u00a0<\/span>(former HHGFAA) AGS Netherlands has been a member of this largest organization in the world for over 30 years due to its market share position with removals to and from North America.<\/li>\n<\/ul>\n<\/div>\n<p>[\/et_pb_text][\/et_pb_column][et_pb_column type=&#8221;1_3&#8243; _builder_version=&#8221;4.16&#8243; _module_preset=&#8221;default&#8221; global_colors_info=&#8221;{}&#8221;][dica_divi_carousel show_items_desktop=&#8221;1&#8243; show_items_tablet=&#8221;2&#8243; loop=&#8221;on&#8221; autoplay=&#8221;on&#8221; hoverpause=&#8221;on&#8221; autoplay_speed=&#8221;3000&#8243; dot_nav=&#8221;on&#8221; item_spacing=&#8221;22&#8243; advanced_effect=&#8221;1&#8243; arrow_nav_color=&#8221;#ffffff&#8221; dots_color=&#8221;#b02b08&#8243; dots_active_color=&#8221;rgba(176,43,8,0.64)&#8221; image_sizing=&#8221;70%&#8221; arrow_position=&#8221;middle-outside&#8221; innercontent_padding=&#8221;10px|10px|10px|10px|true|true&#8221; item_padding=&#8221;|12px||12px|false|true&#8221; image_padding=&#8221;10px|10px|10px|10px|true|true&#8221; subtitle_margin=&#8221;||15px||false|false&#8221; social_container_padding=&#8221;22px||||false|false&#8221; arrow_position_tablet=&#8221;top&#8221; arrow_position_phone=&#8221;middle-inside&#8221; arrow_position_last_edited=&#8221;on|phone&#8221; _builder_version=&#8221;4.23&#8243; title_text_align=&#8221;center&#8221; title_font_size=&#8221;16px&#8221; subtitle_font_size=&#8221;15px&#8221; body_font_size=&#8221;12px&#8221; width=&#8221;280px&#8221; width_tablet=&#8221;100%&#8221; width_phone=&#8221;100%&#8221; width_last_edited=&#8221;on|phone&#8221; max_width=&#8221;280px&#8221; max_width_tablet=&#8221;100%&#8221; max_width_phone=&#8221;100%&#8221; max_width_last_edited=&#8221;on|desktop&#8221; module_alignment=&#8221;left&#8221; custom_css_image=&#8221;box-shadow: 0px 2px 13px 0px rgba(0,0,0,0.0);||transition: .3s;&#8221; border_color_all_item=&#8221;rgba(51,6,6,0.06)&#8221; border_radii_image=&#8221;on|50%|50%|50%|50%&#8221; border_color_all_image=&#8221;#c6c6c6&#8243; global_module=&#8221;240281&#8243; saved_tabs=&#8221;all&#8221; locked=&#8221;off&#8221; global_colors_info=&#8221;{}&#8221; custom_css_image__hover_enabled=&#8221;on|desktop&#8221; custom_css_image__hover=&#8221;box-shadow: 0px 2px 13px 0px rgba(0,0,0,0.3);&#8221;][dica_divi_carouselitem title=&#8221;Petra Hasselbach&#8221; sub_title=&#8221;Senior Account &#038; Relationship Manager&#8221; button_url_new_window=&#8221;1&#8243; image=&#8221;https:\/\/staging.khz-movers.com\/wp-content\/uploads\/2019\/04\/Petra.jpg&#8221; use_social_media=&#8221;on&#8221; facebook_url=&#8221;https:\/\/www.facebook.com\/KHZMovers\/&#8221; twitter_url=&#8221;https:\/\/twitter.com\/khzmovers&#8221; linkedin_url=&#8221;https:\/\/www.linkedin.com\/in\/petra-hasselbach-12570212\/&#8221; email_address=&#8221;P.Hasselbach@khz.nl&#8221; social_media_alignment=&#8221;center&#8221; facebook_color=&#8221;#b02b08&#8243; twitter_color=&#8221;#b02b08&#8243; linkedin_color=&#8221;#b02b08&#8243; instagram_color=&#8221;#b4038f&#8221; email_color=&#8221;#b02b08&#8243; facebook_bgcolor=&#8221;#ffffff&#8221; image_padding=&#8221;25px|25px|25px|25px|true|true&#8221; content_padding=&#8221;0|0|28px|0|false|false&#8221; _builder_version=&#8221;4.23&#8243; subtitle_text_align=&#8221;center&#8221; subtitle_text_color=&#8221;#717171&#8243; body_font=&#8221;Open Sans||||||||&#8221; body_text_align=&#8221;center&#8221; body_text_color=&#8221;#7f7f7f&#8221; body_font_size=&#8221;15px&#8221; background_enable_color=&#8221;off&#8221; custom_css_inner_wrapper=&#8221;border: 5px solid;||border-color: #e8e8e8;||border-radius: 10px;||transition: .3s;&#8221; global_colors_info=&#8221;{}&#8221; custom_css_inner_wrapper__hover_enabled=&#8221;on&#8221; custom_css_inner_wrapper__hover=&#8221;border-color: #ff7000;&#8221;]<\/p>\n<p>My customers mean the world to me<\/p>\n<p>[\/dica_divi_carouselitem][dica_divi_carouselitem title=&#8221;Carlos Pavon&#8221; sub_title=&#8221;Teamleader Operations&#8221; button_url_new_window=&#8221;1&#8243; image=&#8221;https:\/\/staging.khz-movers.com\/wp-content\/uploads\/2015\/12\/Carlos-Pavon.jpg&#8221; use_social_media=&#8221;on&#8221; facebook_url=&#8221;https:\/\/www.facebook.com\/KHZMovers\/&#8221; twitter_url=&#8221;https:\/\/twitter.com\/khzmovers&#8221; linkedin_url=&#8221;https:\/\/nl.linkedin.com\/in\/carlospavon&#8221; email_address=&#8221;C.Pavon@khz.nl&#8221; social_media_alignment=&#8221;center&#8221; facebook_color=&#8221;#b02b08&#8243; twitter_color=&#8221;#b02b08&#8243; linkedin_color=&#8221;#b02b08&#8243; instagram_color=&#8221;#b4038f&#8221; email_color=&#8221;#b02b08&#8243; facebook_bgcolor=&#8221;#ffffff&#8221; image_padding=&#8221;25px|25px|25px|25px|true|true&#8221; content_padding=&#8221;0|0|28px|0|false|false&#8221; _builder_version=&#8221;4.23&#8243; subtitle_text_align=&#8221;center&#8221; subtitle_text_color=&#8221;#717171&#8243; body_font=&#8221;Open Sans||||||||&#8221; body_text_align=&#8221;center&#8221; body_text_color=&#8221;#7f7f7f&#8221; body_font_size=&#8221;15px&#8221; background_enable_color=&#8221;off&#8221; custom_css_inner_wrapper=&#8221;border: 5px solid;||border-color: #e8e8e8;||border-radius: 10px;||transition: .3s;&#8221; global_colors_info=&#8221;{}&#8221; custom_css_inner_wrapper__hover_enabled=&#8221;on&#8221; custom_css_inner_wrapper__hover=&#8221;border-color: #ff7000;&#8221;]<\/p>\n<p>My job is to make sure all our moves are scheduled and executed perfectly!<\/p>\n<p>[\/dica_divi_carouselitem][dica_divi_carouselitem title=&#8221;Ineke Hulsbos&#8221; sub_title=&#8221;Teamleader&#8221; button_url_new_window=&#8221;1&#8243; image=&#8221;https:\/\/staging.khz-movers.com\/wp-content\/uploads\/2015\/12\/Ineke-Hulsbos.jpg&#8221; use_social_media=&#8221;on&#8221; facebook_url=&#8221;https:\/\/www.facebook.com\/KHZMovers\/&#8221; twitter_url=&#8221;https:\/\/twitter.com\/khzmovers&#8221; linkedin_url=&#8221;https:\/\/nl.linkedin.com\/in\/inekehulsbos&#8221; email_address=&#8221;I.Hulsbos@khz.nl&#8221; social_media_alignment=&#8221;center&#8221; facebook_color=&#8221;#b02b08&#8243; twitter_color=&#8221;#b02b08&#8243; linkedin_color=&#8221;#b02b08&#8243; instagram_color=&#8221;#b4038f&#8221; email_color=&#8221;#b02b08&#8243; facebook_bgcolor=&#8221;#ffffff&#8221; image_padding=&#8221;25px|25px|25px|25px|true|true&#8221; content_padding=&#8221;0|0|28px|0|false|false&#8221; _builder_version=&#8221;4.23&#8243; subtitle_text_align=&#8221;center&#8221; subtitle_text_color=&#8221;#717171&#8243; body_font=&#8221;Open Sans||||||||&#8221; body_text_align=&#8221;center&#8221; body_text_color=&#8221;#7f7f7f&#8221; body_font_size=&#8221;15px&#8221; background_enable_color=&#8221;off&#8221; custom_css_inner_wrapper=&#8221;border: 5px solid;||border-color: #e8e8e8;||border-radius: 10px;||transition: .3s;&#8221; global_colors_info=&#8221;{}&#8221; custom_css_inner_wrapper__hover_enabled=&#8221;on&#8221; custom_css_inner_wrapper__hover=&#8221;border-color: #ff7000;&#8221;]<\/p>\n<p>Move to go the extra mile preferably not when it rains hard<\/p>\n<p>[\/dica_divi_carouselitem][dica_divi_carouselitem title=&#8221;Carola Alink&#8221; sub_title=&#8221;Accountmanager&#8221; button_url_new_window=&#8221;1&#8243; image=&#8221;https:\/\/staging.khz-movers.com\/wp-content\/uploads\/2015\/12\/Carola-Alink.jpg&#8221; use_social_media=&#8221;on&#8221; facebook_url=&#8221;https:\/\/www.facebook.com\/KHZMovers\/&#8221; twitter_url=&#8221;https:\/\/twitter.com\/khzmovers&#8221; linkedin_url=&#8221;https:\/\/nl.linkedin.com\/in\/carola-alink-22634410b&#8221; email_address=&#8221;C.Koster@khz.nl&#8221; social_media_alignment=&#8221;center&#8221; facebook_color=&#8221;#b02b08&#8243; twitter_color=&#8221;#b02b08&#8243; linkedin_color=&#8221;#b02b08&#8243; instagram_color=&#8221;#b4038f&#8221; email_color=&#8221;#b02b08&#8243; facebook_bgcolor=&#8221;#ffffff&#8221; image_padding=&#8221;25px|25px|25px|25px|true|true&#8221; content_padding=&#8221;0|0|28px|0|false|false&#8221; _builder_version=&#8221;4.23&#8243; subtitle_text_align=&#8221;center&#8221; subtitle_text_color=&#8221;#717171&#8243; body_font=&#8221;Open Sans||||||||&#8221; body_text_align=&#8221;center&#8221; body_text_color=&#8221;#7f7f7f&#8221; body_font_size=&#8221;15px&#8221; background_enable_color=&#8221;off&#8221; custom_css_inner_wrapper=&#8221;border: 5px solid;||border-color: #e8e8e8;||border-radius: 10px;||transition: .3s;&#8221; global_colors_info=&#8221;{}&#8221; custom_css_inner_wrapper__hover_enabled=&#8221;on&#8221; custom_css_inner_wrapper__hover=&#8221;border-color: #ff7000;&#8221;]<\/p>\n<p>Maybe I&#8217;m not the tallest of the bunch, but surely I am the quickest<\/p>\n<p>[\/dica_divi_carouselitem][\/dica_divi_carousel][\/et_pb_column][\/et_pb_row][\/et_pb_section]<\/p>\n","protected":false},"excerpt":{"rendered":"<p><div class=\"et_pb_module lwp_divi_breadcrumbs lwp_divi_breadcrumbs_0\">\n\t\t\t\t\n\t\t\t\t\n\t\t\t\t\n\t\t\t\t\n\t\t\t\t\n\t\t\t\t\n\t\t\t\t<div class=\"et_pb_module_inner\">\n\t\t\t\t\t<div class=\"lwp-breadcrumbs\"> <span class=\"before\"><\/span> <span vocab=\"https:\/\/schema.org\/\" typeof=\"BreadcrumbList\"><span property=\"itemListElement\" typeof=\"ListItem\"><a property=\"item\" typeof=\"WebPage\" href=\"https:\/\/staging.khz-movers.com\/en\/\" class=\"home\"><span property=\"name\">Home<\/span><\/a><meta property=\"position\" content=\"1\"><\/span> <span class=\"separator et-pb-icon\">&#x39;<\/span> <\/span><\/div>\n\t\t\t\t<\/div>\n\t\t\t<\/div>Quality \u2013 International Moving Quality is our first nature! AGS Global Solutions \u2013 Netherlands is one of the largest and\u00a0most reliable removal companies in the Netherlands. You can count on our superior service and management of your move(s). AGS Netherlands complies with the highest quality standards in the removal industry by [&hellip;]<\/p>\n","protected":false},"author":32,"featured_media":0,"parent":0,"menu_order":0,"comment_status":"closed","ping_status":"open","template":"","meta":{"_et_pb_use_builder":"on","_et_pb_old_content":"","_et_gb_content_width":"","footnotes":""},"class_list":["post-472","page","type-page","status-publish","hentry"],"_links":{"self":[{"href":"https:\/\/staging.khz-movers.com\/en\/wp-json\/wp\/v2\/pages\/472","targetHints":{"allow":["GET"]}}],"collection":[{"href":"https:\/\/staging.khz-movers.com\/en\/wp-json\/wp\/v2\/pages"}],"about":[{"href":"https:\/\/staging.khz-movers.com\/en\/wp-json\/wp\/v2\/types\/page"}],"author":[{"embeddable":true,"href":"https:\/\/staging.khz-movers.com\/en\/wp-json\/wp\/v2\/users\/32"}],"replies":[{"embeddable":true,"href":"https:\/\/staging.khz-movers.com\/en\/wp-json\/wp\/v2\/comments?post=472"}],"version-history":[{"count":0,"href":"https:\/\/staging.khz-movers.com\/en\/wp-json\/wp\/v2\/pages\/472\/revisions"}],"wp:attachment":[{"href":"https:\/\/staging.khz-movers.com\/en\/wp-json\/wp\/v2\/media?parent=472"}],"curies":[{"name":"wp","href":"https:\/\/api.w.org\/{rel}","templated":true}]}}