{"id":4764,"date":"2017-12-13T16:32:50","date_gmt":"2017-12-13T15:32:50","guid":{"rendered":"https:\/\/staging.khz-movers.com\/?page_id=4764"},"modified":"2024-01-31T08:42:21","modified_gmt":"2024-01-31T06:42:21","slug":"affaires","status":"publish","type":"page","link":"https:\/\/staging.khz-movers.com\/fr\/affaires\/","title":{"rendered":"Entreprises"},"content":{"rendered":"<p>[et_pb_section fb_built=\u00a0\u00bb1&Prime; fullwidth=\u00a0\u00bbon\u00a0\u00bb admin_label=\u00a0\u00bbTitle\u00a0\u00bb _builder_version=\u00a0\u00bb4.16&Prime; _module_preset=\u00a0\u00bbdefault\u00a0\u00bb locked=\u00a0\u00bboff\u00a0\u00bb collapsed=\u00a0\u00bbon\u00a0\u00bb global_colors_info=\u00a0\u00bb{}\u00a0\u00bb][et_pb_fullwidth_post_title meta=\u00a0\u00bboff\u00a0\u00bb featured_image=\u00a0\u00bboff\u00a0\u00bb _builder_version=\u00a0\u00bb4.16&Prime; _module_preset=\u00a0\u00bbdefault\u00a0\u00bb title_text_align=\u00a0\u00bbcenter\u00a0\u00bb title_text_color=\u00a0\u00bb#ffffff\u00a0\u00bb title_font_size=\u00a0\u00bb28px\u00a0\u00bb background_color=\u00a0\u00bb#b02b08&Prime; custom_padding=\u00a0\u00bb40px||30px||false|false\u00a0\u00bb global_colors_info=\u00a0\u00bb{}\u00a0\u00bb][\/et_pb_fullwidth_post_title][\/et_pb_section][et_pb_section fb_built=\u00a0\u00bb1&Prime; admin_label=\u00a0\u00bbBreadcrumbs\u00a0\u00bb _builder_version=\u00a0\u00bb4.16&Prime; _module_preset=\u00a0\u00bbdefault\u00a0\u00bb custom_padding=\u00a0\u00bb0px||0px|||\u00a0\u00bb locked=\u00a0\u00bboff\u00a0\u00bb collapsed=\u00a0\u00bbon\u00a0\u00bb global_colors_info=\u00a0\u00bb{}\u00a0\u00bb][et_pb_row _builder_version=\u00a0\u00bb4.16&Prime; _module_preset=\u00a0\u00bbdefault\u00a0\u00bb width=\u00a0\u00bb85%\u00a0\u00bb max_width=\u00a0\u00bb85%\u00a0\u00bb global_colors_info=\u00a0\u00bb{}\u00a0\u00bb][et_pb_column type=\u00a0\u00bb4_4&Prime; _builder_version=\u00a0\u00bb4.16&Prime; _module_preset=\u00a0\u00bbdefault\u00a0\u00bb global_colors_info=\u00a0\u00bb{}\u00a0\u00bb][lwp_divi_breadcrumbs _builder_version=\u00a0\u00bb4.16&Prime; _module_preset=\u00a0\u00bbdefault\u00a0\u00bb module_font_size=\u00a0\u00bb11px\u00a0\u00bb global_colors_info=\u00a0\u00bb{}\u00a0\u00bb][\/lwp_divi_breadcrumbs][\/et_pb_column][\/et_pb_row][\/et_pb_section][et_pb_section fb_built=\u00a0\u00bb1&Prime; admin_label=\u00a0\u00bbContent\u00a0\u00bb _builder_version=\u00a0\u00bb4.16&Prime; _module_preset=\u00a0\u00bbdefault\u00a0\u00bb custom_padding=\u00a0\u00bb0px|||||\u00a0\u00bb locked=\u00a0\u00bboff\u00a0\u00bb collapsed=\u00a0\u00bbon\u00a0\u00bb global_colors_info=\u00a0\u00bb{}\u00a0\u00bb][et_pb_row column_structure=\u00a0\u00bb2_3,1_3&Prime; _builder_version=\u00a0\u00bb4.16&Prime; _module_preset=\u00a0\u00bbdefault\u00a0\u00bb width=\u00a0\u00bb85%\u00a0\u00bb max_width=\u00a0\u00bb85%\u00a0\u00bb global_colors_info=\u00a0\u00bb{}\u00a0\u00bb][et_pb_column type=\u00a0\u00bb2_3&Prime; _builder_version=\u00a0\u00bb4.16&Prime; _module_preset=\u00a0\u00bbdefault\u00a0\u00bb global_colors_info=\u00a0\u00bb{}\u00a0\u00bb][et_pb_text admin_label=\u00a0\u00bbText\u00a0\u00bb _builder_version=\u00a0\u00bb4.23&Prime; global_colors_info=\u00a0\u00bb{}\u00a0\u00bb]<\/p>\n<h2 style=\"margin: 20px 0px 10px; padding: 0px; box-sizing: border-box; clear: both; word-break: break-word; color: #676b6d; font: 500 30px \/ 1.1 'Open Sans', Helvetica, Arial, Verdana, sans-serif; text-transform: none; letter-spacing: normal; orphans: 2; text-indent: 0px; white-space: normal; widows: 2; word-spacing: 0px; -webkit-text-stroke-width: 0px; background-color: #ffffff; text-decoration-style: initial; text-decoration-color: initial; text-align: left;\">S\u2019installer aux Pays-Bas avec AGS Global Solutions &#8211; Netherlands<\/h2>\n<p style=\"margin: 0px 0px 10px; padding: 0px; box-sizing: border-box; color: #676b6d; font-family: 'Open Sans', Helvetica, Arial, Verdana, sans-serif; font-size: 15px; font-style: normal; font-variant-ligatures: normal; font-variant-caps: normal; font-weight: 400; letter-spacing: normal; orphans: 2; text-indent: 0px; text-transform: none; white-space: normal; widows: 2; word-spacing: 0px; -webkit-text-stroke-width: 0px; background-color: #ffffff; text-decoration-style: initial; text-decoration-color: initial; text-align: left;\">Vous avez besoin de professionnels pour relocaliser votre soci\u00e9t\u00e9<em style=\"margin: 0px; padding: 0px; box-sizing: border-box;\"><span>\u00a0<\/span>vers ou depuis<\/em><span>\u00a0<\/span>un pays \u00e9tranger ? Peu importe l\u2019endroit,<span>\u00a0<\/span><a href=\"https:\/\/www.khz-movers.com\/fr\/\" style=\"color: #b02b08;\">AGS Netherlands<\/a><span>\u00a0<\/span>sera le partenaire qui saura vous accompagner dans vos d\u00e9marches.<\/p>\n<h2 style=\"margin: 20px 0px 10px; padding: 0px; box-sizing: border-box; clear: both; word-break: break-word; color: #676b6d; font: 500 30px \/ 1.1 'Open Sans', Helvetica, Arial, Verdana, sans-serif; text-transform: none; letter-spacing: normal; orphans: 2; text-indent: 0px; white-space: normal; widows: 2; word-spacing: 0px; -webkit-text-stroke-width: 0px; background-color: #ffffff; text-decoration-style: initial; text-decoration-color: initial; text-align: left;\">D\u00e9m\u00e9nagements internationaux<\/h2>\n<p style=\"margin: 0px 0px 10px; padding: 0px; box-sizing: border-box; color: #676b6d; font-family: 'Open Sans', Helvetica, Arial, Verdana, sans-serif; font-size: 15px; font-style: normal; font-variant-ligatures: normal; font-variant-caps: normal; font-weight: 400; letter-spacing: normal; orphans: 2; text-indent: 0px; text-transform: none; white-space: normal; widows: 2; word-spacing: 0px; -webkit-text-stroke-width: 0px; background-color: #ffffff; text-decoration-style: initial; text-decoration-color: initial; text-align: left;\"><strong style=\"margin: 0px; padding: 0px; box-sizing: border-box; font-weight: bold;\"><a class=\"dt-single-image mfp-ready\" href=\"\/wp-content\/uploads\/2015\/12\/icon_internationaal.jpg\" style=\"margin: 0px; padding: 0px; box-sizing: border-box; text-decoration: none; color: #b02b08; background-color: transparent;\"><img loading=\"lazy\" decoding=\"async\" class=\" size-full wp-image-835 alignleft\" src=\"\/wp-content\/uploads\/2015\/12\/icon_internationaal.jpg\" alt=\"icon_internationaal\" style=\"margin: 0px 30px 10px 0px; padding: 0px; box-sizing: border-box; border: 0px; vertical-align: middle; float: left; max-width: 100%; height: auto;\" width=\"75\" height=\"75\" \/><\/a><span>AGS Netherlands <\/span><\/strong>est le sp\u00e9cialiste des<span>\u00a0<\/span><a href=\"\/fr\/international\/\" style=\"margin: 0px; padding: 0px; box-sizing: border-box; text-decoration: none; color: #b02b08; background-color: transparent;\">d\u00e9m\u00e9nagements internationaux<\/a><span>\u00a0<\/span>de vos employ\u00e9s. G\u00e2ce \u00e0 notre r\u00e9seau mondial, vous b\u00e9n\u00e9ficiez d\u2019un accompagnement personnalis\u00e9 de<span>\u00a0<\/span><em style=\"margin: 0px; padding: 0px; box-sizing: border-box;\">\u00ab\u00a0A \u00e0 Z\u00a0\u00bb<\/em><span>\u00a0<\/span>par des professionnels comp\u00e9tents et exp\u00e9riment\u00e9s.Nous offrons des prestations sur mesure et aux tarifs transparents, afin d\u2019apporter la solution qui correspond aux attentes de nos clients.<strong style=\"margin: 0px; padding: 0px; box-sizing: border-box; font-weight: bold;\"><span> AGS Netherlands<\/span><\/strong><span>\u00a0<\/span>c\u2019est : Facile, Transparent et\u00a0Rentable !<\/p>\n<h2 style=\"margin: 20px 0px 10px; padding: 0px; box-sizing: border-box; clear: both; word-break: break-word; color: #676b6d; font: 500 30px \/ 1.1 'Open Sans', Helvetica, Arial, Verdana, sans-serif; text-transform: none; letter-spacing: normal; orphans: 2; text-indent: 0px; white-space: normal; widows: 2; word-spacing: 0px; -webkit-text-stroke-width: 0px; background-color: #ffffff; text-decoration-style: initial; text-decoration-color: initial; text-align: left;\">D\u00e9m\u00e9nagements nationaux<\/h2>\n<p style=\"margin: 0px 0px 10px; padding: 0px; box-sizing: border-box; color: #676b6d; font-family: 'Open Sans', Helvetica, Arial, Verdana, sans-serif; font-size: 15px; font-style: normal; font-variant-ligatures: normal; font-variant-caps: normal; font-weight: 400; letter-spacing: normal; orphans: 2; text-indent: 0px; text-transform: none; white-space: normal; widows: 2; word-spacing: 0px; -webkit-text-stroke-width: 0px; background-color: #ffffff; text-decoration-style: initial; text-decoration-color: initial; text-align: left;\"><a class=\"dt-single-image mfp-ready\" href=\"\/wp-content\/uploads\/2015\/12\/icon_binnenland.jpg\" style=\"margin: 0px; padding: 0px; box-sizing: border-box; text-decoration: none; color: #b02b08; background-color: transparent;\"><img loading=\"lazy\" decoding=\"async\" class=\" size-full wp-image-834 alignleft\" src=\"\/wp-content\/uploads\/2015\/12\/icon_binnenland.jpg\" alt=\"icon_binnenland\" style=\"margin: 0px 30px 10px 0px; padding: 0px; box-sizing: border-box; border: 0px; vertical-align: middle; float: left; max-width: 100%; height: auto;\" width=\"75\" height=\"75\" \/><\/a><\/p>\n<div class=\"tw-swapa\" style=\"margin: 0px; padding: 0px; box-sizing: border-box; color: #676b6d; font-family: 'Open Sans', Helvetica, Arial, Verdana, sans-serif; font-size: 15px; font-style: normal; font-variant-ligatures: normal; font-variant-caps: normal; font-weight: 400; letter-spacing: normal; orphans: 2; text-indent: 0px; text-transform: none; white-space: normal; widows: 2; word-spacing: 0px; -webkit-text-stroke-width: 0px; background-color: #ffffff; text-decoration-style: initial; text-decoration-color: initial; text-align: left;\">D\u00e9placer les biens de vos coll\u00e8gues d\u2019un endroit \u00e0 l\u2019autre aux Pays-Bas n\u2019est pas aussi simple qu\u2019il n\u2019y parait. En tant qu\u2019employeur, vous souhaitez que tout soit bien pris en charge par la soci\u00e9t\u00e9 de d\u00e9m\u00e9nagement et qu\u2019elle offre un processus de relocalisation fiable.\u00a0Conform\u00e9ment\u00a0\u00e0 notre politique,<strong style=\"margin: 0px; padding: 0px; box-sizing: border-box; font-weight: bold;\"><span> AGS Netherlands<\/span><\/strong><span>\u00a0<\/span>s\u2019engage\u00a0\u00e0 respecter vos d\u00e9lais et votre budget. C\u2019est un des avantages \u00e0 travailler avec l\u2019une des plus importante<span>\u00a0<\/span><a href=\"\/fr\/\" style=\"margin: 0px; padding: 0px; box-sizing: border-box; text-decoration: none; color: #b02b08; background-color: transparent;\">soci\u00e9t\u00e9 de d\u00e9m\u00e9nagement des Pays-Bas<\/a>.<\/div>\n<h2 style=\"margin: 20px 0px 10px; padding: 0px; box-sizing: border-box; clear: both; word-break: break-word; color: #676b6d; font: 500 30px \/ 1.1 'Open Sans', Helvetica, Arial, Verdana, sans-serif; text-transform: none; letter-spacing: normal; orphans: 2; text-indent: 0px; white-space: normal; widows: 2; word-spacing: 0px; -webkit-text-stroke-width: 0px; background-color: #ffffff; text-decoration-style: initial; text-decoration-color: initial; text-align: left;\">Garde meubles<\/h2>\n<p style=\"margin: 0px 0px 10px; padding: 0px; box-sizing: border-box; color: #676b6d; font-family: 'Open Sans', Helvetica, Arial, Verdana, sans-serif; font-size: 15px; font-style: normal; font-variant-ligatures: normal; font-variant-caps: normal; font-weight: 400; letter-spacing: normal; orphans: 2; text-indent: 0px; text-transform: none; white-space: normal; widows: 2; word-spacing: 0px; -webkit-text-stroke-width: 0px; background-color: #ffffff; text-decoration-style: initial; text-decoration-color: initial; text-align: left;\"><a class=\"dt-single-image mfp-ready\" href=\"\/wp-content\/uploads\/2015\/12\/icon_opslag.jpg\" style=\"margin: 0px; padding: 0px; box-sizing: border-box; text-decoration: none; color: #b02b08; background-color: transparent;\"><img loading=\"lazy\" decoding=\"async\" class=\" size-full wp-image-836 alignleft\" src=\"\/wp-content\/uploads\/2015\/12\/icon_opslag.jpg\" alt=\"icon_opslag\" style=\"margin: 0px 30px 10px 0px; padding: 0px; box-sizing: border-box; border: 0px; vertical-align: middle; float: left; max-width: 100%; height: auto;\" width=\"75\" height=\"75\" \/><\/a>Nos infrastructures nous permettent de proposer \u00e0 nos\u00a0clients le<span>\u00a0<\/span><a href=\"\/fr\/entreposage\/\" style=\"margin: 0px; padding: 0px; box-sizing: border-box; text-decoration: none; color: #b02b08; background-color: transparent;\">stockage<\/a>\u00a0\u00e0 la fois des effets\u00a0personnels, des articles m\u00e9nagers ou encore\u00a0du\u00a0mobiliers de vos employ\u00e9s\u00a0et ce, \u00e0\u00a0court ou long terme.<span>\u00a0<\/span><span style=\"margin: 0px; padding: 0px; box-sizing: border-box;\" lang=\"fr\"><strong style=\"margin: 0px; padding: 0px; box-sizing: border-box; font-weight: bold;\">AGS Netherlands<\/strong><span>\u00a0<\/span>poss\u00e8de plus de 15 000 m2 d\u2019entrep\u00f4ts s\u00e9curis\u00e9s et \u00e0 temp\u00e9rature contr\u00f4l\u00e9e.\u00a0Vos biens\u00a0seront\u00a0 donc stock\u00e9s dans des conditions optimales sous surveillance 24\/7.<\/span><\/p>\n<h2 style=\"margin: 20px 0px 10px; padding: 0px; box-sizing: border-box; clear: both; word-break: break-word; color: #676b6d; font: 500 30px \/ 1.1 'Open Sans', Helvetica, Arial, Verdana, sans-serif; text-transform: none; letter-spacing: normal; orphans: 2; text-indent: 0px; white-space: normal; widows: 2; word-spacing: 0px; -webkit-text-stroke-width: 0px; background-color: #ffffff; text-decoration-style: initial; text-decoration-color: initial; text-align: left;\">Projets et d\u00e9m\u00e9nagements de bureaux<\/h2>\n<p style=\"margin: 0px 0px 10px; padding: 0px; box-sizing: border-box; color: #676b6d; font-family: 'Open Sans', Helvetica, Arial, Verdana, sans-serif; font-size: 15px; font-style: normal; font-variant-ligatures: normal; font-variant-caps: normal; font-weight: 400; letter-spacing: normal; orphans: 2; text-indent: 0px; text-transform: none; white-space: normal; widows: 2; word-spacing: 0px; -webkit-text-stroke-width: 0px; background-color: #ffffff; text-decoration-style: initial; text-decoration-color: initial; text-align: left;\"><strong style=\"margin: 0px; padding: 0px; box-sizing: border-box; font-weight: bold;\"><a class=\"dt-single-image mfp-ready\" href=\"\/wp-content\/uploads\/2015\/11\/icon_office.jpg\" style=\"margin: 0px; padding: 0px; box-sizing: border-box; text-decoration: none; color: #b02b08; background-color: transparent;\"><img loading=\"lazy\" decoding=\"async\" class=\" size-full wp-image-932 alignleft\" src=\"\/wp-content\/uploads\/2015\/11\/icon_office.jpg\" alt=\"icon_office\" style=\"margin: 0px 30px 10px 0px; padding: 0px; box-sizing: border-box; border: 0px; vertical-align: middle; float: left; max-width: 100%; height: auto;\" width=\"75\" height=\"75\" \/><\/a><span>AGS Netherlands <\/span><\/strong>est le partenaire pour les projets de relocalisations de bureaux.<span>\u00a0<\/span><span style=\"margin: 0px; padding: 0px; box-sizing: border-box;\" lang=\"fr\">Nous vous assurons que le d\u00e9m\u00e9nagement n\u2019interf\u00e8rera pas avec vos op\u00e9rations quotidiennes.\u00a0Gr\u00e2ce \u00e0<\/span><span style=\"margin: 0px; padding: 0px; box-sizing: border-box;\" lang=\"fr\">\u00a0une<span>\u00a0<\/span><\/span><span style=\"margin: 0px; padding: 0px; box-sizing: border-box;\" lang=\"fr\">planification minutieuse et\u00a0un personnel exp\u00e9riment\u00e9,<span>\u00a0<\/span><strong style=\"margin: 0px; padding: 0px; box-sizing: border-box; font-weight: bold;\">AGS Netherlands<\/strong><span>\u00a0<\/span>vous fera gagnez beaucoup de temps et vous permettra de rapidement reprendre\u00a0votre activit\u00e9.<\/span><\/p>\n<p>[\/et_pb_text][\/et_pb_column][et_pb_column type=\u00a0\u00bb1_3&Prime; _builder_version=\u00a0\u00bb4.16&Prime; _module_preset=\u00a0\u00bbdefault\u00a0\u00bb global_colors_info=\u00a0\u00bb{}\u00a0\u00bb][et_pb_code module_class=\u00a0\u00bbbel-nl\u00a0\u00bb _builder_version=\u00a0\u00bb4.23&Prime; _module_preset=\u00a0\u00bbdefault\u00a0\u00bb width=\u00a0\u00bb240px\u00a0\u00bb max_width=\u00a0\u00bb240px\u00a0\u00bb hover_enabled=\u00a0\u00bb0&Prime; global_colors_info=\u00a0\u00bb{}\u00a0\u00bb sticky_enabled=\u00a0\u00bb0&Prime;]\n<div class=\"wpcf7 no-js\" id=\"wpcf7-f4904-o1\" lang=\"nl-NL\" dir=\"ltr\" data-wpcf7-id=\"4904\">\n<div class=\"screen-reader-response\"><p role=\"status\" aria-live=\"polite\" aria-atomic=\"true\"><\/p> <ul><\/ul><\/div>\n<form action=\"\/fr\/wp-json\/wp\/v2\/pages\/4764#wpcf7-f4904-o1\" method=\"post\" class=\"wpcf7-form init\" aria-label=\"Contactformulier\" autocomplete=\"off\" novalidate=\"novalidate\" data-status=\"init\">\n<fieldset class=\"hidden-fields-container\"><input type=\"hidden\" name=\"_wpcf7\" value=\"4904\" \/><input type=\"hidden\" name=\"_wpcf7_version\" value=\"6.1.1\" \/><input type=\"hidden\" name=\"_wpcf7_locale\" value=\"nl_NL\" \/><input type=\"hidden\" name=\"_wpcf7_unit_tag\" value=\"wpcf7-f4904-o1\" \/><input type=\"hidden\" name=\"_wpcf7_container_post\" value=\"0\" \/><input type=\"hidden\" name=\"_wpcf7_posted_data_hash\" value=\"\" \/><input type=\"hidden\" name=\"_wpcf7_recaptcha_response\" value=\"\" \/>\n<\/fieldset>\n<p><span class=\"wpcf7-form-control-wrap\" data-name=\"naam\"><input size=\"40\" maxlength=\"400\" class=\"wpcf7-form-control wpcf7-text wpcf7-validates-as-required\" aria-required=\"true\" aria-invalid=\"false\" placeholder=\"Nom\" value=\"\" type=\"text\" name=\"naam\" \/><\/span><span class=\"wpcf7-form-control-wrap\" data-name=\"telefoon\"><input size=\"40\" maxlength=\"400\" class=\"wpcf7-form-control wpcf7-tel wpcf7-validates-as-required wpcf7-text wpcf7-validates-as-tel\" aria-required=\"true\" aria-invalid=\"false\" placeholder=\"Num\u00e9ro de t\u00e9l\u00e9phone\" value=\"\" type=\"tel\" name=\"telefoon\" \/><\/span>\n<\/p>\n<div>\n<span class=\"wpcf7-form-control-wrap recaptcha\" data-name=\"recaptcha\"><span data-sitekey=\"6LcumtsaAAAAAGg4bRhXi_1rsHw2_0I6H_xCdyMj\" class=\"wpcf7-form-control wpcf7-recaptcha g-recaptcha\"><\/span>\r\n<noscript>\r\n\t<div class=\"grecaptcha-noscript\">\r\n\t\t<iframe loading=\"lazy\" src=\"https:\/\/www.google.com\/recaptcha\/api\/fallback?k=6LcumtsaAAAAAGg4bRhXi_1rsHw2_0I6H_xCdyMj\" frameborder=\"0\" scrolling=\"no\" width=\"310\" height=\"430\">\r\n\t\t<\/iframe>\r\n\t\t<textarea name=\"g-recaptcha-response\" rows=\"3\" cols=\"40\" placeholder=\"reCaptcha antwoord hier\">\r\n\t\t<\/textarea>\r\n\t<\/div>\r\n<\/noscript>\r\n<\/span>\n<\/div>\n<p><input class=\"wpcf7-form-control wpcf7-submit has-spinner\" type=\"submit\" value=\"Rappelez moi\" \/>\n<\/p><div class=\"wpcf7-response-output\" aria-hidden=\"true\"><\/div>\n<\/form>\n<\/div>\n[\/et_pb_code][\/et_pb_column][\/et_pb_row][\/et_pb_section]<\/p>\n","protected":false},"excerpt":{"rendered":"<p><div class=\"et_pb_module lwp_divi_breadcrumbs lwp_divi_breadcrumbs_0\">\n\t\t\t\t\n\t\t\t\t\n\t\t\t\t\n\t\t\t\t\n\t\t\t\t\n\t\t\t\t\n\t\t\t\t<div class=\"et_pb_module_inner\">\n\t\t\t\t\t<div class=\"lwp-breadcrumbs\"> <span class=\"before\"><\/span> <span vocab=\"https:\/\/schema.org\/\" typeof=\"BreadcrumbList\"><span property=\"itemListElement\" typeof=\"ListItem\"><a property=\"item\" typeof=\"WebPage\" href=\"https:\/\/staging.khz-movers.com\/fr\/\" class=\"home\"><span property=\"name\">Home<\/span><\/a><meta property=\"position\" content=\"1\"><\/span> <span class=\"separator et-pb-icon\">&#x39;<\/span> <\/span><\/div>\n\t\t\t\t<\/div>\n\t\t\t<\/div>S\u2019installer aux Pays-Bas avec AGS Global Solutions &#8211; Netherlands Vous avez besoin de professionnels pour relocaliser votre soci\u00e9t\u00e9\u00a0vers ou depuis\u00a0un pays \u00e9tranger ? Peu importe l\u2019endroit,\u00a0AGS Netherlands\u00a0sera le partenaire qui saura vous accompagner dans vos d\u00e9marches. D\u00e9m\u00e9nagements internationaux AGS Netherlands est le sp\u00e9cialiste des\u00a0d\u00e9m\u00e9nagements internationaux\u00a0de vos employ\u00e9s. G\u00e2ce \u00e0 notre r\u00e9seau [&hellip;]<\/p>\n","protected":false},"author":32,"featured_media":0,"parent":0,"menu_order":0,"comment_status":"closed","ping_status":"open","template":"","meta":{"_et_pb_use_builder":"on","_et_pb_old_content":"","_et_gb_content_width":"","footnotes":""},"class_list":["post-4764","page","type-page","status-publish","hentry"],"_links":{"self":[{"href":"https:\/\/staging.khz-movers.com\/fr\/wp-json\/wp\/v2\/pages\/4764","targetHints":{"allow":["GET"]}}],"collection":[{"href":"https:\/\/staging.khz-movers.com\/fr\/wp-json\/wp\/v2\/pages"}],"about":[{"href":"https:\/\/staging.khz-movers.com\/fr\/wp-json\/wp\/v2\/types\/page"}],"author":[{"embeddable":true,"href":"https:\/\/staging.khz-movers.com\/fr\/wp-json\/wp\/v2\/users\/32"}],"replies":[{"embeddable":true,"href":"https:\/\/staging.khz-movers.com\/fr\/wp-json\/wp\/v2\/comments?post=4764"}],"version-history":[{"count":0,"href":"https:\/\/staging.khz-movers.com\/fr\/wp-json\/wp\/v2\/pages\/4764\/revisions"}],"wp:attachment":[{"href":"https:\/\/staging.khz-movers.com\/fr\/wp-json\/wp\/v2\/media?parent=4764"}],"curies":[{"name":"wp","href":"https:\/\/api.w.org\/{rel}","templated":true}]}}