{"id":4766,"date":"2017-12-13T16:32:51","date_gmt":"2017-12-13T15:32:51","guid":{"rendered":"https:\/\/staging.khz-movers.com\/?page_id=4766"},"modified":"2024-08-27T08:49:47","modified_gmt":"2024-08-27T06:49:47","slug":"prive","status":"publish","type":"page","link":"https:\/\/staging.khz-movers.com\/fr\/prive\/","title":{"rendered":"Particuliers"},"content":{"rendered":"<p>[et_pb_section fb_built=\u00a0\u00bb1&Prime; fullwidth=\u00a0\u00bbon\u00a0\u00bb admin_label=\u00a0\u00bbTitle\u00a0\u00bb _builder_version=\u00a0\u00bb4.16&Prime; _module_preset=\u00a0\u00bbdefault\u00a0\u00bb locked=\u00a0\u00bboff\u00a0\u00bb collapsed=\u00a0\u00bbon\u00a0\u00bb global_colors_info=\u00a0\u00bb{}\u00a0\u00bb theme_builder_area=\u00a0\u00bbpost_content\u00a0\u00bb][et_pb_fullwidth_post_title meta=\u00a0\u00bboff\u00a0\u00bb featured_image=\u00a0\u00bboff\u00a0\u00bb _builder_version=\u00a0\u00bb4.16&Prime; _module_preset=\u00a0\u00bbdefault\u00a0\u00bb title_text_align=\u00a0\u00bbcenter\u00a0\u00bb title_text_color=\u00a0\u00bb#ffffff\u00a0\u00bb title_font_size=\u00a0\u00bb28px\u00a0\u00bb background_color=\u00a0\u00bb#b02b08&Prime; custom_padding=\u00a0\u00bb40px||30px||false|false\u00a0\u00bb global_colors_info=\u00a0\u00bb{}\u00a0\u00bb theme_builder_area=\u00a0\u00bbpost_content\u00a0\u00bb][\/et_pb_fullwidth_post_title][\/et_pb_section][et_pb_section fb_built=\u00a0\u00bb1&Prime; admin_label=\u00a0\u00bbBreadcrumbs\u00a0\u00bb _builder_version=\u00a0\u00bb4.16&Prime; _module_preset=\u00a0\u00bbdefault\u00a0\u00bb custom_padding=\u00a0\u00bb0px||0px|||\u00a0\u00bb locked=\u00a0\u00bboff\u00a0\u00bb collapsed=\u00a0\u00bbon\u00a0\u00bb global_colors_info=\u00a0\u00bb{}\u00a0\u00bb theme_builder_area=\u00a0\u00bbpost_content\u00a0\u00bb][et_pb_row _builder_version=\u00a0\u00bb4.16&Prime; _module_preset=\u00a0\u00bbdefault\u00a0\u00bb width=\u00a0\u00bb85%\u00a0\u00bb max_width=\u00a0\u00bb85%\u00a0\u00bb global_colors_info=\u00a0\u00bb{}\u00a0\u00bb theme_builder_area=\u00a0\u00bbpost_content\u00a0\u00bb][et_pb_column type=\u00a0\u00bb4_4&Prime; _builder_version=\u00a0\u00bb4.16&Prime; _module_preset=\u00a0\u00bbdefault\u00a0\u00bb global_colors_info=\u00a0\u00bb{}\u00a0\u00bb theme_builder_area=\u00a0\u00bbpost_content\u00a0\u00bb][lwp_divi_breadcrumbs _builder_version=\u00a0\u00bb4.16&Prime; _module_preset=\u00a0\u00bbdefault\u00a0\u00bb module_font_size=\u00a0\u00bb11px\u00a0\u00bb global_colors_info=\u00a0\u00bb{}\u00a0\u00bb theme_builder_area=\u00a0\u00bbpost_content\u00a0\u00bb][\/lwp_divi_breadcrumbs][\/et_pb_column][\/et_pb_row][\/et_pb_section][et_pb_section fb_built=\u00a0\u00bb1&Prime; admin_label=\u00a0\u00bbContent\u00a0\u00bb _builder_version=\u00a0\u00bb4.16&Prime; _module_preset=\u00a0\u00bbdefault\u00a0\u00bb custom_padding=\u00a0\u00bb0px|||||\u00a0\u00bb locked=\u00a0\u00bboff\u00a0\u00bb collapsed=\u00a0\u00bboff\u00a0\u00bb global_colors_info=\u00a0\u00bb{}\u00a0\u00bb theme_builder_area=\u00a0\u00bbpost_content\u00a0\u00bb][et_pb_row _builder_version=\u00a0\u00bb4.16&Prime; _module_preset=\u00a0\u00bbdefault\u00a0\u00bb width=\u00a0\u00bb85%\u00a0\u00bb max_width=\u00a0\u00bb85%\u00a0\u00bb min_height=\u00a0\u00bb1046px\u00a0\u00bb global_colors_info=\u00a0\u00bb{}\u00a0\u00bb theme_builder_area=\u00a0\u00bbpost_content\u00a0\u00bb][et_pb_column type=\u00a0\u00bb4_4&Prime; _builder_version=\u00a0\u00bb4.16&Prime; _module_preset=\u00a0\u00bbdefault\u00a0\u00bb global_colors_info=\u00a0\u00bb{}\u00a0\u00bb theme_builder_area=\u00a0\u00bbpost_content\u00a0\u00bb][et_pb_text admin_label=\u00a0\u00bbText\u00a0\u00bb _builder_version=\u00a0\u00bb4.27.0&Prime; global_colors_info=\u00a0\u00bb{}\u00a0\u00bb _module_preset=\u00a0\u00bbdefault\u00a0\u00bb theme_builder_area=\u00a0\u00bbpost_content\u00a0\u00bb]<\/p>\n<div class=\"wpb_wrapper\" style=\"margin: 0px; padding: 0px; box-sizing: border-box; color: #676b6d; font-family: 'Open Sans', Helvetica, Arial, Verdana, sans-serif; font-size: 15px; font-style: normal; font-variant-ligatures: normal; font-variant-caps: normal; font-weight: 400; letter-spacing: normal; orphans: 2; text-align: start; text-indent: 0px; text-transform: none; white-space: normal; widows: 2; word-spacing: 0px; -webkit-text-stroke-width: 0px; background-color: #ffffff; text-decoration-style: initial; text-decoration-color: initial;\">\n<div class=\"wpb_text_column wpb_content_element \" style=\"padding: 0px; box-sizing: border-box; margin: 0px 0px 0px !important 0px;\">\n<div class=\"wpb_wrapper\" style=\"margin: 0px; padding: 0px; box-sizing: border-box;\">\n<h2 style=\"margin: 20px 0px 10px; padding: 0px; box-sizing: border-box; clear: both; word-break: break-word; color: inherit; font-style: normal; font-variant: normal; font-weight: 500; font-stretch: normal; font-size: 30px; line-height: 1.1; font-family: inherit; text-transform: none;\">Service de D\u00e9m\u00e9nagement \u2013 AGS Global Solutions &#8211; Netherlands<\/h2>\n<div class=\"tw-swapa\" style=\"margin: 0px; padding: 0px; box-sizing: border-box;\">Vous souhaitez <a href=\"https:\/\/www.khz-movers.com\/fr\/domestique\/\" style=\"color: #b02b08;\">d\u00e9m\u00e9nager aux Pays-Bas<\/a> ou <a href=\"https:\/\/www.khz-movers.com\/fr\/international\/\" style=\"color: #b02b08;\">\u00e0 l\u2019\u00e9tranger<\/a> ? AGS Netherlands peut g\u00e9rer votre<span>\u00a0<\/span><a href=\"https:\/\/www.khz-movers.com\/fr\/international\/\" style=\"margin: 0px; padding: 0px; box-sizing: border-box; text-decoration: none; color: #b02b08; background-color: transparent;\">d\u00e9m\u00e9nagement dans le monde entier<\/a>.\u00a0Nous fournissons les services de d\u00e9m\u00e9nagement suivants.<\/div>\n<h2 style=\"margin: 20px 0px 10px; padding: 0px; box-sizing: border-box; clear: both; word-break: break-word; color: inherit; font-style: normal; font-variant: normal; font-weight: 500; font-stretch: normal; font-size: 30px; line-height: 1.1; font-family: inherit; text-transform: none;\">International<\/h2>\n<p style=\"margin: 0px 0px 10px; padding: 0px; box-sizing: border-box;\">Peu importe votre destination, <a href=\"https:\/\/www.khz-movers.com\/fr\/\" style=\"color: #b02b08;\">AGS Netherlands<\/a> est le sp\u00e9cialiste\u00a0pour votre\u00a0relocation . Nous pouvons organiser votre d\u00e9m\u00e9nagement selon vos d\u00e9sirs, que ce soit par la route, les oceans\u00a0ou encore les\u00a0cieux. Gr\u00e2ce \u00e0 notre r\u00e9seau mondial, vous b\u00e9n\u00e9ficiez d\u2019un accompagnement personnalis\u00e9 de<span>\u00a0<\/span><em style=\"margin: 0px; padding: 0px; box-sizing: border-box;\">\u00ab\u00a0A \u00e0 Z\u00a0\u00bb<\/em><span>\u00a0<\/span>par des professionnels comp\u00e9tents et exp\u00e9riment\u00e9s. AGS Netherlands c\u2019est toujours le bon choix ! Si vous<span>\u00a0<\/span><a href=\"https:\/\/www.khz-movers.com\/fr\/demenager-aux-pays-bas\/\" style=\"margin: 0px; padding: 0px; box-sizing: border-box; text-decoration: none; color: #b02b08; background-color: transparent;\">d\u00e9m\u00e9nagez\u00a0aux Pays-Bas<\/a>, en\u00a0Europe ou ailleurs, AGS Netherlands g\u00e9rera votre d\u00e9m\u00e9nagement de porte \u00e0 porte. Si vous habitez aux Pays-Bas, AGS Netherlands offre une visite informative de nos experts\u00a0\u00e0 votre\u00a0domicile. Le moyen de transport, bien s\u00fbr, d\u00e9pend de vos pr\u00e9f\u00e9rences et de votre destination finale. AGS Netherlands recommandera toujours l\u2019option la plus pratique pour vous et prendra toutes les dispositions pour suivre\u00a0les\u00a0informations\u00a0douani\u00e8res\u00a0de chaque pays concern\u00e9. Alors n\u2019h\u00e9sitez plus,<span>\u00a0<\/span><a href=\"https:\/\/www.khz-movers.com\/fr\/demandez-une-etude\/\" style=\"margin: 0px; padding: 0px; box-sizing: border-box; text-decoration: none; color: #b02b08; background-color: transparent;\">demander une visite \u00e0 domicile !<\/a><\/p>\n<h2 style=\"margin: 20px 0px 10px; padding: 0px; box-sizing: border-box; clear: both; word-break: break-word; color: inherit; font-style: normal; font-variant: normal; font-weight: 500; font-stretch: normal; font-size: 30px; line-height: 1.1; font-family: inherit; text-transform: none;\">National<\/h2>\n<p style=\"margin: 0px 0px 10px; padding: 0px; box-sizing: border-box;\">Un d\u00e9m\u00e9nagement en Hollande \u00e7a s\u2019organise ! Vous voulez vous assurer que vos biens sont manipul\u00e9s en toute s\u00e9curit\u00e9. Vous pouvez comptez sur<a href=\"https:\/\/www.khz-movers.com\/fr\/votre-equipe\/\" style=\"margin: 0px; padding: 0px; box-sizing: border-box; text-decoration: none; color: #b02b08; background-color: transparent;\"><span>\u00a0<\/span>le professionnalisme de nos experts<\/a>.\u00a0Une fois toutes les informations collect\u00e9es et votre r\u00e9servation\u00a0termin\u00e9e, nous vous fournirons gratuitement tout le mat\u00e9riel d\u2019emballage n\u00e9cessaire ainsi de nombreux conseils. Nos professionnels vous guideront et seront l\u00e0 pour vous accompagner dans votre d\u00e9m\u00e9nagement.<\/p>\n<h2 style=\"margin: 20px 0px 10px; padding: 0px; box-sizing: border-box; clear: both; word-break: break-word; color: inherit; font-style: normal; font-variant: normal; font-weight: 500; font-stretch: normal; font-size: 30px; line-height: 1.1; font-family: inherit; text-transform: none;\">Garde meuble<\/h2>\n<p style=\"margin: 0px 0px 10px; padding: 0px; box-sizing: border-box;\">Vous r\u00e9novez votre maison, mais votre grenier est trop petit pour stocker votre mobilier ?\u00a0Vous avez pr\u00e9vu de d\u00e9m\u00e9nager mais ne voulez pas payer deux maisons en m\u00eame temps ?\u00a0AGS Netherlands a la solution. Nos<span>\u00a0<\/span><a href=\"https:\/\/www.khz-movers.com\/fr\/entreposage\/\" style=\"margin: 0px; padding: 0px; box-sizing: border-box; text-decoration: none; color: #b02b08; background-color: transparent;\">15 000 M2<\/a><span>\u00a0<\/span>d\u2019entrep\u00f4ts, s\u00e9curis\u00e9s et \u00e0 temp\u00e9rature contr\u00f4l\u00e9e, sont la solution !<\/p>\n<h2 style=\"margin: 20px 0px 10px; padding: 0px; box-sizing: border-box; clear: both; word-break: break-word; color: inherit; font-style: normal; font-variant: normal; font-weight: 500; font-stretch: normal; font-size: 30px; line-height: 1.1; font-family: inherit; text-transform: none;\">Service des douanes N\u00e9erlandais<\/h2>\n<p style=\"margin: 0px 0px 10px; padding: 0px; box-sizing: border-box;\">Pour importer des biens m\u00e9nagers aux Pays-Bas sans payer de droits d\u2019importation, nous suivons le processus des douanes n\u00e9erlandaises avec nos clients, un processus qui doit toujours \u00eatre effectu\u00e9 par une<span>\u00a0<\/span><a href=\"https:\/\/www.khz-movers.com\/fr\/\" style=\"margin: 0px; padding: 0px; box-sizing: border-box; text-decoration: none; color: #b02b08; background-color: transparent;\">entreprise de d\u00e9m\u00e9nagement<\/a><span>\u00a0<\/span>importatrice. Nos gestionnaires de comptes sont l\u00e0 pour vous aider car vous ne pouvez le faire de mani\u00e8re ind\u00e9pendante. Nous pouvons \u00e9galement vous aider lorsque vous voulez importer une voiture ou un v\u00e9hicule quelconque. N\u2019h\u00e9sitez pas \u00e0 nous contacter si vous avez des questions.<\/p>\n<h2 style=\"margin: 20px 0px 10px; padding: 0px; box-sizing: border-box; clear: both; word-break: break-word; color: inherit; font-style: normal; font-variant: normal; font-weight: 500; font-stretch: normal; font-size: 30px; line-height: 1.1; font-family: inherit; text-transform: none;\">Services de mobilit\u00e9 internationale<\/h2>\n<p style=\"margin: 0px 0px 10px; padding: 0px; box-sizing: border-box;\">AGS Netherlands propose \u00e9galement un ensemble de<span>\u00a0<\/span><a href=\"https:\/\/www.khz-movers.com\/fr\/services-de-relocation\/\" style=\"margin: 0px; padding: 0px; box-sizing: border-box; text-decoration: none; color: #b02b08; background-color: transparent;\">services de mobilit\u00e9 internationale<\/a><span>\u00a0<\/span>(recherche de logement, assistance dans l\u2019installation, visa &amp; immigration ect). AGS Netherlands\u00a0offre des prestations personnalis\u00e9es, en discutant avec les clients sur leurs besoins particuliers et les exigences de leur famille. N\u2019h\u00e9sitez pas \u00e0 nous contacter pour plus d\u2019informations.<\/p>\n<h2 style=\"margin: 20px 0px 10px; padding: 0px; box-sizing: border-box; clear: both; word-break: break-word; color: inherit; font-style: normal; font-variant: normal; font-weight: 500; font-stretch: normal; font-size: 30px; line-height: 1.1; font-family: inherit; text-transform: none;\">Nous sommes pr\u00eats \u00e0 vous d\u00e9m\u00e9nager<\/h2>\n<p style=\"margin: 0px 0px 10px; padding: 0px; box-sizing: border-box;\">Vous d\u00e9m\u00e9nagez aux Pays-Bas ou \u00e0 l\u2019\u00e9tranger ? Vous voulez \u00eatre s\u00fbr que tout est parfaitement organis\u00e9 ? Vous voulez \u00eatre assur\u00e9 d\u2019un d\u00e9m\u00e9nagement en toute s\u00e9curit\u00e9 ? Alors contactez-nous! \u00a0D\u00e9m\u00e9nager vos biens en toute s\u00e9curit\u00e9 est notre pr\u00e9occupation. Nous sommes l\u00e0 pour vous aider !<\/p>\n<\/div>\n<\/div>\n<\/div>\n<p>[\/et_pb_text][\/et_pb_column][\/et_pb_row][et_pb_row _builder_version=\u00a0\u00bb4.16&Prime; _module_preset=\u00a0\u00bbdefault\u00a0\u00bb width=\u00a0\u00bb85%\u00a0\u00bb max_width=\u00a0\u00bb85%\u00a0\u00bb global_colors_info=\u00a0\u00bb{}\u00a0\u00bb theme_builder_area=\u00a0\u00bbpost_content\u00a0\u00bb][et_pb_column type=\u00a0\u00bb4_4&Prime; _builder_version=\u00a0\u00bb4.16&Prime; _module_preset=\u00a0\u00bbdefault\u00a0\u00bb global_colors_info=\u00a0\u00bb{}\u00a0\u00bb theme_builder_area=\u00a0\u00bbpost_content\u00a0\u00bb][et_pb_code _builder_version=\u00a0\u00bb4.23&Prime; _module_preset=\u00a0\u00bbdefault\u00a0\u00bb global_colors_info=\u00a0\u00bb{}\u00a0\u00bb theme_builder_area=\u00a0\u00bbpost_content\u00a0\u00bb]\n<div class=\"wpcf7 no-js\" id=\"wpcf7-f4149-o1\" lang=\"nl-NL\" dir=\"ltr\" data-wpcf7-id=\"4149\">\n<div class=\"screen-reader-response\"><p role=\"status\" aria-live=\"polite\" aria-atomic=\"true\"><\/p> <ul><\/ul><\/div>\n<form action=\"\/fr\/wp-json\/wp\/v2\/pages\/4766#wpcf7-f4149-o1\" method=\"post\" class=\"wpcf7-form init\" aria-label=\"Contactformulier\" autocomplete=\"off\" novalidate=\"novalidate\" data-status=\"init\">\n<fieldset class=\"hidden-fields-container\"><input type=\"hidden\" name=\"_wpcf7\" value=\"4149\" \/><input type=\"hidden\" name=\"_wpcf7_version\" value=\"6.1.1\" \/><input type=\"hidden\" name=\"_wpcf7_locale\" value=\"nl_NL\" \/><input type=\"hidden\" name=\"_wpcf7_unit_tag\" value=\"wpcf7-f4149-o1\" \/><input type=\"hidden\" name=\"_wpcf7_container_post\" value=\"0\" \/><input type=\"hidden\" name=\"_wpcf7_posted_data_hash\" value=\"\" \/><input type=\"hidden\" name=\"_wpcf7_recaptcha_response\" value=\"\" \/>\n<\/fieldset>\n<div id=\"d376fbd\">\n<\/div>\n<p>&nbsp;\n<\/p>\n<p><small>Fields marked with * are mandatory<\/small>\n<\/p>\n<p>&nbsp;<br \/>\n<input type=\"hidden\" class=\"wpcf7-form-control wpcf7-hidden\" name=\"enquiry_type\" placeholder=\"\" value=\"general_enquiries\" \/>\n<\/p>\n<table class=\"form\">\n\t<tr>\n\t\t<td>\n\t\t\t<p><label>First Name*<\/label>\n\t\t\t<\/p>\n\t\t<\/td>\n\t\t<td>\n\t\t\t<p><span class=\"wpcf7-form-control-wrap\" data-name=\"first_name\"><input size=\"40\" maxlength=\"400\" class=\"wpcf7-form-control wpcf7-text wpcf7-validates-as-required\" aria-required=\"true\" aria-invalid=\"false\" value=\"\" type=\"text\" name=\"first_name\" \/><\/span>\n\t\t\t<\/p>\n\t\t<\/td>\n\t<\/tr>\n\t<tr>\n\t\t<td>\n\t\t\t<p><label>Surname*<\/label>\n\t\t\t<\/p>\n\t\t<\/td>\n\t\t<td>\n\t\t\t<p><span class=\"wpcf7-form-control-wrap\" data-name=\"surname\"><input size=\"40\" maxlength=\"400\" class=\"wpcf7-form-control wpcf7-text wpcf7-validates-as-required\" aria-required=\"true\" aria-invalid=\"false\" value=\"\" type=\"text\" name=\"surname\" \/><\/span>\n\t\t\t<\/p>\n\t\t<\/td>\n\t<\/tr>\n\t<tr>\n\t\t<td>\n\t\t\t<p><label>Salutation<\/label>\n\t\t\t<\/p>\n\t\t<\/td>\n\t\t<td>\n\t\t\t<p><span class=\"wpcf7-form-control-wrap\" data-name=\"salutation\"><select class=\"wpcf7-form-control wpcf7-select\" aria-invalid=\"false\" name=\"salutation\"><option value=\"\">&#8212;Kies een optie&#8212;<\/option><option value=\"Mr.\">Mr.<\/option><option value=\"Mrs.\">Mrs.<\/option><\/select><\/span>\n\t\t\t<\/p>\n\t\t<\/td>\n\t<\/tr>\n\t<tr>\n\t\t<td>\n\t\t\t<p><label>E-mail*<\/label>\n\t\t\t<\/p>\n\t\t<\/td>\n\t\t<td>\n\t\t\t<p><span class=\"wpcf7-form-control-wrap\" data-name=\"email\"><input size=\"40\" maxlength=\"400\" class=\"wpcf7-form-control wpcf7-email wpcf7-validates-as-required wpcf7-text wpcf7-validates-as-email\" aria-required=\"true\" aria-invalid=\"false\" value=\"\" type=\"email\" name=\"email\" \/><\/span>\n\t\t\t<\/p>\n\t\t<\/td>\n\t<\/tr>\n\t<tr>\n\t\t<td>\n\t\t\t<p><label>Phone*<\/label>\n\t\t\t<\/p>\n\t\t<\/td>\n\t\t<td>\n\t\t\t<p><span class=\"wpcf7-form-control-wrap\" data-name=\"phone\"><input size=\"40\" maxlength=\"400\" class=\"wpcf7-form-control wpcf7-tel wpcf7-validates-as-required wpcf7-text wpcf7-validates-as-tel\" aria-required=\"true\" aria-invalid=\"false\" value=\"\" type=\"tel\" name=\"phone\" \/><\/span>\n\t\t\t<\/p>\n\t\t<\/td>\n\t<\/tr>\n\t<tr>\n\t\t<td>\n\t\t\t<p><label>Contact preference<\/label>\n\t\t\t<\/p>\n\t\t<\/td>\n\t\t<td>\n\t\t\t<p><span class=\"wpcf7-form-control-wrap\" data-name=\"preference\"><select class=\"wpcf7-form-control wpcf7-select wpcf7-validates-as-required\" aria-required=\"true\" aria-invalid=\"false\" name=\"preference\"><option value=\"\">&#8212;Kies een optie&#8212;<\/option><option value=\"Phone\">Phone<\/option><option value=\"E-mail\">E-mail<\/option><\/select><\/span>\n\t\t\t<\/p>\n\t\t<\/td>\n\t<\/tr>\n\t<tr>\n\t\t<td>\n\t\t\t<p><label>Message<\/label>\n\t\t\t<\/p>\n\t\t<\/td>\n\t\t<td>\n\t\t\t<p><span class=\"wpcf7-form-control-wrap\" data-name=\"message\"><textarea cols=\"40\" rows=\"10\" maxlength=\"2000\" class=\"wpcf7-form-control wpcf7-textarea\" aria-invalid=\"false\" name=\"message\"><\/textarea><\/span>\n\t\t\t<\/p>\n\t\t<\/td>\n\t<\/tr>\n\t<tr>\n\t\t<td colspan=\"2\">\n\t\t\t<p>&nbsp;\n\t\t\t<\/p>\n\t\t<\/td>\n\t<\/tr>\n\t<tr>\n\t\t<td>\n\t\t<\/td>\n\t\t<td>\n\t\t\t<p><span class=\"wpcf7-form-control-wrap\" data-name=\"gdpr\"><span class=\"wpcf7-form-control wpcf7-acceptance\"><span class=\"wpcf7-list-item\"><label><input type=\"checkbox\" name=\"gdpr\" value=\"1\" aria-invalid=\"false\" \/><span class=\"wpcf7-list-item-label\">When you use this form, you agree to the storage and processing of your data through this website.<\/span><\/label><\/span><\/span><\/span>\n\t\t\t<\/p>\n\t\t\t<div>\n\t\t\t<span class=\"wpcf7-form-control-wrap recaptcha\" data-name=\"recaptcha\"><span data-sitekey=\"6LcumtsaAAAAAGg4bRhXi_1rsHw2_0I6H_xCdyMj\" class=\"wpcf7-form-control wpcf7-recaptcha g-recaptcha\"><\/span>\r\n<noscript>\r\n\t<div class=\"grecaptcha-noscript\">\r\n\t\t<iframe loading=\"lazy\" src=\"https:\/\/www.google.com\/recaptcha\/api\/fallback?k=6LcumtsaAAAAAGg4bRhXi_1rsHw2_0I6H_xCdyMj\" frameborder=\"0\" scrolling=\"no\" width=\"310\" height=\"430\">\r\n\t\t<\/iframe>\r\n\t\t<textarea name=\"g-recaptcha-response\" rows=\"3\" cols=\"40\" placeholder=\"reCaptcha antwoord hier\">\r\n\t\t<\/textarea>\r\n\t<\/div>\r\n<\/noscript>\r\n<\/span>\n\t\t\t<\/div>\n\t\t\t<p>&nbsp;<br \/>\n<input class=\"wpcf7-form-control wpcf7-submit has-spinner\" type=\"submit\" value=\"Send\" \/><span class=\"cta\">We answer your message within 1 working day<\/span>\n\t\t\t<\/p>\n\t\t\t<div class=\"clear\">\n\t\t\t<\/div>\n\t\t<\/td>\n\t<\/tr>\n<\/table><div class=\"wpcf7-response-output\" aria-hidden=\"true\"><\/div>\n<\/form>\n<\/div>\n[\/et_pb_code][\/et_pb_column][\/et_pb_row][\/et_pb_section]<\/p>\n","protected":false},"excerpt":{"rendered":"<p><div class=\"et_pb_module lwp_divi_breadcrumbs lwp_divi_breadcrumbs_0\">\n\t\t\t\t\n\t\t\t\t\n\t\t\t\t\n\t\t\t\t\n\t\t\t\t\n\t\t\t\t\n\t\t\t\t<div class=\"et_pb_module_inner\">\n\t\t\t\t\t<div class=\"lwp-breadcrumbs\"> <span class=\"before\"><\/span> <span vocab=\"https:\/\/schema.org\/\" typeof=\"BreadcrumbList\"><span property=\"itemListElement\" typeof=\"ListItem\"><a property=\"item\" typeof=\"WebPage\" href=\"https:\/\/staging.khz-movers.com\/fr\/\" class=\"home\"><span property=\"name\">Home<\/span><\/a><meta property=\"position\" content=\"1\"><\/span> <span class=\"separator et-pb-icon\">&#x39;<\/span> <\/span><\/div>\n\t\t\t\t<\/div>\n\t\t\t<\/div> Service de D\u00e9m\u00e9nagement \u2013 AGS Global Solutions &#8211; Netherlands Vous souhaitez d\u00e9m\u00e9nager aux Pays-Bas ou \u00e0 l\u2019\u00e9tranger ? AGS Netherlands peut g\u00e9rer votre\u00a0d\u00e9m\u00e9nagement dans le monde entier.\u00a0Nous fournissons les services de d\u00e9m\u00e9nagement suivants. International Peu importe votre destination, AGS Netherlands est le sp\u00e9cialiste\u00a0pour votre\u00a0relocation . Nous pouvons organiser votre [&hellip;]<\/p>\n","protected":false},"author":32,"featured_media":0,"parent":0,"menu_order":0,"comment_status":"closed","ping_status":"open","template":"","meta":{"_et_pb_use_builder":"on","_et_pb_old_content":"","_et_gb_content_width":"","footnotes":""},"class_list":["post-4766","page","type-page","status-publish","hentry"],"_links":{"self":[{"href":"https:\/\/staging.khz-movers.com\/fr\/wp-json\/wp\/v2\/pages\/4766","targetHints":{"allow":["GET"]}}],"collection":[{"href":"https:\/\/staging.khz-movers.com\/fr\/wp-json\/wp\/v2\/pages"}],"about":[{"href":"https:\/\/staging.khz-movers.com\/fr\/wp-json\/wp\/v2\/types\/page"}],"author":[{"embeddable":true,"href":"https:\/\/staging.khz-movers.com\/fr\/wp-json\/wp\/v2\/users\/32"}],"replies":[{"embeddable":true,"href":"https:\/\/staging.khz-movers.com\/fr\/wp-json\/wp\/v2\/comments?post=4766"}],"version-history":[{"count":0,"href":"https:\/\/staging.khz-movers.com\/fr\/wp-json\/wp\/v2\/pages\/4766\/revisions"}],"wp:attachment":[{"href":"https:\/\/staging.khz-movers.com\/fr\/wp-json\/wp\/v2\/media?parent=4766"}],"curies":[{"name":"wp","href":"https:\/\/api.w.org\/{rel}","templated":true}]}}