{"id":4775,"date":"2017-12-13T16:32:50","date_gmt":"2017-12-13T15:32:50","guid":{"rendered":"https:\/\/staging.khz-movers.com\/?page_id=4775"},"modified":"2023-02-13T18:16:22","modified_gmt":"2023-02-13T16:16:22","slug":"disclaimer","status":"publish","type":"page","link":"https:\/\/staging.khz-movers.com\/fr\/disclaimer\/","title":{"rendered":"Informations L\u00e9gales"},"content":{"rendered":"<p>[et_pb_section fb_built=\u00a0\u00bb1&Prime; _builder_version=\u00a0\u00bb4.8.1&Prime; _module_preset=\u00a0\u00bbdefault\u00a0\u00bb][et_pb_row _builder_version=\u00a0\u00bb4.8.1&Prime; _module_preset=\u00a0\u00bbdefault\u00a0\u00bb][et_pb_column _builder_version=\u00a0\u00bb4.8.1&Prime; _module_preset=\u00a0\u00bbdefault\u00a0\u00bb type=\u00a0\u00bb4_4&Prime;][et_pb_text _builder_version=\u00a0\u00bb4.8.1&Prime; _module_preset=\u00a0\u00bbdefault\u00a0\u00bb hover_enabled=\u00a0\u00bb0&Prime; sticky_enabled=\u00a0\u00bb0&Prime;]<\/p>\n<div class=\"et_builder_inner_content et_pb_gutters3\">\n<p><span lang=\"fr\">AGS Global Solutions &#8211; Netherlands se r\u00e9serve le droit d\u2019apporter, quand elle le souhaite (sans pr\u00e9avis), des modifications aux conditions d\u2019utilisation du site. Les modifications seront utilisables directement apr\u00e8s leurs publications sur le site.<\/span><\/p>\n<p><span lang=\"fr\">AGS Netherlands d\u00e9cline toute responsabilit\u00e9 pour les dommages directs ou indirects pouvant r\u00e9sulter de l\u2019utilisation ou du traitement des informations sur le site, sauf en cas d\u2019action d\u00e9lib\u00e9r\u00e9e de mauvaises intentions.<\/span><\/p>\n<p><span lang=\"fr\">Ce site et son contenu sont prot\u00e9g\u00e9s par les droits d\u2019auteur et autres droits de propri\u00e9t\u00e9 intellectuelle. Sauf\u00a0s\u2019il s\u2019agit d\u2019un\u00a0usage personnel et non commercial. Aucun \u00e9l\u00e9ment de ce site ne doit \u00eatre multipli\u00e9, sauvegard\u00e9 ou rendu public, sans l\u2019avis pr\u00e9alable et la permission d\u2019AGS Netherlands.<\/span><\/p>\n<p><span lang=\"fr\">Ces conditions, ainsi que toutes les questions ou r\u00e9clamations en relation directe avec celles-ci, sont applicables uniquement en droit n\u00e9erlandais. Ces questions et r\u00e9clamations seront, si n\u00e9cessaire, plac\u00e9es sous l\u2019autorit\u00e9 du minist\u00e8re de la Justice local. Notre propri\u00e9t\u00e9 intellectuelle est prot\u00e9g\u00e9e par les lois de la marque et de l\u2019auteur \/ copyright.<\/span><\/p>\n<\/div>\n<p>[\/et_pb_text][\/et_pb_column][\/et_pb_row][\/et_pb_section]<\/p>\n","protected":false},"excerpt":{"rendered":"<p>AGS Global Solutions &#8211; Netherlands se r\u00e9serve le droit d\u2019apporter, quand elle le souhaite (sans pr\u00e9avis), des modifications aux conditions d\u2019utilisation du site. Les modifications seront utilisables directement apr\u00e8s leurs publications sur le site. AGS Netherlands d\u00e9cline toute responsabilit\u00e9 pour les dommages directs ou indirects pouvant r\u00e9sulter de l\u2019utilisation ou du traitement des informations sur [&hellip;]<\/p>\n","protected":false},"author":32,"featured_media":0,"parent":0,"menu_order":0,"comment_status":"closed","ping_status":"open","template":"","meta":{"_et_pb_use_builder":"on","_et_pb_old_content":"","_et_gb_content_width":"","footnotes":""},"class_list":["post-4775","page","type-page","status-publish","hentry"],"_links":{"self":[{"href":"https:\/\/staging.khz-movers.com\/fr\/wp-json\/wp\/v2\/pages\/4775","targetHints":{"allow":["GET"]}}],"collection":[{"href":"https:\/\/staging.khz-movers.com\/fr\/wp-json\/wp\/v2\/pages"}],"about":[{"href":"https:\/\/staging.khz-movers.com\/fr\/wp-json\/wp\/v2\/types\/page"}],"author":[{"embeddable":true,"href":"https:\/\/staging.khz-movers.com\/fr\/wp-json\/wp\/v2\/users\/32"}],"replies":[{"embeddable":true,"href":"https:\/\/staging.khz-movers.com\/fr\/wp-json\/wp\/v2\/comments?post=4775"}],"version-history":[{"count":0,"href":"https:\/\/staging.khz-movers.com\/fr\/wp-json\/wp\/v2\/pages\/4775\/revisions"}],"wp:attachment":[{"href":"https:\/\/staging.khz-movers.com\/fr\/wp-json\/wp\/v2\/media?parent=4775"}],"curies":[{"name":"wp","href":"https:\/\/api.w.org\/{rel}","templated":true}]}}