{"id":4781,"date":"2017-12-13T16:32:50","date_gmt":"2017-12-13T15:32:50","guid":{"rendered":"https:\/\/staging.khz-movers.com\/?page_id=4781"},"modified":"2023-02-16T12:29:11","modified_gmt":"2023-02-16T10:29:11","slug":"liens","status":"publish","type":"page","link":"https:\/\/staging.khz-movers.com\/fr\/liens\/","title":{"rendered":"Liens"},"content":{"rendered":"<p>[et_pb_section fb_built=\u00a0\u00bb1&Prime; _builder_version=\u00a0\u00bb4.8.1&Prime; _module_preset=\u00a0\u00bbdefault\u00a0\u00bb][et_pb_row _builder_version=\u00a0\u00bb4.8.1&Prime; _module_preset=\u00a0\u00bbdefault\u00a0\u00bb][et_pb_column _builder_version=\u00a0\u00bb4.8.1&Prime; _module_preset=\u00a0\u00bbdefault\u00a0\u00bb type=\u00a0\u00bb4_4&Prime;][et_pb_text _builder_version=\u00a0\u00bb4.8.1&Prime; _module_preset=\u00a0\u00bbdefault\u00a0\u00bb hover_enabled=\u00a0\u00bb0&Prime; sticky_enabled=\u00a0\u00bb0&Prime;]<\/p>\n<div class=\"et_builder_inner_content et_pb_gutters3\">\n<h2>Une s\u00e9lection de liens pratiques :<\/h2>\n<p><em>(Liens en anglais ou en n\u00e9erlandais)<\/em><\/p>\n<h2 id=\"tw-target-text\" class=\"tw-data-text tw-ta tw-text-medium\"><span lang=\"fr\">D\u00e9m\u00e9nagement<\/span><\/h2>\n<ul>\n<li><a title=\"Bezoek deze website\" href=\"http:\/\/www.wonend.nl\/verhuizen\/\">www.wonend.nl<\/a>\u00a0\u2013 Verhuizen en verhuisfirma\u2019s<\/li>\n<li><a title=\"Bezoek deze website\" href=\"http:\/\/www.animalstofly.com\/\">www.animalstofly.com<\/a>\u00a0\u2013 Transport van dieren<\/li>\n<li><a title=\"Bezoek deze website\" href=\"http:\/\/verhuizen.ikwilhet.nu\/\" target=\"_blank\" rel=\"nofollow noopener\">Verhuizen.ikwilhet.nu<\/a>\u00a0\u2013 Verhuizen startpagina<\/li>\n<li><a title=\"Bezoek deze website\" href=\"http:\/\/www.passies.nl\/\" target=\"_blank\" rel=\"nofollow noopener\">www.passies.nl<\/a>\u00a0\u2013 Passies Verhuizers<\/li>\n<li><a title=\"Bezoek deze website\" href=\"http:\/\/www.pararius.nl\/\" target=\"_blank\" rel=\"nofollow noopener\">www.pararius.nl<\/a>\u00a0\u2013 Pararius Huurwoningen, het grootste huurwoningplatform van Nederland.<\/li>\n<\/ul>\n<p>&nbsp;<\/p>\n<h2 id=\"tw-target-text\" class=\"tw-data-text tw-ta tw-text-large\"><span lang=\"fr\">\u00c9migration<\/span><\/h2>\n<ul>\n<li><a href=\"http:\/\/www.masa.nl\/\" target=\"_blank\" rel=\"nofollow noopener\">www.masa.nl<\/a>\u00a0\u2013 Makelaars Spanje sedert 1981<\/li>\n<li><a title=\"Bezoek deze website\" href=\"http:\/\/www.grenswoningen.nl\/\" target=\"_blank\" rel=\"nofollow noopener\">www.grenswoningen.nl<\/a>\u00a0\u2013 Wonen in Duitsland en Belgi\u00eb<\/li>\n<li><a title=\"Bezoek deze website\" href=\"http:\/\/emigratie.startpagina.nl\/\" target=\"_blank\" rel=\"nofollow noopener\">emigratie.startpagina.nl<\/a>\u00a0\u2013 Startpagina over emigreren<\/li>\n<li><a href=\"http:\/\/australie.ikwilhet.nu\/\" target=\"_blank\" rel=\"nofollow noopener\">australie.ikwilhet.nu<\/a>\u00a0\u2013 Handige links voor Australie<\/li>\n<li><a href=\"http:\/\/portugal.2link.be\/\" target=\"_blank\" rel=\"nofollow noopener\">portugal.2link.be\/<\/a>\u00a0\u2013 Handige links voor Portugal<\/li>\n<\/ul>\n<p>&nbsp;<\/p>\n<h2>Expatriation<\/h2>\n<ul>\n<li><a title=\"Visit this website\" href=\"http:\/\/www.nlborrels.com\/\" target=\"_blank\" rel=\"nofollow noopener\">www.nlborrels.com<\/a>\u00a0\u2013 Nederlands expat netwerk<\/li>\n<li><a title=\"Bezoek deze website\" href=\"http:\/\/www.easyexpat.com\/\" target=\"_blank\" rel=\"nofollow noopener\">www.easyexpat.com<\/a>\u00a0\u2013 Gids voor emigreren<\/li>\n<li><a title=\"Visit this website\" href=\"http:\/\/www.expatica.com\/\" target=\"_blank\" rel=\"nofollow noopener\">www.expatica.com<\/a>\u00a0\u2013 Europian expat information portal<\/li>\n<li><a title=\"Visit this website\" href=\"http:\/\/www.expatfinancial.com\/\" target=\"_blank\" rel=\"nofollow noopener\">www.expatfinancial.com<\/a>\u00a0\u2013 International health insurance and expatriate group insurance<\/li>\n<\/ul>\n<p>&nbsp;<\/p>\n<h2 id=\"tw-target-text\" class=\"tw-data-text tw-ta tw-text-large\"><span lang=\"fr\">Voyager<\/span><\/h2>\n<ul>\n<li><a title=\"Bezoek deze website\" href=\"http:\/\/www.douane.nl\/\" target=\"_blank\" rel=\"nofollow noopener\">www.douane.nl<\/a>\u00a0\u2013 Nederlandse Douane<\/li>\n<li><a title=\"Bezoek deze website\" href=\"http:\/\/www.theusa.nl\/\" target=\"Bezoek deze website\" rel=\"noopener\">www.theusa.nl<\/a>\u00a0\u2013 Een interactieve website over de Verenigde Staten<\/li>\n<\/ul>\n<p>&nbsp;<\/p>\n<h2 id=\"tw-target-text\" class=\"tw-data-text tw-ta tw-text-large\"><span lang=\"fr\">\u00c9tudier<\/span><\/h2>\n<ul>\n<li><a title=\"Bezoek deze website\" href=\"https:\/\/www.vsnu.nl\/\" target=\"_blank\" rel=\"nofollow noopener\">www.vsnu.nl<\/a>\u00a0\u2013 Vereniging van universiteiten<\/li>\n<li><a title=\"Visit this website\" href=\"http:\/\/www.worldwide.edu\/intro.html\" target=\"_blank\" rel=\"nofollow noopener\">www.worldwide.edu<\/a>\u00a0\u2013 Worldwide classroom, International education<\/li>\n<\/ul>\n<p>&nbsp;<\/p>\n<h2 id=\"tw-target-text\" class=\"tw-data-text tw-ta tw-text-large\"><span lang=\"fr\">Enfants<\/span><\/h2>\n<ul>\n<li><a title=\"Bezoek deze website\" href=\"http:\/\/www.wereldschool.nl\/\" target=\"_blank\" rel=\"nofollow noopener\">www.wereldschool.nl<\/a>\u00a0\u2013 Advies over onderwijs in het buitenland<\/li>\n<li><a title=\"Bezoek deze website\" href=\"http:\/\/www.ori-and-ricki.net\/\" target=\"_blank\" rel=\"nofollow noopener\">www.ori-and-ricki.net<\/a>\u00a0\u2013 Website voor kinderen van expats<\/li>\n<\/ul>\n<p>&nbsp;<\/p>\n<h2>Liens en anglais<\/h2>\n<ul>\n<li><a href=\"http:\/\/www.movetonetherlands.com\/\">www.movetonetherlands.com<\/a>\u00a0\u2013 Travel and Relocation Guidelines for the Netherlands<\/li>\n<li><a title=\"Visit this website\" href=\"http:\/\/www.undutchables.nl\/\" target=\"_blank\" rel=\"nofollow noopener\">www.undutchables.nl<\/a>\u00a0\u2013 Undutchables Recruitment Agency<\/li>\n<li><a title=\"Visit this website\" href=\"http:\/\/www.escapeartist.com\/\" target=\"_blank\" rel=\"nofollow noopener\">www.escapeartist.com<\/a>\u00a0\u2013 Magazine about overseas relocation<\/li>\n<li><a title=\"Visit this website\" href=\"http:\/\/www.bluelynx.com\/\" target=\"_blank\" rel=\"nofollow noopener\">www.bluelynx.com<\/a>\u00a0\u2013 Employment by language for international business professionals<\/li>\n<li><a title=\"Visit this website\" href=\"http:\/\/www.travel.state.gov\/\" target=\"_blank\" rel=\"nofollow noopener\">www.travel.state.gov<\/a>\u00a0\u2013 Bureau of consular affairs in the U.S.<\/li>\n<li><a title=\"Visit this website\" href=\"http:\/\/www.xe.com\/ucc\" target=\"_blank\" rel=\"nofollow noopener\">www.xe.com<\/a>\u00a0\u2013 Foreign exchange rates<\/li>\n<li><a title=\"Visit this website\" href=\"http:\/\/www.cdc.gov\/\" target=\"_blank\" rel=\"nofollow noopener\">www.cdc.gov<\/a>\u00a0\u2013 U.S. Centers for disease<\/li>\n<li><a title=\"Visit this website\" href=\"http:\/\/www.wtca.org\/\" target=\"_blank\" rel=\"nofollow noopener\">www.wtca.org<\/a>\u00a0\u2013 World Trade Centers association<\/li>\n<li><a title=\"Visit this website\" href=\"http:\/\/www.minbuza.nl\/en\/\" target=\"_blank\" rel=\"nofollow noopener\">www.minbuza.nl<\/a>\u00a0\u2013 Dutch Ministry of Foreign Affairs<\/li>\n<li><a title=\"International Distributors\" href=\"http:\/\/www.intdist.nl\/\" target=\"_blank\" rel=\"nofollow noopener\"><span>International Distributors<\/span><\/a> \u2013 The best site for tax free shopping service<\/li>\n<\/ul>\n<p>&nbsp;<\/p>\n<h2 id=\"tw-target-text\" class=\"tw-data-text tw-ta tw-text-medium\"><span lang=\"fr\">Plus de liens pratiques<\/span><\/h2>\n<ul>\n<li><a href=\"http:\/\/www.50plus.startpagina.nl\/\" target=\"_blank\" rel=\"nofollow noopener\">50plus.startpagina.nl<\/a>\u00a0\u2013 Voor en over 50plussers<\/li>\n<li><a href=\"http:\/\/www.xlpack.nl\/\" target=\"_blank\" rel=\"nofollow noopener\">XLpack.nl<\/a>\u00a0\u2013 Industri\u00eble verpakkers<\/li>\n<li><a href=\"http:\/\/heimwee.info\/\" target=\"_blank\" rel=\"nofollow noopener\">Heimwee.info<\/a>\u00a0\u2013 Een internationaal forum<\/li>\n<li><a target=\"_blank\" rel=\"nofollow noopener\">Boodschappen uit Holland<\/a>\u00a0\u2013 Verkoop van Nederlandse producten en specialiteiten<\/li>\n<li><a href=\"http:\/\/www.holland-at-home.nl\/\" target=\"_blank\" rel=\"nofollow noopener\">Holland at home<\/a>\u00a0\u2013 Online holland shop<\/li>\n<li><a title=\"Bezoek deze website\" href=\"http:\/\/www.koopwoningen.nl\/\" target=\"_blank\" rel=\"nofollow noopener\">Koopwoning<\/a>\u00a0\u2013 Aanbod van koopwoningen<\/li>\n<li><a href=\"http:\/\/www.membercare.nl\/\" target=\"_blank\" rel=\"nofollow noopener\">Member Care<\/a>\u00a0\u2013 Ondersteuning van missionaire werkers<\/li>\n<li><a href=\"http:\/\/www.droomhuisduitsland.com\/\" target=\"_blank\" rel=\"nofollow noopener\">Droomhuis Duitsland<\/a>\u00a0\u2013 Startpunt voor emigratie naar Duitsland<\/li>\n<li><a href=\"http:\/\/www.frankrijkinfo.com\/\" target=\"_blank\" rel=\"nofollow noopener\">Frankrijkinfo.com<\/a>\u00a0\u2013 Handige links voor Frankrijk<\/li>\n<li><a href=\"http:\/\/italie.ikwilhet.nu\/\" target=\"_blank\" rel=\"nofollow noopener\">italie.ikwilhet.nu<\/a>\u00a0\u2013 Handige links voor Itali\u00eb<\/li>\n<li><a title=\"Bezoek deze website\" href=\"http:\/\/www.verzekeringeninhetbuitenland.nl\/\" target=\"_blank\" rel=\"nofollow noopener\">www.verzekeringeninhetbuitenland.nl<\/a>\u00a0\u2013 Verzekeringen voor in het buitenland<\/li>\n<li><a title=\"Bezoek deze website\" href=\"http:\/\/www.baggage.nl\/\" target=\"_blank\" rel=\"nofollow noopener\">www.baggage.nl<\/a>\u00a0\u2013 Internationaal transport<\/li>\n<li><a title=\"Visit this website\" href=\"http:\/\/www.jposc.org\/\" target=\"_blank\" rel=\"nofollow noopener\">Junior Professional Office Service Centre<\/a>\u00a0\u2013 Website voor jong-professionals<\/li>\n<li><a title=\"Visit this website\" href=\"http:\/\/www.moversdirectory.com\/\" target=\"_blank\" rel=\"nofollow noopener\">MoversDirectory.com<\/a>\u00a0\u2013 Verzamelaar verhuisbedrijven<\/li>\n<li><a href=\"http:\/\/www.scanyours.com\/\" target=\"_blank\" rel=\"nofollow noopener\">ScanYours<\/a>\u00a0\u2013 eBusiness Consultancy voor het verbeteren van de online dienstverlening<\/li>\n<li><a href=\"http:\/\/goedbedrijf.com\/\">Goed bedrijf<\/a>\u00a0\u2013 Zoek en vind een goed bedrijf<\/li>\n<li><a title=\"Bezoek deze website\" href=\"http:\/\/www.rubrieken.com\/\" target=\"_blank\" rel=\"nofollow noopener\">Rubrieken<\/a>\u00a0\u2013 Startpagina voor ondernemend Nederland<\/li>\n<li><a title=\"Bezoek deze website\" href=\"http:\/\/www.start2000.nl\/\" target=\"_blank\" rel=\"nofollow noopener\">Start 2000<\/a>\u00a0\u2013 Zoeksite voor Nederland<\/li>\n<li><a title=\"Bezoek deze website\" href=\"http:\/\/www.linkexplorer.nl\/\" target=\"_blank\" rel=\"nofollow noopener\">Linkexplorer.nl<\/a>\u00a0\u2013 Webgids voor alles wat u zoekt<\/li>\n<li><a title=\"Bezoek deze website\" href=\"http:\/\/www.linkpages.nl\/\" target=\"_blank\" rel=\"nofollow noopener\">LinkPages<\/a>\u00a0\u2013 Link toevoegen<\/li>\n<li><a title=\"Bezoek deze website\" href=\"http:\/\/www.bestewebgids.nl\/\" target=\"_blank\" rel=\"nofollow noopener\">Beste webgids<\/a>\u00a0\u2013 Een overzicht van de beste links op het net<\/li>\n<li><a title=\"Bezoek deze website\" href=\"http:\/\/www.hobi.nl\/\" target=\"_blank\" rel=\"nofollow noopener\">www.hobi.nl<\/a>\u00a0\u2013 Webgids<\/li>\n<li><a title=\"Bezoek deze website\" href=\"http:\/\/www.domeinnaam.net\/\" target=\"_blank\" rel=\"nofollow noopener\">Domeinnaam controleren<\/a>\u00a0\u2013 De Belgische domeinnaam agent<\/li>\n<li><a title=\"Bezoek deze website\" href=\"http:\/\/immobilien-buitenland.2link.be\/\" target=\"_blank\" rel=\"nofollow noopener\">Immo makelaars<\/a>\u00a0\u2013 Een huis kopen in het buitenland<\/li>\n<li><a title=\"Bezoek deze website\" href=\"http:\/\/www.startee.nl\/\" target=\"_blank\" rel=\"nofollow noopener\">www.startee.nl<\/a>\u00a0\u2013 De startportaal van Nederland<\/li>\n<li><a title=\"Bezoek deze website\" href=\"http:\/\/www.huizenjacht.biz\/\" target=\"_blank\" rel=\"nofollow noopener\">www.huizenjacht.biz<\/a>\u00a0\u2013 Op huizenjacht in Nederland<\/li>\n<li><a title=\"bloemenlatenbezorgen.nl\" href=\"http:\/\/www.bloemenlatenbezorgen.nl\/\" target=\"_blank\" rel=\"nofollow noopener\">Internationaal bloemen bezorgen<\/a>\u00a0\u2013 Bezorging van bloemen. Zowel in Nederland als Internationaal<\/li>\n<li><a href=\"http:\/\/www.twimbo.nl\/\" target=\"_blank\" rel=\"nofollow noopener\">Twimbo link toevoegen<\/a>\u00a0\u2013\u00a0Directory site voor verhuisbedrijven<\/li>\n<li><a title=\"van hier naar daar \" href=\"http:\/\/www.vanhiernaardaar.nl\/\" target=\"_blank\" rel=\"nofollow noopener\">Van hier naar daar<\/a>\u00a0\u2013\u00a0\u00a0verhuizen en personal organizing<\/li>\n<li><a title=\"Greenshields and partners \" href=\"http:\/\/www.greenshieldsandpartners.com\/\" target=\"_blank\" rel=\"nofollow noopener\">Greenshields and Partners<\/a>\u00a0\u2013\u00a0Wereldwijde logistieke service, over de weg, door de lucht en over water. Gespecialiseerd in Afrika<\/li>\n<li><a href=\"http:\/\/www.affidata.com\/sh\/huizen-te-koop\/koopproces-woning-spanje\" target=\"_blank\" rel=\"nofollow noopener\">Affidata.com<\/a>\u00a0\u2013 Het koopproces van een woning in Spanje<\/li>\n<li><a href=\"http:\/\/www.hypotheekadvieshuis.nl\/\" target=\"_blank\" rel=\"nofollow noopener\">HypotheekAdviesHuis<\/a> \u2013 Hypotheekadvies in Alphen aan den Rijn<\/li>\n<\/ul>\n<p>Vous g\u00e9rez un site (populaire) li\u00e9 au d\u00e9m\u00e9nagement international et vous souhaitez r\u00e9f\u00e9rencer votre lien? Contactez-nous via :\u00a0<a href=\"mailto:netherlands@ags-globalsolutions.com\">netherlands@ags-globalsolutions.com<\/a>.<\/p>\n<\/div>\n<p>[\/et_pb_text][\/et_pb_column][\/et_pb_row][\/et_pb_section]<\/p>\n","protected":false},"excerpt":{"rendered":"<p>Une s\u00e9lection de liens pratiques : (Liens en anglais ou en n\u00e9erlandais) D\u00e9m\u00e9nagement www.wonend.nl\u00a0\u2013 Verhuizen en verhuisfirma\u2019s www.animalstofly.com\u00a0\u2013 Transport van dieren Verhuizen.ikwilhet.nu\u00a0\u2013 Verhuizen startpagina www.passies.nl\u00a0\u2013 Passies Verhuizers www.pararius.nl\u00a0\u2013 Pararius Huurwoningen, het grootste huurwoningplatform van Nederland. &nbsp; \u00c9migration www.masa.nl\u00a0\u2013 Makelaars Spanje sedert 1981 www.grenswoningen.nl\u00a0\u2013 Wonen in Duitsland en Belgi\u00eb emigratie.startpagina.nl\u00a0\u2013 Startpagina over emigreren australie.ikwilhet.nu\u00a0\u2013 Handige links [&hellip;]<\/p>\n","protected":false},"author":32,"featured_media":0,"parent":0,"menu_order":0,"comment_status":"closed","ping_status":"open","template":"","meta":{"_et_pb_use_builder":"on","_et_pb_old_content":"","_et_gb_content_width":"","footnotes":""},"class_list":["post-4781","page","type-page","status-publish","hentry"],"_links":{"self":[{"href":"https:\/\/staging.khz-movers.com\/fr\/wp-json\/wp\/v2\/pages\/4781","targetHints":{"allow":["GET"]}}],"collection":[{"href":"https:\/\/staging.khz-movers.com\/fr\/wp-json\/wp\/v2\/pages"}],"about":[{"href":"https:\/\/staging.khz-movers.com\/fr\/wp-json\/wp\/v2\/types\/page"}],"author":[{"embeddable":true,"href":"https:\/\/staging.khz-movers.com\/fr\/wp-json\/wp\/v2\/users\/32"}],"replies":[{"embeddable":true,"href":"https:\/\/staging.khz-movers.com\/fr\/wp-json\/wp\/v2\/comments?post=4781"}],"version-history":[{"count":0,"href":"https:\/\/staging.khz-movers.com\/fr\/wp-json\/wp\/v2\/pages\/4781\/revisions"}],"wp:attachment":[{"href":"https:\/\/staging.khz-movers.com\/fr\/wp-json\/wp\/v2\/media?parent=4781"}],"curies":[{"name":"wp","href":"https:\/\/api.w.org\/{rel}","templated":true}]}}