{"id":4783,"date":"2017-12-13T16:32:48","date_gmt":"2017-12-13T15:32:48","guid":{"rendered":"https:\/\/staging.khz-movers.com\/?page_id=4783"},"modified":"2026-01-28T17:51:25","modified_gmt":"2026-01-28T15:51:25","slug":"declaration-contre-la-corruption","status":"publish","type":"page","link":"https:\/\/staging.khz-movers.com\/fr\/declaration-contre-la-corruption\/","title":{"rendered":"D\u00e9claration contre la corruption"},"content":{"rendered":"<p>[et_pb_section fb_built=\u00a0\u00bb1&Prime; fullwidth=\u00a0\u00bbon\u00a0\u00bb admin_label=\u00a0\u00bbTitle\u00a0\u00bb _builder_version=\u00a0\u00bb4.16&Prime; _module_preset=\u00a0\u00bbdefault\u00a0\u00bb locked=\u00a0\u00bboff\u00a0\u00bb collapsed=\u00a0\u00bbon\u00a0\u00bb global_colors_info=\u00a0\u00bb{}\u00a0\u00bb][et_pb_fullwidth_post_title meta=\u00a0\u00bboff\u00a0\u00bb featured_image=\u00a0\u00bboff\u00a0\u00bb _builder_version=\u00a0\u00bb4.16&Prime; _module_preset=\u00a0\u00bbdefault\u00a0\u00bb title_text_align=\u00a0\u00bbcenter\u00a0\u00bb title_text_color=\u00a0\u00bb#ffffff\u00a0\u00bb title_font_size=\u00a0\u00bb28px\u00a0\u00bb background_color=\u00a0\u00bb#b02b08&Prime; custom_padding=\u00a0\u00bb40px||30px||false|false\u00a0\u00bb global_colors_info=\u00a0\u00bb{}\u00a0\u00bb][\/et_pb_fullwidth_post_title][\/et_pb_section][et_pb_section fb_built=\u00a0\u00bb1&Prime; admin_label=\u00a0\u00bbBreadcrumbs\u00a0\u00bb _builder_version=\u00a0\u00bb4.16&Prime; _module_preset=\u00a0\u00bbdefault\u00a0\u00bb custom_padding=\u00a0\u00bb0px||0px|||\u00a0\u00bb locked=\u00a0\u00bboff\u00a0\u00bb collapsed=\u00a0\u00bbon\u00a0\u00bb global_colors_info=\u00a0\u00bb{}\u00a0\u00bb][et_pb_row _builder_version=\u00a0\u00bb4.16&Prime; _module_preset=\u00a0\u00bbdefault\u00a0\u00bb width=\u00a0\u00bb85%\u00a0\u00bb max_width=\u00a0\u00bb85%\u00a0\u00bb global_colors_info=\u00a0\u00bb{}\u00a0\u00bb][et_pb_column type=\u00a0\u00bb4_4&Prime; _builder_version=\u00a0\u00bb4.16&Prime; _module_preset=\u00a0\u00bbdefault\u00a0\u00bb global_colors_info=\u00a0\u00bb{}\u00a0\u00bb][lwp_divi_breadcrumbs _builder_version=\u00a0\u00bb4.16&Prime; _module_preset=\u00a0\u00bbdefault\u00a0\u00bb module_font_size=\u00a0\u00bb11px\u00a0\u00bb global_colors_info=\u00a0\u00bb{}\u00a0\u00bb][\/lwp_divi_breadcrumbs][\/et_pb_column][\/et_pb_row][\/et_pb_section][et_pb_section fb_built=\u00a0\u00bb1&Prime; admin_label=\u00a0\u00bbContent\u00a0\u00bb _builder_version=\u00a0\u00bb4.16&Prime; _module_preset=\u00a0\u00bbdefault\u00a0\u00bb custom_padding=\u00a0\u00bb0px|||||\u00a0\u00bb locked=\u00a0\u00bboff\u00a0\u00bb collapsed=\u00a0\u00bboff\u00a0\u00bb global_colors_info=\u00a0\u00bb{}\u00a0\u00bb][et_pb_row _builder_version=\u00a0\u00bb4.16&Prime; _module_preset=\u00a0\u00bbdefault\u00a0\u00bb width=\u00a0\u00bb85%\u00a0\u00bb max_width=\u00a0\u00bb85%\u00a0\u00bb global_colors_info=\u00a0\u00bb{}\u00a0\u00bb][et_pb_column type=\u00a0\u00bb4_4&Prime; _builder_version=\u00a0\u00bb4.16&Prime; _module_preset=\u00a0\u00bbdefault\u00a0\u00bb global_colors_info=\u00a0\u00bb{}\u00a0\u00bb][et_pb_text admin_label=\u00a0\u00bbText\u00a0\u00bb _builder_version=\u00a0\u00bb4.27.4&Prime; hover_enabled=\u00a0\u00bb0&Prime; global_colors_info=\u00a0\u00bb{}\u00a0\u00bb sticky_enabled=\u00a0\u00bb0&Prime;]<\/p>\n<h2 style=\"margin: 20px 0px 10px; padding: 0px; box-sizing: border-box; clear: both; word-break: break-word; color: #676b6d; font: 500 30px \/ 1.1 'Open Sans', Helvetica, Arial, Verdana, sans-serif; text-transform: none; letter-spacing: normal; orphans: 2; text-align: start; text-indent: 0px; white-space: normal; widows: 2; word-spacing: 0px; -webkit-text-stroke-width: 0px; background-color: #ffffff; text-decoration-style: initial; text-decoration-color: initial;\">D\u00e9claration contre la corruption &amp; Charte Anti-Trust<\/h2>\n<h2 style=\"margin: 20px 0px 10px; padding: 0px; box-sizing: border-box; clear: both; word-break: break-word; color: #676b6d; font: 500 30px \/ 1.1 'Open Sans', Helvetica, Arial, Verdana, sans-serif; text-transform: none; letter-spacing: normal; orphans: 2; text-align: start; text-indent: 0px; white-space: normal; widows: 2; word-spacing: 0px; -webkit-text-stroke-width: 0px; background-color: #ffffff; text-decoration-style: initial; text-decoration-color: initial;\">Code de conduite<\/h2>\n<p style=\"margin: 0px 0px 10px; padding: 0px; box-sizing: border-box; color: #676b6d; font-family: 'Open Sans', Helvetica, Arial, Verdana, sans-serif; font-size: 15px; font-style: normal; font-variant-ligatures: normal; font-variant-caps: normal; font-weight: 400; letter-spacing: normal; orphans: 2; text-align: start; text-indent: 0px; text-transform: none; white-space: normal; widows: 2; word-spacing: 0px; -webkit-text-stroke-width: 0px; background-color: #ffffff; text-decoration-style: initial; text-decoration-color: initial;\">En tant qu\u2019affili\u00e9 FIDI, <a href=\"https:\/\/www.khz-movers.com\/fr\/\" style=\"color: #b02b08;\">AGS Global Solutions &#8211; Netherlands<\/a>, accepte et s\u2019engage \u00e0 :<\/p>\n<ol style=\"margin: 0px 0px 10px 20px; padding: 0px; box-sizing: border-box; list-style: decimal; color: #676b6d; font-family: 'Open Sans', Helvetica, Arial, Verdana, sans-serif; font-size: 15px; font-style: normal; font-variant-ligatures: normal; font-variant-caps: normal; font-weight: 400; letter-spacing: normal; orphans: 2; text-align: start; text-indent: 0px; text-transform: none; white-space: normal; widows: 2; word-spacing: 0px; -webkit-text-stroke-width: 0px; background-color: #ffffff; text-decoration-style: initial; text-decoration-color: initial;\">\n<li style=\"margin: 0px; padding: 0px; box-sizing: border-box;\">Ne jamais s\u2019engager dans une quelconque forme de corruption, directement ou par l\u2019interm\u00e9diaire d\u2019un tiers.<\/li>\n<li style=\"margin: 0px; padding: 0px; box-sizing: border-box;\">Ne jamais offrir ou effectuer de paiement irr\u00e9gulier ou autoriser un paiement irr\u00e9gulier (en esp\u00e8ces ou autrement) \u00e0 un particulier, y compris \u00e0 un fonctionnaire local ou \u00e9tranger partout dans le monde.<\/li>\n<li style=\"margin: 0px; padding: 0px; box-sizing: border-box;\">Ne jamais tenter d\u2019inciter un individu ou un fonctionnaire local ou \u00e9tranger \u00e0 agir de mani\u00e8re ill\u00e9gale ou abusive.<\/li>\n<li style=\"margin: 0px; padding: 0px; box-sizing: border-box;\">Ne jamais offrir, ou accepter de l\u2019argent ou des objets de valeur, comme des cadeaux, des dessous-de-table ou des commissions, dans le cadre de la passation de march\u00e9s ou de l\u2019attribution d\u2019un contrat.<\/li>\n<li style=\"margin: 0px; padding: 0px; box-sizing: border-box;\">Ne jamais offrir ou donner de cadeaux ou t\u00e9moignages d\u2019hospitalit\u00e9 \u00e0 un fonctionnaire ou \u00e0 un repr\u00e9sentant du gouvernement s\u2019il y a une attente ou une demande de faveur en retour.<\/li>\n<li style=\"margin: 0px; padding: 0px; box-sizing: border-box;\">Ne jamais accepter de cadeaux de la part d\u2019un partenaire commercial s\u2019il est sugg\u00e9r\u00e9 qu\u2019une faveur est attendue en retour de mani\u00e8re explicite ou implicite.<\/li>\n<li style=\"margin: 0px; padding: 0px; box-sizing: border-box;\">Ne jamais faciliter les paiements pour obtenir un niveau de service auquel on ne devrait normalement pas avoir droit.<\/li>\n<li style=\"margin: 0px; padding: 0px; box-sizing: border-box;\">Ne jamais n\u00e9gliger le signalement d\u2019un paiement incorrect aux autorit\u00e9s comp\u00e9tentes.<\/li>\n<li style=\"margin: 0px; padding: 0px; box-sizing: border-box;\">Ne jamais inciter ou aider une autre personne \u00e0 enfreindre toute loi ou r\u00e8glement applicable.<\/li>\n<\/ol>\n<p style=\"margin: 0px 0px 10px; padding: 0px; box-sizing: border-box; color: #676b6d; font-family: 'Open Sans', Helvetica, Arial, Verdana, sans-serif; font-size: 15px; font-style: normal; font-variant-ligatures: normal; font-variant-caps: normal; font-weight: 400; letter-spacing: normal; orphans: 2; text-align: start; text-indent: 0px; text-transform: none; white-space: normal; widows: 2; word-spacing: 0px; -webkit-text-stroke-width: 0px; background-color: #ffffff; text-decoration-style: initial; text-decoration-color: initial;\">Ce code de d\u00e9ontologie fait partie de notre<span>\u00a0<\/span><a href=\"https:\/\/staging.khz-movers.com\/wp-content\/uploads\/2020\/01\/CSR-policy.pdf\" target=\"_blank\" rel=\"noopener noreferrer\" style=\"margin: 0px; padding: 0px; box-sizing: border-box; text-decoration: none; color: #b02b08; background-color: transparent;\">politique RSE.<\/a><\/p>\n<p style=\"margin: 0px 0px 10px; padding: 0px; box-sizing: border-box; color: #676b6d; font-family: 'Open Sans', Helvetica, Arial, Verdana, sans-serif; font-size: 15px; font-style: normal; font-variant-ligatures: normal; font-variant-caps: normal; font-weight: 400; letter-spacing: normal; orphans: 2; text-align: start; text-indent: 0px; text-transform: none; white-space: normal; widows: 2; word-spacing: 0px; -webkit-text-stroke-width: 0px; background-color: #ffffff; text-decoration-style: initial; text-decoration-color: initial;\"><span>Vous pouvez consulter notre charte Anti-Trust via ce <\/span><a href=\"https:\/\/staging.khz-movers.com\/wp-content\/uploads\/2026\/01\/6.-FIDI-ATC.pdf\" target=\"_blank\" rel=\"noopener noreferrer\" style=\"margin: 0px; padding: 0px; box-sizing: border-box; text-decoration: none; color: #b02b08; background-color: transparent;\">lien<\/a><span>\u00a0<\/span>(anglais).<\/p>\n<p style=\"margin: 0px 0px 10px; padding: 0px; box-sizing: border-box; color: #676b6d; font-family: 'Open Sans', Helvetica, Arial, Verdana, sans-serif; font-size: 15px; font-style: normal; font-variant-ligatures: normal; font-variant-caps: normal; font-weight: 400; letter-spacing: normal; orphans: 2; text-align: start; text-indent: 0px; text-transform: none; white-space: normal; widows: 2; word-spacing: 0px; -webkit-text-stroke-width: 0px; background-color: #ffffff; text-decoration-style: initial; text-decoration-color: initial;\"><span>Vous pouvez consulter notre charte Anti-corruption via ce <\/span><a href=\"https:\/\/staging.khz-movers.com\/wp-content\/uploads\/2026\/01\/5.-FIDI-ABC.pdf\" target=\"_blank\" rel=\"noopener noreferrer\" style=\"margin: 0px; padding: 0px; box-sizing: border-box; text-decoration: none; color: #b02b08; background-color: transparent;\">lien<\/a><span>\u00a0<\/span>(anglais).<\/p>\n<p style=\"margin: 0px 0px 10px; padding: 0px; box-sizing: border-box; color: #676b6d; font-family: 'Open Sans', Helvetica, Arial, Verdana, sans-serif; font-size: 15px; font-style: normal; font-variant-ligatures: normal; font-variant-caps: normal; font-weight: 400; letter-spacing: normal; orphans: 2; text-align: start; text-indent: 0px; text-transform: none; white-space: normal; widows: 2; word-spacing: 0px; -webkit-text-stroke-width: 0px; background-color: #ffffff; text-decoration-style: initial; text-decoration-color: initial;\">Janvier 2026<\/p>\n<p style=\"margin: 0px 0px 10px; padding: 0px; box-sizing: border-box; color: #676b6d; font-family: 'Open Sans', Helvetica, Arial, Verdana, sans-serif; font-size: 15px; font-style: normal; font-variant-ligatures: normal; font-variant-caps: normal; font-weight: 400; letter-spacing: normal; orphans: 2; text-align: start; text-indent: 0px; text-transform: none; white-space: normal; widows: 2; word-spacing: 0px; -webkit-text-stroke-width: 0px; background-color: #ffffff; text-decoration-style: initial; text-decoration-color: initial;\"><strong style=\"margin: 0px; padding: 0px; box-sizing: border-box; font-weight: bold;\">Jordan van Loon<\/strong><br style=\"margin: 0px; padding: 0px; box-sizing: border-box;\" \/>Branch Manager<\/p>\n<p>[\/et_pb_text][\/et_pb_column][\/et_pb_row][\/et_pb_section]<\/p>\n","protected":false},"excerpt":{"rendered":"<p><div class=\"et_pb_module lwp_divi_breadcrumbs lwp_divi_breadcrumbs_0\">\n\t\t\t\t\n\t\t\t\t\n\t\t\t\t\n\t\t\t\t\n\t\t\t\t\n\t\t\t\t\n\t\t\t\t<div class=\"et_pb_module_inner\">\n\t\t\t\t\t<div class=\"lwp-breadcrumbs\"> <span class=\"before\"><\/span> <span vocab=\"https:\/\/schema.org\/\" typeof=\"BreadcrumbList\"><span property=\"itemListElement\" typeof=\"ListItem\"><a property=\"item\" typeof=\"WebPage\" href=\"https:\/\/staging.khz-movers.com\/fr\/\" class=\"home\"><span property=\"name\">Home<\/span><\/a><meta property=\"position\" content=\"1\"><\/span> <span class=\"separator et-pb-icon\">&#x39;<\/span> <\/span><\/div>\n\t\t\t\t<\/div>\n\t\t\t<\/div>D\u00e9claration contre la corruption &amp; Charte Anti-Trust Code de conduite En tant qu\u2019affili\u00e9 FIDI, AGS Global Solutions &#8211; Netherlands, accepte et s\u2019engage \u00e0 : Ne jamais s\u2019engager dans une quelconque forme de corruption, directement ou par l\u2019interm\u00e9diaire d\u2019un tiers. Ne jamais offrir ou effectuer de paiement irr\u00e9gulier ou autoriser un paiement [&hellip;]<\/p>\n","protected":false},"author":32,"featured_media":0,"parent":0,"menu_order":0,"comment_status":"closed","ping_status":"open","template":"","meta":{"_et_pb_use_builder":"on","_et_pb_old_content":"","_et_gb_content_width":"","footnotes":""},"class_list":["post-4783","page","type-page","status-publish","hentry"],"_links":{"self":[{"href":"https:\/\/staging.khz-movers.com\/fr\/wp-json\/wp\/v2\/pages\/4783","targetHints":{"allow":["GET"]}}],"collection":[{"href":"https:\/\/staging.khz-movers.com\/fr\/wp-json\/wp\/v2\/pages"}],"about":[{"href":"https:\/\/staging.khz-movers.com\/fr\/wp-json\/wp\/v2\/types\/page"}],"author":[{"embeddable":true,"href":"https:\/\/staging.khz-movers.com\/fr\/wp-json\/wp\/v2\/users\/32"}],"replies":[{"embeddable":true,"href":"https:\/\/staging.khz-movers.com\/fr\/wp-json\/wp\/v2\/comments?post=4783"}],"version-history":[{"count":4,"href":"https:\/\/staging.khz-movers.com\/fr\/wp-json\/wp\/v2\/pages\/4783\/revisions"}],"predecessor-version":[{"id":244699,"href":"https:\/\/staging.khz-movers.com\/fr\/wp-json\/wp\/v2\/pages\/4783\/revisions\/244699"}],"wp:attachment":[{"href":"https:\/\/staging.khz-movers.com\/fr\/wp-json\/wp\/v2\/media?parent=4783"}],"curies":[{"name":"wp","href":"https:\/\/api.w.org\/{rel}","templated":true}]}}