{"id":4813,"date":"2017-12-13T16:38:50","date_gmt":"2017-12-13T15:38:50","guid":{"rendered":"https:\/\/staging.khz-movers.com\/?page_id=4813"},"modified":"2024-01-31T08:47:14","modified_gmt":"2024-01-31T06:47:14","slug":"sans-stress","status":"publish","type":"page","link":"https:\/\/staging.khz-movers.com\/fr\/sans-stress\/","title":{"rendered":"Sans stress"},"content":{"rendered":"<p>[et_pb_section fb_built=\u00a0\u00bb1&Prime; fullwidth=\u00a0\u00bbon\u00a0\u00bb admin_label=\u00a0\u00bbTitle\u00a0\u00bb _builder_version=\u00a0\u00bb4.16&Prime; _module_preset=\u00a0\u00bbdefault\u00a0\u00bb locked=\u00a0\u00bboff\u00a0\u00bb collapsed=\u00a0\u00bbon\u00a0\u00bb global_colors_info=\u00a0\u00bb{}\u00a0\u00bb][et_pb_fullwidth_post_title meta=\u00a0\u00bboff\u00a0\u00bb featured_image=\u00a0\u00bboff\u00a0\u00bb _builder_version=\u00a0\u00bb4.16&Prime; _module_preset=\u00a0\u00bbdefault\u00a0\u00bb title_text_align=\u00a0\u00bbcenter\u00a0\u00bb title_text_color=\u00a0\u00bb#ffffff\u00a0\u00bb title_font_size=\u00a0\u00bb28px\u00a0\u00bb background_color=\u00a0\u00bb#b02b08&Prime; custom_padding=\u00a0\u00bb40px||30px||false|false\u00a0\u00bb global_colors_info=\u00a0\u00bb{}\u00a0\u00bb][\/et_pb_fullwidth_post_title][\/et_pb_section][et_pb_section fb_built=\u00a0\u00bb1&Prime; admin_label=\u00a0\u00bbBreadcrumbs\u00a0\u00bb _builder_version=\u00a0\u00bb4.16&Prime; _module_preset=\u00a0\u00bbdefault\u00a0\u00bb custom_padding=\u00a0\u00bb0px||0px|||\u00a0\u00bb locked=\u00a0\u00bboff\u00a0\u00bb collapsed=\u00a0\u00bbon\u00a0\u00bb global_colors_info=\u00a0\u00bb{}\u00a0\u00bb][et_pb_row _builder_version=\u00a0\u00bb4.16&Prime; _module_preset=\u00a0\u00bbdefault\u00a0\u00bb width=\u00a0\u00bb85%\u00a0\u00bb max_width=\u00a0\u00bb85%\u00a0\u00bb global_colors_info=\u00a0\u00bb{}\u00a0\u00bb][et_pb_column type=\u00a0\u00bb4_4&Prime; _builder_version=\u00a0\u00bb4.16&Prime; _module_preset=\u00a0\u00bbdefault\u00a0\u00bb global_colors_info=\u00a0\u00bb{}\u00a0\u00bb][lwp_divi_breadcrumbs _builder_version=\u00a0\u00bb4.16&Prime; _module_preset=\u00a0\u00bbdefault\u00a0\u00bb module_font_size=\u00a0\u00bb11px\u00a0\u00bb global_colors_info=\u00a0\u00bb{}\u00a0\u00bb][\/lwp_divi_breadcrumbs][\/et_pb_column][\/et_pb_row][\/et_pb_section][et_pb_section fb_built=\u00a0\u00bb1&Prime; admin_label=\u00a0\u00bbContent\u00a0\u00bb _builder_version=\u00a0\u00bb4.16&Prime; _module_preset=\u00a0\u00bbdefault\u00a0\u00bb custom_padding=\u00a0\u00bb0px|||||\u00a0\u00bb locked=\u00a0\u00bboff\u00a0\u00bb collapsed=\u00a0\u00bbon\u00a0\u00bb global_colors_info=\u00a0\u00bb{}\u00a0\u00bb][et_pb_row column_structure=\u00a0\u00bb2_3,1_3&Prime; _builder_version=\u00a0\u00bb4.16&Prime; _module_preset=\u00a0\u00bbdefault\u00a0\u00bb width=\u00a0\u00bb85%\u00a0\u00bb max_width=\u00a0\u00bb85%\u00a0\u00bb global_colors_info=\u00a0\u00bb{}\u00a0\u00bb][et_pb_column type=\u00a0\u00bb2_3&Prime; _builder_version=\u00a0\u00bb4.16&Prime; _module_preset=\u00a0\u00bbdefault\u00a0\u00bb global_colors_info=\u00a0\u00bb{}\u00a0\u00bb][et_pb_text admin_label=\u00a0\u00bbText\u00a0\u00bb _builder_version=\u00a0\u00bb4.16&Prime; global_colors_info=\u00a0\u00bb{}\u00a0\u00bb]<\/p>\n<h2 style=\"margin: 20px 0px 10px; padding: 0px; box-sizing: border-box; clear: both; word-break: break-word; color: #676b6d; font: 500 30px \/ 1.1 'Open Sans', Helvetica, Arial, Verdana, sans-serif; text-transform: none; letter-spacing: normal; orphans: 2; text-align: start; text-indent: 0px; white-space: normal; widows: 2; word-spacing: 0px; -webkit-text-stroke-width: 0px; background-color: #ffffff; text-decoration-style: initial; text-decoration-color: initial;\">Assistance de votre division RH<\/h2>\n<p style=\"margin: 0px 0px 10px; padding: 0px; box-sizing: border-box; color: #676b6d; font-family: 'Open Sans', Helvetica, Arial, Verdana, sans-serif; font-size: 15px; font-style: normal; font-variant-ligatures: normal; font-variant-caps: normal; font-weight: 400; letter-spacing: normal; orphans: 2; text-align: start; text-indent: 0px; text-transform: none; white-space: normal; widows: 2; word-spacing: 0px; -webkit-text-stroke-width: 0px; background-color: #ffffff; text-decoration-style: initial; text-decoration-color: initial;\">La charge de travail de vos coll\u00e8gues du d\u00e9partement RH concernant la mobilit\u00e9 internationale va diminuer.<span>\u00a0<\/span><strong style=\"margin: 0px; padding: 0px; box-sizing: border-box; font-weight: bold;\">AGS Global Solutions &#8211; Netherlands<br \/>\n<\/strong>assistera votre d\u00e9partement RH en prenant en charge toutes les proc\u00e9dures qu\u2019impliquent les<span>\u00a0<\/span><a href=\"https:\/\/www.khz-movers.com\/fr\/international\/\" style=\"margin: 0px; padding: 0px; box-sizing: border-box; text-decoration: none; color: #b02b08; background-color: transparent;\">d\u00e9m\u00e9nagements internationaux<\/a>. Par exemple, nous fournirons \u00e0 toutes les personnes qui d\u00e9m\u00e9nagent les informations sur le pays de destination et un processus \u00e9tape par \u00e9tape du d\u00e9m\u00e9nagement physique afin de pr\u00e9parer l\u2019employ\u00e9 dans son prochain d\u00e9m\u00e9nagement.<\/p>\n<p style=\"margin: 0px 0px 10px; padding: 0px; box-sizing: border-box; color: #676b6d; font-family: 'Open Sans', Helvetica, Arial, Verdana, sans-serif; font-size: 15px; font-style: normal; font-variant-ligatures: normal; font-variant-caps: normal; font-weight: 400; letter-spacing: normal; orphans: 2; text-align: start; text-indent: 0px; text-transform: none; white-space: normal; widows: 2; word-spacing: 0px; -webkit-text-stroke-width: 0px; background-color: #ffffff; text-decoration-style: initial; text-decoration-color: initial;\"><strong style=\"margin: 0px; padding: 0px; box-sizing: border-box; font-weight: bold;\"><a href=\"https:\/\/www.khz-movers.com\/fr\/\" style=\"color: #b02b08;\">AGS Netherlands<\/a>\u00a0<\/strong>veillera \u00e0 ce que les documents d\u2019assurance\u00a0soient compl\u00e9t\u00e9s et que la totalit\u00e9 de la relocation soit trait\u00e9e conform\u00e9ment \u00e0 votre politique de<span>\u00a0<\/span><a href=\"https:\/\/www.khz-movers.com\/fr\/services-de-relocation\/\" style=\"margin: 0px; padding: 0px; box-sizing: border-box; text-decoration: none; color: #b02b08; background-color: transparent;\">relocation d\u2019entreprise<\/a>. En outre, votre d\u00e9partement RH recevra des rapports personnalis\u00e9s afin de vous informer sur l\u2019ensemble du processus de relocation.<\/p>\n<p>[\/et_pb_text][\/et_pb_column][et_pb_column type=\u00a0\u00bb1_3&Prime; _builder_version=\u00a0\u00bb4.16&Prime; _module_preset=\u00a0\u00bbdefault\u00a0\u00bb global_colors_info=\u00a0\u00bb{}\u00a0\u00bb][et_pb_button button_url=\u00a0\u00bbhttps:\/\/www.khz-movers.com\/fr\/devis-de-demenagement\u00a0\u00bb button_text=\u00a0\u00bbDevis rapide\u00a0\u00bb button_alignment=\u00a0\u00bbleft\u00a0\u00bb _builder_version=\u00a0\u00bb4.16&Prime; _module_preset=\u00a0\u00bbdefault\u00a0\u00bb custom_margin=\u00a0\u00bb||20px||false|false\u00a0\u00bb custom_css_main_element=\u00a0\u00bbwidth:300px;||text-align: center;\u00a0\u00bb global_colors_info=\u00a0\u00bb{}\u00a0\u00bb][\/et_pb_button][et_pb_button button_url=\u00a0\u00bbhttps:\/\/www.khz-movers.com\/fr\/demandez-une-etude\u00a0\u00bb button_text=\u00a0\u00bbDemandez une visite technique\u00a0\u00bb button_alignment=\u00a0\u00bbleft\u00a0\u00bb _builder_version=\u00a0\u00bb4.16&Prime; _module_preset=\u00a0\u00bbdefault\u00a0\u00bb custom_margin=\u00a0\u00bb||20px||false|false\u00a0\u00bb custom_css_main_element=\u00a0\u00bbwidth:300px;||text-align: center;\u00a0\u00bb global_colors_info=\u00a0\u00bb{}\u00a0\u00bb][\/et_pb_button][et_pb_button button_url=\u00a0\u00bbhttps:\/\/www.khz-movers.com\/fr\/contact\u00a0\u00bb button_text=\u00a0\u00bbContact\u00a0\u00bb button_alignment=\u00a0\u00bbleft\u00a0\u00bb _builder_version=\u00a0\u00bb4.16&Prime; _module_preset=\u00a0\u00bbdefault\u00a0\u00bb custom_margin=\u00a0\u00bb||20px||false|false\u00a0\u00bb custom_css_main_element=\u00a0\u00bbwidth:300px;||text-align: center;\u00a0\u00bb global_colors_info=\u00a0\u00bb{}\u00a0\u00bb][\/et_pb_button][et_pb_code module_class=\u00a0\u00bbbel-nl\u00a0\u00bb _builder_version=\u00a0\u00bb4.23&Prime; _module_preset=\u00a0\u00bbdefault\u00a0\u00bb width=\u00a0\u00bb240px\u00a0\u00bb max_width=\u00a0\u00bb240px\u00a0\u00bb hover_enabled=\u00a0\u00bb0&Prime; global_colors_info=\u00a0\u00bb{}\u00a0\u00bb sticky_enabled=\u00a0\u00bb0&Prime;]\n<div class=\"wpcf7 no-js\" id=\"wpcf7-f4904-o1\" lang=\"nl-NL\" dir=\"ltr\" data-wpcf7-id=\"4904\">\n<div class=\"screen-reader-response\"><p role=\"status\" aria-live=\"polite\" aria-atomic=\"true\"><\/p> <ul><\/ul><\/div>\n<form action=\"\/fr\/wp-json\/wp\/v2\/pages\/4813#wpcf7-f4904-o1\" method=\"post\" class=\"wpcf7-form init\" aria-label=\"Contactformulier\" autocomplete=\"off\" novalidate=\"novalidate\" data-status=\"init\">\n<fieldset class=\"hidden-fields-container\"><input type=\"hidden\" name=\"_wpcf7\" value=\"4904\" \/><input type=\"hidden\" name=\"_wpcf7_version\" value=\"6.1.1\" \/><input type=\"hidden\" name=\"_wpcf7_locale\" value=\"nl_NL\" \/><input type=\"hidden\" name=\"_wpcf7_unit_tag\" value=\"wpcf7-f4904-o1\" \/><input type=\"hidden\" name=\"_wpcf7_container_post\" value=\"0\" \/><input type=\"hidden\" name=\"_wpcf7_posted_data_hash\" value=\"\" \/><input type=\"hidden\" name=\"_wpcf7_recaptcha_response\" value=\"\" \/>\n<\/fieldset>\n<p><span class=\"wpcf7-form-control-wrap\" data-name=\"naam\"><input size=\"40\" maxlength=\"400\" class=\"wpcf7-form-control wpcf7-text wpcf7-validates-as-required\" aria-required=\"true\" aria-invalid=\"false\" placeholder=\"Nom\" value=\"\" type=\"text\" name=\"naam\" \/><\/span><span class=\"wpcf7-form-control-wrap\" data-name=\"telefoon\"><input size=\"40\" maxlength=\"400\" class=\"wpcf7-form-control wpcf7-tel wpcf7-validates-as-required wpcf7-text wpcf7-validates-as-tel\" aria-required=\"true\" aria-invalid=\"false\" placeholder=\"Num\u00e9ro de t\u00e9l\u00e9phone\" value=\"\" type=\"tel\" name=\"telefoon\" \/><\/span>\n<\/p>\n<div>\n<span class=\"wpcf7-form-control-wrap recaptcha\" data-name=\"recaptcha\"><span data-sitekey=\"6LcumtsaAAAAAGg4bRhXi_1rsHw2_0I6H_xCdyMj\" class=\"wpcf7-form-control wpcf7-recaptcha g-recaptcha\"><\/span>\r\n<noscript>\r\n\t<div class=\"grecaptcha-noscript\">\r\n\t\t<iframe loading=\"lazy\" src=\"https:\/\/www.google.com\/recaptcha\/api\/fallback?k=6LcumtsaAAAAAGg4bRhXi_1rsHw2_0I6H_xCdyMj\" frameborder=\"0\" scrolling=\"no\" width=\"310\" height=\"430\">\r\n\t\t<\/iframe>\r\n\t\t<textarea name=\"g-recaptcha-response\" rows=\"3\" cols=\"40\" placeholder=\"reCaptcha antwoord hier\">\r\n\t\t<\/textarea>\r\n\t<\/div>\r\n<\/noscript>\r\n<\/span>\n<\/div>\n<p><input class=\"wpcf7-form-control wpcf7-submit has-spinner\" type=\"submit\" value=\"Rappelez moi\" \/>\n<\/p><div class=\"wpcf7-response-output\" aria-hidden=\"true\"><\/div>\n<\/form>\n<\/div>\n[\/et_pb_code][et_pb_text _builder_version=\u00a0\u00bb4.16&Prime; _module_preset=\u00a0\u00bbdefault\u00a0\u00bb custom_margin=\u00a0\u00bb||-50px||false|false\u00a0\u00bb custom_padding=\u00a0\u00bb50px||0px||false|false\u00a0\u00bb global_colors_info=\u00a0\u00bb{}\u00a0\u00bb]&nbsp;[\/et_pb_text][dica_divi_carousel show_items_desktop=\u00a0\u00bb1&Prime; show_items_tablet=\u00a0\u00bb2&Prime; loop=\u00a0\u00bbon\u00a0\u00bb autoplay=\u00a0\u00bbon\u00a0\u00bb hoverpause=\u00a0\u00bbon\u00a0\u00bb autoplay_speed=\u00a0\u00bb3000&Prime; dot_nav=\u00a0\u00bbon\u00a0\u00bb item_spacing=\u00a0\u00bb22&Prime; advanced_effect=\u00a0\u00bb1&Prime; arrow_nav_color=\u00a0\u00bb#ffffff\u00a0\u00bb dots_color=\u00a0\u00bb#b02b08&Prime; dots_active_color=\u00a0\u00bbrgba(176,43,8,0.64)\u00a0\u00bb image_sizing=\u00a0\u00bb70%\u00a0\u00bb arrow_position=\u00a0\u00bbmiddle-outside\u00a0\u00bb innercontent_padding=\u00a0\u00bb10px|10px|10px|10px|true|true\u00a0\u00bb item_padding=\u00a0\u00bb|12px||12px|false|true\u00a0\u00bb image_padding=\u00a0\u00bb10px|10px|10px|10px|true|true\u00a0\u00bb subtitle_margin=\u00a0\u00bb||15px||false|false\u00a0\u00bb social_container_padding=\u00a0\u00bb22px||||false|false\u00a0\u00bb arrow_position_tablet=\u00a0\u00bbtop\u00a0\u00bb arrow_position_phone=\u00a0\u00bbmiddle-inside\u00a0\u00bb arrow_position_last_edited=\u00a0\u00bbon|phone\u00a0\u00bb _builder_version=\u00a0\u00bb4.23&Prime; title_text_align=\u00a0\u00bbcenter\u00a0\u00bb title_font_size=\u00a0\u00bb16px\u00a0\u00bb subtitle_font_size=\u00a0\u00bb15px\u00a0\u00bb body_font_size=\u00a0\u00bb12px\u00a0\u00bb width=\u00a0\u00bb280px\u00a0\u00bb width_tablet=\u00a0\u00bb100%\u00a0\u00bb width_phone=\u00a0\u00bb100%\u00a0\u00bb width_last_edited=\u00a0\u00bbon|phone\u00a0\u00bb max_width=\u00a0\u00bb280px\u00a0\u00bb max_width_tablet=\u00a0\u00bb100%\u00a0\u00bb max_width_phone=\u00a0\u00bb100%\u00a0\u00bb max_width_last_edited=\u00a0\u00bbon|desktop\u00a0\u00bb module_alignment=\u00a0\u00bbleft\u00a0\u00bb custom_css_image=\u00a0\u00bbbox-shadow: 0px 2px 13px 0px rgba(0,0,0,0.0);||transition: .3s;\u00a0\u00bb border_color_all_item=\u00a0\u00bbrgba(51,6,6,0.06)\u00a0\u00bb border_radii_image=\u00a0\u00bbon|50%|50%|50%|50%\u00a0\u00bb border_color_all_image=\u00a0\u00bb#c6c6c6&Prime; global_module=\u00a0\u00bb240283&Prime; saved_tabs=\u00a0\u00bball\u00a0\u00bb locked=\u00a0\u00bboff\u00a0\u00bb global_colors_info=\u00a0\u00bb{}\u00a0\u00bb custom_css_image__hover_enabled=\u00a0\u00bbon|desktop\u00a0\u00bb custom_css_image__hover=\u00a0\u00bbbox-shadow: 0px 2px 13px 0px rgba(0,0,0,0.3);\u00a0\u00bb][dica_divi_carouselitem title=\u00a0\u00bbPetra Hasselbach\u00a0\u00bb sub_title=\u00a0\u00bbDirectrice commerciale et relation client\u00a0\u00bb button_url_new_window=\u00a0\u00bb1&Prime; image=\u00a0\u00bbhttps:\/\/staging.khz-movers.com\/wp-content\/uploads\/2019\/04\/Petra.jpg\u00a0\u00bb use_social_media=\u00a0\u00bbon\u00a0\u00bb facebook_url=\u00a0\u00bbhttps:\/\/www.facebook.com\/KHZMovers\/\u00a0\u00bb twitter_url=\u00a0\u00bbhttps:\/\/twitter.com\/khzmovers\u00a0\u00bb linkedin_url=\u00a0\u00bbhttps:\/\/www.linkedin.com\/in\/petra-hasselbach-12570212\/\u00a0\u00bb email_address=\u00a0\u00bbP.Hasselbach@khz.nl\u00a0\u00bb social_media_alignment=\u00a0\u00bbcenter\u00a0\u00bb facebook_color=\u00a0\u00bb#b02b08&Prime; twitter_color=\u00a0\u00bb#b02b08&Prime; linkedin_color=\u00a0\u00bb#b02b08&Prime; instagram_color=\u00a0\u00bb#b4038f\u00a0\u00bb email_color=\u00a0\u00bb#b02b08&Prime; facebook_bgcolor=\u00a0\u00bb#ffffff\u00a0\u00bb image_padding=\u00a0\u00bb25px|25px|25px|25px|true|true\u00a0\u00bb content_padding=\u00a0\u00bb0|0|28px|0|false|false\u00a0\u00bb _builder_version=\u00a0\u00bb4.23&Prime; subtitle_text_align=\u00a0\u00bbcenter\u00a0\u00bb subtitle_text_color=\u00a0\u00bb#717171&Prime; body_font=\u00a0\u00bbOpen Sans||||||||\u00a0\u00bb body_text_align=\u00a0\u00bbcenter\u00a0\u00bb body_text_color=\u00a0\u00bb#7f7f7f\u00a0\u00bb body_font_size=\u00a0\u00bb15px\u00a0\u00bb background_enable_color=\u00a0\u00bboff\u00a0\u00bb custom_css_inner_wrapper=\u00a0\u00bbborder: 5px solid;||border-color: #e8e8e8;||border-radius: 10px;||transition: .3s;\u00a0\u00bb global_colors_info=\u00a0\u00bb{}\u00a0\u00bb custom_css_inner_wrapper__hover_enabled=\u00a0\u00bbon\u00a0\u00bb custom_css_inner_wrapper__hover=\u00a0\u00bbborder-color: #ff7000;\u00a0\u00bb]<\/p>\n<p>Mes clients sont ma priorit\u00e9 absolue<\/p>\n<p>[\/dica_divi_carouselitem][dica_divi_carouselitem title=\u00a0\u00bbCarlos Pavon\u00a0\u00bb sub_title=\u00a0\u00bbGestionnaire\u00a0\u00bb button_url_new_window=\u00a0\u00bb1&Prime; image=\u00a0\u00bbhttps:\/\/staging.khz-movers.com\/wp-content\/uploads\/2015\/12\/Carlos-Pavon.jpg\u00a0\u00bb use_social_media=\u00a0\u00bbon\u00a0\u00bb facebook_url=\u00a0\u00bbhttps:\/\/www.facebook.com\/KHZMovers\/\u00a0\u00bb twitter_url=\u00a0\u00bbhttps:\/\/twitter.com\/khzmovers\u00a0\u00bb linkedin_url=\u00a0\u00bbhttps:\/\/nl.linkedin.com\/in\/carlospavon\u00a0\u00bb email_address=\u00a0\u00bbC.Pavon@khz.nl\u00a0\u00bb social_media_alignment=\u00a0\u00bbcenter\u00a0\u00bb facebook_color=\u00a0\u00bb#b02b08&Prime; twitter_color=\u00a0\u00bb#b02b08&Prime; linkedin_color=\u00a0\u00bb#b02b08&Prime; instagram_color=\u00a0\u00bb#b4038f\u00a0\u00bb email_color=\u00a0\u00bb#b02b08&Prime; facebook_bgcolor=\u00a0\u00bb#ffffff\u00a0\u00bb image_padding=\u00a0\u00bb25px|25px|25px|25px|true|true\u00a0\u00bb content_padding=\u00a0\u00bb0|0|28px|0|false|false\u00a0\u00bb _builder_version=\u00a0\u00bb4.23&Prime; subtitle_text_align=\u00a0\u00bbcenter\u00a0\u00bb subtitle_text_color=\u00a0\u00bb#717171&Prime; body_font=\u00a0\u00bbOpen Sans||||||||\u00a0\u00bb body_text_align=\u00a0\u00bbcenter\u00a0\u00bb body_text_color=\u00a0\u00bb#7f7f7f\u00a0\u00bb body_font_size=\u00a0\u00bb15px\u00a0\u00bb background_enable_color=\u00a0\u00bboff\u00a0\u00bb custom_css_inner_wrapper=\u00a0\u00bbborder: 5px solid;||border-color: #e8e8e8;||border-radius: 10px;||transition: .3s;\u00a0\u00bb global_colors_info=\u00a0\u00bb{}\u00a0\u00bb custom_css_inner_wrapper__hover_enabled=\u00a0\u00bbon\u00a0\u00bb custom_css_inner_wrapper__hover=\u00a0\u00bbborder-color: #ff7000;\u00a0\u00bb]<\/p>\n<p>En cette \u00e8re digitale, je pr\u00e9f\u00e9re les relations humaines !<\/p>\n<p>[\/dica_divi_carouselitem][dica_divi_carouselitem title=\u00a0\u00bbIneke Hulsbos\u00a0\u00bb sub_title=\u00a0\u00bbGestionnaire\u00a0\u00bb button_url_new_window=\u00a0\u00bb1&Prime; image=\u00a0\u00bbhttps:\/\/staging.khz-movers.com\/wp-content\/uploads\/2015\/12\/Ineke-Hulsbos.jpg\u00a0\u00bb use_social_media=\u00a0\u00bbon\u00a0\u00bb facebook_url=\u00a0\u00bbhttps:\/\/www.facebook.com\/KHZMovers\/\u00a0\u00bb twitter_url=\u00a0\u00bbhttps:\/\/twitter.com\/khzmovers\u00a0\u00bb linkedin_url=\u00a0\u00bbhttps:\/\/nl.linkedin.com\/in\/inekehulsbos\u00a0\u00bb email_address=\u00a0\u00bbI.Hulsbos@khz.nl\u00a0\u00bb social_media_alignment=\u00a0\u00bbcenter\u00a0\u00bb facebook_color=\u00a0\u00bb#b02b08&Prime; twitter_color=\u00a0\u00bb#b02b08&Prime; linkedin_color=\u00a0\u00bb#b02b08&Prime; instagram_color=\u00a0\u00bb#b4038f\u00a0\u00bb email_color=\u00a0\u00bb#b02b08&Prime; facebook_bgcolor=\u00a0\u00bb#ffffff\u00a0\u00bb image_padding=\u00a0\u00bb25px|25px|25px|25px|true|true\u00a0\u00bb content_padding=\u00a0\u00bb0|0|28px|0|false|false\u00a0\u00bb _builder_version=\u00a0\u00bb4.23&Prime; subtitle_text_align=\u00a0\u00bbcenter\u00a0\u00bb subtitle_text_color=\u00a0\u00bb#717171&Prime; body_font=\u00a0\u00bbOpen Sans||||||||\u00a0\u00bb body_text_align=\u00a0\u00bbcenter\u00a0\u00bb body_text_color=\u00a0\u00bb#7f7f7f\u00a0\u00bb body_font_size=\u00a0\u00bb15px\u00a0\u00bb background_enable_color=\u00a0\u00bboff\u00a0\u00bb custom_css_inner_wrapper=\u00a0\u00bbborder: 5px solid;||border-color: #e8e8e8;||border-radius: 10px;||transition: .3s;\u00a0\u00bb global_colors_info=\u00a0\u00bb{}\u00a0\u00bb custom_css_inner_wrapper__hover_enabled=\u00a0\u00bbon\u00a0\u00bb custom_css_inner_wrapper__hover=\u00a0\u00bbborder-color: #ff7000;\u00a0\u00bb]<\/p>\n<p><span lang=\"fr\">J&rsquo;aime aller toujours plus loin, de pr\u00e9f\u00e9rence quand il ne pleut pas\u00a0<\/span>\u263a<\/p>\n<p>[\/dica_divi_carouselitem][dica_divi_carouselitem title=\u00a0\u00bbCarola Alink\u00a0\u00bb sub_title=\u00a0\u00bbGestionnaire de Compte\u00a0\u00bb button_url_new_window=\u00a0\u00bb1&Prime; image=\u00a0\u00bbhttps:\/\/staging.khz-movers.com\/wp-content\/uploads\/2015\/12\/Carola-Alink.jpg\u00a0\u00bb use_social_media=\u00a0\u00bbon\u00a0\u00bb facebook_url=\u00a0\u00bbhttps:\/\/www.facebook.com\/KHZMovers\/\u00a0\u00bb twitter_url=\u00a0\u00bbhttps:\/\/twitter.com\/khzmovers\u00a0\u00bb linkedin_url=\u00a0\u00bbhttps:\/\/nl.linkedin.com\/in\/carola-alink-22634410b\u00a0\u00bb email_address=\u00a0\u00bbC.Koster@khz.nl\u00a0\u00bb social_media_alignment=\u00a0\u00bbcenter\u00a0\u00bb facebook_color=\u00a0\u00bb#b02b08&Prime; twitter_color=\u00a0\u00bb#b02b08&Prime; linkedin_color=\u00a0\u00bb#b02b08&Prime; instagram_color=\u00a0\u00bb#b4038f\u00a0\u00bb email_color=\u00a0\u00bb#b02b08&Prime; facebook_bgcolor=\u00a0\u00bb#ffffff\u00a0\u00bb image_padding=\u00a0\u00bb25px|25px|25px|25px|true|true\u00a0\u00bb content_padding=\u00a0\u00bb0|0|28px|0|false|false\u00a0\u00bb _builder_version=\u00a0\u00bb4.23&Prime; subtitle_text_align=\u00a0\u00bbcenter\u00a0\u00bb subtitle_text_color=\u00a0\u00bb#717171&Prime; body_font=\u00a0\u00bbOpen Sans||||||||\u00a0\u00bb body_text_align=\u00a0\u00bbcenter\u00a0\u00bb body_text_color=\u00a0\u00bb#7f7f7f\u00a0\u00bb body_font_size=\u00a0\u00bb15px\u00a0\u00bb background_enable_color=\u00a0\u00bboff\u00a0\u00bb custom_css_inner_wrapper=\u00a0\u00bbborder: 5px solid;||border-color: #e8e8e8;||border-radius: 10px;||transition: .3s;\u00a0\u00bb global_colors_info=\u00a0\u00bb{}\u00a0\u00bb custom_css_inner_wrapper__hover_enabled=\u00a0\u00bbon\u00a0\u00bb custom_css_inner_wrapper__hover=\u00a0\u00bbborder-color: #ff7000;\u00a0\u00bb]<\/p>\n<p>Je ne suis peut \u00eatre pas la plus grande, mais sans doute la plus vive\u00a0\u263a<\/p>\n<p>[\/dica_divi_carouselitem][\/dica_divi_carousel][\/et_pb_column][\/et_pb_row][\/et_pb_section]<\/p>\n","protected":false},"excerpt":{"rendered":"<p><div class=\"et_pb_module lwp_divi_breadcrumbs lwp_divi_breadcrumbs_0\">\n\t\t\t\t\n\t\t\t\t\n\t\t\t\t\n\t\t\t\t\n\t\t\t\t\n\t\t\t\t\n\t\t\t\t<div class=\"et_pb_module_inner\">\n\t\t\t\t\t<div class=\"lwp-breadcrumbs\"> <span class=\"before\"><\/span> <span vocab=\"https:\/\/schema.org\/\" typeof=\"BreadcrumbList\"><span property=\"itemListElement\" typeof=\"ListItem\"><a property=\"item\" typeof=\"WebPage\" href=\"https:\/\/staging.khz-movers.com\/fr\/\" class=\"home\"><span property=\"name\">Home<\/span><\/a><meta property=\"position\" content=\"1\"><\/span> <span class=\"separator et-pb-icon\">&#x39;<\/span> <\/span><\/div>\n\t\t\t\t<\/div>\n\t\t\t<\/div>Assistance de votre division RH La charge de travail de vos coll\u00e8gues du d\u00e9partement RH concernant la mobilit\u00e9 internationale va diminuer.\u00a0AGS Global Solutions &#8211; Netherlands assistera votre d\u00e9partement RH en prenant en charge toutes les proc\u00e9dures qu\u2019impliquent les\u00a0d\u00e9m\u00e9nagements internationaux. Par exemple, nous fournirons \u00e0 toutes les personnes qui d\u00e9m\u00e9nagent les informations [&hellip;]<\/p>\n","protected":false},"author":32,"featured_media":0,"parent":0,"menu_order":0,"comment_status":"closed","ping_status":"open","template":"","meta":{"_et_pb_use_builder":"on","_et_pb_old_content":"<h2>Assistance de votre division RH<\/h2>\r\nLa charge de travail de vos coll\u00e8gues du d\u00e9partement RH concernant la mobilit\u00e9 internationale va diminuer. <strong>AGS KHZ\u00a0<\/strong>assistera votre d\u00e9partement RH en prenant en charge toutes les proc\u00e9dures qu'impliquent les <a href=\"https:\/\/www.khz-movers.com\/fr\/international\/\">d\u00e9m\u00e9nagements internationaux<\/a>. Par exemple, nous fournirons \u00e0 toutes les personnes qui d\u00e9m\u00e9nagent les informations sur le pays de destination et un processus \u00e9tape par \u00e9tape du d\u00e9m\u00e9nagement physique afin de pr\u00e9parer l'employ\u00e9 dans son prochain d\u00e9m\u00e9nagement.\r\n\r\n<strong>AGS KHZ\u00a0<\/strong>veillera \u00e0 ce que les documents d'assurance\u00a0soient compl\u00e9t\u00e9s et que la totalit\u00e9 de la relocation soit trait\u00e9e conform\u00e9ment \u00e0 votre politique de <a href=\"https:\/\/www.khz-movers.com\/fr\/services-de-relocation\/\">relocation d'entreprise<\/a>. En outre, votre d\u00e9partement RH recevra des rapports personnalis\u00e9s afin de vous informer sur l'ensemble du processus de relocation.","_et_gb_content_width":"","footnotes":""},"class_list":["post-4813","page","type-page","status-publish","hentry"],"_links":{"self":[{"href":"https:\/\/staging.khz-movers.com\/fr\/wp-json\/wp\/v2\/pages\/4813","targetHints":{"allow":["GET"]}}],"collection":[{"href":"https:\/\/staging.khz-movers.com\/fr\/wp-json\/wp\/v2\/pages"}],"about":[{"href":"https:\/\/staging.khz-movers.com\/fr\/wp-json\/wp\/v2\/types\/page"}],"author":[{"embeddable":true,"href":"https:\/\/staging.khz-movers.com\/fr\/wp-json\/wp\/v2\/users\/32"}],"replies":[{"embeddable":true,"href":"https:\/\/staging.khz-movers.com\/fr\/wp-json\/wp\/v2\/comments?post=4813"}],"version-history":[{"count":0,"href":"https:\/\/staging.khz-movers.com\/fr\/wp-json\/wp\/v2\/pages\/4813\/revisions"}],"wp:attachment":[{"href":"https:\/\/staging.khz-movers.com\/fr\/wp-json\/wp\/v2\/media?parent=4813"}],"curies":[{"name":"wp","href":"https:\/\/api.w.org\/{rel}","templated":true}]}}