{"id":4844,"date":"2017-12-13T17:11:29","date_gmt":"2017-12-13T16:11:29","guid":{"rendered":"https:\/\/staging.khz-movers.com\/?page_id=4844"},"modified":"2023-02-13T17:08:39","modified_gmt":"2023-02-13T15:08:39","slug":"le-transport-des-animaux-compagnie","status":"publish","type":"page","link":"https:\/\/staging.khz-movers.com\/fr\/le-transport-des-animaux-compagnie\/","title":{"rendered":"Le transport des animaux de compagnie"},"content":{"rendered":"<p>[et_pb_section fb_built=\u00a0\u00bb1&Prime; fullwidth=\u00a0\u00bbon\u00a0\u00bb admin_label=\u00a0\u00bbTitle\u00a0\u00bb _builder_version=\u00a0\u00bb4.6.5&Prime; _module_preset=\u00a0\u00bbdefault\u00a0\u00bb locked=\u00a0\u00bboff\u00a0\u00bb collapsed=\u00a0\u00bbon\u00a0\u00bb][et_pb_fullwidth_post_title meta=\u00a0\u00bboff\u00a0\u00bb featured_image=\u00a0\u00bboff\u00a0\u00bb _builder_version=\u00a0\u00bb4.6.5&Prime; _module_preset=\u00a0\u00bbdefault\u00a0\u00bb title_text_align=\u00a0\u00bbcenter\u00a0\u00bb title_text_color=\u00a0\u00bb#ffffff\u00a0\u00bb title_font_size=\u00a0\u00bb28px\u00a0\u00bb background_color=\u00a0\u00bb#b02b08&Prime; custom_padding=\u00a0\u00bb40px||30px||false|false\u00a0\u00bb][\/et_pb_fullwidth_post_title][\/et_pb_section][et_pb_section fb_built=\u00a0\u00bb1&Prime; admin_label=\u00a0\u00bbBreadcrumbs\u00a0\u00bb _builder_version=\u00a0\u00bb4.6.5&Prime; _module_preset=\u00a0\u00bbdefault\u00a0\u00bb custom_padding=\u00a0\u00bb0px||0px|||\u00a0\u00bb locked=\u00a0\u00bboff\u00a0\u00bb collapsed=\u00a0\u00bbon\u00a0\u00bb][et_pb_row _builder_version=\u00a0\u00bb4.6.5&Prime; _module_preset=\u00a0\u00bbdefault\u00a0\u00bb width=\u00a0\u00bb85%\u00a0\u00bb max_width=\u00a0\u00bb85%\u00a0\u00bb][et_pb_column type=\u00a0\u00bb4_4&Prime; _builder_version=\u00a0\u00bb4.6.5&Prime; _module_preset=\u00a0\u00bbdefault\u00a0\u00bb][lwp_divi_breadcrumbs _builder_version=\u00a0\u00bb4.6.5&Prime; _module_preset=\u00a0\u00bbdefault\u00a0\u00bb module_font_size=\u00a0\u00bb11px\u00a0\u00bb][\/lwp_divi_breadcrumbs][\/et_pb_column][\/et_pb_row][\/et_pb_section][et_pb_section fb_built=\u00a0\u00bb1&Prime; admin_label=\u00a0\u00bbContent\u00a0\u00bb _builder_version=\u00a0\u00bb4.6.5&Prime; _module_preset=\u00a0\u00bbdefault\u00a0\u00bb custom_padding=\u00a0\u00bb0px|||||\u00a0\u00bb locked=\u00a0\u00bboff\u00a0\u00bb collapsed=\u00a0\u00bbon\u00a0\u00bb][et_pb_row _builder_version=\u00a0\u00bb4.6.5&Prime; _module_preset=\u00a0\u00bbdefault\u00a0\u00bb width=\u00a0\u00bb85%\u00a0\u00bb max_width=\u00a0\u00bb85%\u00a0\u00bb][et_pb_column type=\u00a0\u00bb4_4&Prime; _builder_version=\u00a0\u00bb4.6.5&Prime; _module_preset=\u00a0\u00bbdefault\u00a0\u00bb][et_pb_text admin_label=\u00a0\u00bbText\u00a0\u00bb _builder_version=\u00a0\u00bb4.8.1&Prime; hover_enabled=\u00a0\u00bb0&Prime; sticky_enabled=\u00a0\u00bb0&Prime;]<\/p>\n<h2 style=\"margin: 20px 0px 10px; padding: 0px; box-sizing: border-box; clear: both; word-break: break-word; color: #676b6d; font: 500 30px \/ 1.1 'Open Sans', Helvetica, Arial, Verdana, sans-serif; text-transform: none; letter-spacing: normal; orphans: 2; text-align: start; text-indent: 0px; white-space: normal; widows: 2; word-spacing: 0px; -webkit-text-stroke-width: 0px; background-color: #ffffff; text-decoration-style: initial; text-decoration-color: initial;\">Le transport des animaux de compagnie<\/h2>\n<p style=\"margin: 0px 0px 10px; padding: 0px; box-sizing: border-box; color: #676b6d; font-family: 'Open Sans', Helvetica, Arial, Verdana, sans-serif; font-size: 15px; font-style: normal; font-variant-ligatures: normal; font-variant-caps: normal; font-weight: 400; letter-spacing: normal; orphans: 2; text-align: start; text-indent: 0px; text-transform: none; white-space: normal; widows: 2; word-spacing: 0px; -webkit-text-stroke-width: 0px; background-color: #ffffff; text-decoration-style: initial; text-decoration-color: initial;\">Vous poss\u00e9dez un animal de compagnie ? Nous pouvons bien s\u00fbr le transporter ! Pour un chien ou un chat, un d\u00e9m\u00e9nagement peut \u00e9galement \u00eatre stressant. C\u2019est exactement pourquoi <a href=\"https:\/\/www.khz-movers.com\/fr\/\" style=\"color: #b02b08;\">AGS Global Solutions &#8211; Netherlands<\/a> accordera une attention particuli\u00e8re \u00e0 votre animal de compagnie. En coop\u00e9ration avec des services de transport d\u2019animaux, nous pouvons vous fournir une assistance de premi\u00e8re classe pour\u00a0votre animal, quelle que soit votre destination. En outre, nous pouvons vous fournir des informations pour rendre le processus de relocalisation le moins stressant possible pour votre animal.<\/p>\n<p style=\"margin: 0px 0px 10px; padding: 0px; box-sizing: border-box; color: #676b6d; font-family: 'Open Sans', Helvetica, Arial, Verdana, sans-serif; font-size: 15px; font-style: normal; font-variant-ligatures: normal; font-variant-caps: normal; font-weight: 400; letter-spacing: normal; orphans: 2; text-align: start; text-indent: 0px; text-transform: none; white-space: normal; widows: 2; word-spacing: 0px; -webkit-text-stroke-width: 0px; background-color: #ffffff; text-decoration-style: initial; text-decoration-color: initial;\">Des documents requis, aux vaccinations exig\u00e9es, confiez cela \u00e0<strong style=\"margin: 0px; padding: 0px; box-sizing: border-box; font-weight: bold;\"><span>\u00a0<\/span>AGS Netherlands<\/strong><span>\u00a0<\/span>!<\/p>\n<p style=\"margin: 0px 0px 10px; padding: 0px; box-sizing: border-box; color: #676b6d; font-family: 'Open Sans', Helvetica, Arial, Verdana, sans-serif; font-size: 15px; font-style: normal; font-variant-ligatures: normal; font-variant-caps: normal; font-weight: 400; letter-spacing: normal; orphans: 2; text-align: start; text-indent: 0px; text-transform: none; white-space: normal; widows: 2; word-spacing: 0px; -webkit-text-stroke-width: 0px; background-color: #ffffff; text-decoration-style: initial; text-decoration-color: initial;\">Les<span>\u00a0<\/span><strong style=\"margin: 0px; padding: 0px; box-sizing: border-box; font-weight: bold;\">10 astuces AGS Netherlands<\/strong><span>\u00a0<\/span>pour vos animaux :<\/p>\n<p style=\"margin: 0px 0px 10px; padding: 0px 0px 0px 30px; box-sizing: border-box; color: #676b6d; font-family: 'Open Sans', Helvetica, Arial, Verdana, sans-serif; font-size: 15px; font-style: normal; font-variant-ligatures: normal; font-variant-caps: normal; font-weight: 400; letter-spacing: normal; orphans: 2; text-indent: 0px; text-transform: none; white-space: normal; widows: 2; word-spacing: 0px; -webkit-text-stroke-width: 0px; background-color: #ffffff; text-decoration-style: initial; text-decoration-color: initial; text-align: left;\"><span style=\"margin: 0px; padding: 0px; box-sizing: border-box;\" lang=\"fr\"><span style=\"margin: 0px; padding: 0px; box-sizing: border-box; color: #993300;\"><strong style=\"margin: 0px; padding: 0px; box-sizing: border-box; font-weight: bold;\">1.<\/strong><\/span><span>\u00a0<\/span>Ce membre de la famille a besoin d\u2019une attention suppl\u00e9mentaire.<span>\u00a0<\/span><\/span><span style=\"margin: 0px; padding: 0px; box-sizing: border-box;\" lang=\"fr\">Assurez-vous de le g\u00e2ter un peu plus pendant le d\u00e9m\u00e9nagement pour le rassurer du stress de cette p\u00e9riode.<\/span><\/p>\n<p style=\"margin: 0px 0px 10px; padding: 0px 0px 0px 30px; box-sizing: border-box; color: #676b6d; font-family: 'Open Sans', Helvetica, Arial, Verdana, sans-serif; font-size: 15px; font-style: normal; font-variant-ligatures: normal; font-variant-caps: normal; font-weight: 400; letter-spacing: normal; orphans: 2; text-indent: 0px; text-transform: none; white-space: normal; widows: 2; word-spacing: 0px; -webkit-text-stroke-width: 0px; background-color: #ffffff; text-decoration-style: initial; text-decoration-color: initial; text-align: left;\"><span style=\"margin: 0px; padding: 0px; box-sizing: border-box; color: #993300;\"><strong style=\"margin: 0px; padding: 0px; box-sizing: border-box; font-weight: bold;\">2.<\/strong><span>\u00a0<\/span><\/span>Trouver une adresse temporaire pour votre animal de compagnie pendant le (s) jour (s) du d\u00e9m\u00e9nagement.<\/p>\n<p style=\"margin: 0px 0px 10px; padding: 0px 0px 0px 30px; box-sizing: border-box; color: #676b6d; font-family: 'Open Sans', Helvetica, Arial, Verdana, sans-serif; font-size: 15px; font-style: normal; font-variant-ligatures: normal; font-variant-caps: normal; font-weight: 400; letter-spacing: normal; orphans: 2; text-indent: 0px; text-transform: none; white-space: normal; widows: 2; word-spacing: 0px; -webkit-text-stroke-width: 0px; background-color: #ffffff; text-decoration-style: initial; text-decoration-color: initial; text-align: left;\"><span style=\"margin: 0px; padding: 0px; box-sizing: border-box; color: #993300;\"><strong style=\"margin: 0px; padding: 0px; box-sizing: border-box; font-weight: bold;\">3.<\/strong><span>\u00a0<\/span><\/span>Transf\u00e9rer votre animal de compagnie en dernier, afin qu\u2019il puisse s\u2019habituer \u00e0 la maison nouvellement d\u00e9cor\u00e9e tout de suite. Donnez, au plus vite, \u00e0 votre animal sa nouvelle place dans la nouveau la maison.<\/p>\n<p style=\"margin: 0px 0px 10px; padding: 0px 0px 0px 30px; box-sizing: border-box; color: #676b6d; font-family: 'Open Sans', Helvetica, Arial, Verdana, sans-serif; font-size: 15px; font-style: normal; font-variant-ligatures: normal; font-variant-caps: normal; font-weight: 400; letter-spacing: normal; orphans: 2; text-indent: 0px; text-transform: none; white-space: normal; widows: 2; word-spacing: 0px; -webkit-text-stroke-width: 0px; background-color: #ffffff; text-decoration-style: initial; text-decoration-color: initial; text-align: left;\"><span style=\"margin: 0px; padding: 0px; box-sizing: border-box; color: #993300;\"><strong style=\"margin: 0px; padding: 0px; box-sizing: border-box; font-weight: bold;\">4.<\/strong><span>\u00a0<\/span><\/span>Organiser les vaccinations n\u00e9cessaires pour votre animal de compagnie \u00e0 l\u2019heure. Conservez des copies de tous les documents d\u2019enregistrement et de vaccination avec vous. Assurez-vous de conna\u00eetre les formalit\u00e9s dans le pays de destination.<\/p>\n<p style=\"margin: 0px 0px 10px; padding: 0px 0px 0px 30px; box-sizing: border-box; color: #676b6d; font-family: 'Open Sans', Helvetica, Arial, Verdana, sans-serif; font-size: 15px; font-style: normal; font-variant-ligatures: normal; font-variant-caps: normal; font-weight: 400; letter-spacing: normal; orphans: 2; text-indent: 0px; text-transform: none; white-space: normal; widows: 2; word-spacing: 0px; -webkit-text-stroke-width: 0px; background-color: #ffffff; text-decoration-style: initial; text-decoration-color: initial; text-align: left;\"><span style=\"margin: 0px; padding: 0px; box-sizing: border-box; color: #993300;\"><strong style=\"margin: 0px; padding: 0px; box-sizing: border-box; font-weight: bold;\">5.<\/strong><\/span><span>\u00a0<\/span>Si votre animal de compagnie est enregistr\u00e9, actualiser les informations \u00e0 temps: donn\u00e9es de puce, passeport, donn\u00e9es de pedigree et adresse de votre v\u00e9t\u00e9rinaire. Ne pas oublier de demander un nouveau v\u00e9t\u00e9rinaire dans le pays de destination.<\/p>\n<p id=\"tw-target-text\" class=\"tw-data-text tw-ta tw-text-small\" dir=\"ltr\" style=\"margin: 0px 0px 10px; padding: 0px 0px 0px 30px; box-sizing: border-box; color: #676b6d; font-family: 'Open Sans', Helvetica, Arial, Verdana, sans-serif; font-size: 15px; font-style: normal; font-variant-ligatures: normal; font-variant-caps: normal; font-weight: 400; letter-spacing: normal; orphans: 2; text-indent: 0px; text-transform: none; white-space: normal; widows: 2; word-spacing: 0px; -webkit-text-stroke-width: 0px; background-color: #ffffff; text-decoration-style: initial; text-decoration-color: initial; text-align: left;\"><span style=\"margin: 0px; padding: 0px; box-sizing: border-box;\" lang=\"fr\"><span style=\"margin: 0px; padding: 0px; box-sizing: border-box; color: #993300;\"><strong style=\"margin: 0px; padding: 0px; box-sizing: border-box; font-weight: bold;\">6.<\/strong><\/span><span>\u00a0<\/span>S<\/span>i vous ne voulez pas d\u2019odeurs d\u00e9sagr\u00e9ables dans votre conteneur ou votre camion de d\u00e9m\u00e9nagement avec tous vos autres biens, alors n<span style=\"margin: 0px; padding: 0px; box-sizing: border-box;\" lang=\"fr\">ettoyer votre liti\u00e8re pour chat et panier \u00e0 chien.<\/span><\/p>\n<p class=\"tw-data-text tw-ta tw-text-small\" dir=\"ltr\" style=\"margin: 0px 0px 10px; padding: 0px 0px 0px 30px; box-sizing: border-box; color: #676b6d; font-family: 'Open Sans', Helvetica, Arial, Verdana, sans-serif; font-size: 15px; font-style: normal; font-variant-ligatures: normal; font-variant-caps: normal; font-weight: 400; letter-spacing: normal; orphans: 2; text-indent: 0px; text-transform: none; white-space: normal; widows: 2; word-spacing: 0px; -webkit-text-stroke-width: 0px; background-color: #ffffff; text-decoration-style: initial; text-decoration-color: initial; text-align: left;\"><span style=\"margin: 0px; padding: 0px; box-sizing: border-box; color: #993300;\"><strong style=\"margin: 0px; padding: 0px; box-sizing: border-box; font-weight: bold;\">7.<\/strong><\/span><span>\u00a0<\/span>Laissez votre animal de compagnie s\u2019habituer \u00e0 la nouvelle maison et aux environs avant de le laisser sortir dehors, afin d\u2019\u00e9viter que votre animal de compagnie ne fuie.<\/p>\n<p dir=\"ltr\" style=\"margin: 0px 0px 10px; padding: 0px 0px 0px 30px; box-sizing: border-box; color: #676b6d; font-family: 'Open Sans', Helvetica, Arial, Verdana, sans-serif; font-size: 15px; font-style: normal; font-variant-ligatures: normal; font-variant-caps: normal; font-weight: 400; letter-spacing: normal; orphans: 2; text-indent: 0px; text-transform: none; white-space: normal; widows: 2; word-spacing: 0px; -webkit-text-stroke-width: 0px; background-color: #ffffff; text-decoration-style: initial; text-decoration-color: initial; text-align: left;\"><span style=\"margin: 0px; padding: 0px; box-sizing: border-box; color: #993300;\"><strong style=\"margin: 0px; padding: 0px; box-sizing: border-box; font-weight: bold;\">8.<\/strong><span>\u00a0<\/span><\/span>Se renseigner sur les repas pr\u00e9f\u00e9r\u00e9s de votre animal de compagnie, savoir s\u2019ils seront disponibles dans le pays de destination. Si non, essayez de trouver une bonne alternative.<\/p>\n<p dir=\"ltr\" style=\"margin: 0px 0px 10px; padding: 0px 0px 0px 30px; box-sizing: border-box; color: #676b6d; font-family: 'Open Sans', Helvetica, Arial, Verdana, sans-serif; font-size: 15px; font-style: normal; font-variant-ligatures: normal; font-variant-caps: normal; font-weight: 400; letter-spacing: normal; orphans: 2; text-indent: 0px; text-transform: none; white-space: normal; widows: 2; word-spacing: 0px; -webkit-text-stroke-width: 0px; background-color: #ffffff; text-decoration-style: initial; text-decoration-color: initial; text-align: left;\"><span style=\"margin: 0px; padding: 0px; box-sizing: border-box; color: #993300;\"><strong style=\"margin: 0px; padding: 0px; box-sizing: border-box; font-weight: bold;\">9.<\/strong><\/span><span>\u00a0<\/span>Si vous prenez votre animal de compagnie avec vous durant votre vol, essayez de r\u00e9server un vol direct et \u00e0 l\u2019avance. Votre animal peut devenir malade, tout comme les humains et les avions ont une capacit\u00e9 tr\u00e8s limit\u00e9e de transport d\u2019animaux.<\/p>\n<p dir=\"ltr\" style=\"margin: 0px 0px 10px; padding: 0px 0px 0px 30px; box-sizing: border-box; color: #676b6d; font-family: 'Open Sans', Helvetica, Arial, Verdana, sans-serif; font-size: 15px; font-style: normal; font-variant-ligatures: normal; font-variant-caps: normal; font-weight: 400; letter-spacing: normal; orphans: 2; text-indent: 0px; text-transform: none; white-space: normal; widows: 2; word-spacing: 0px; -webkit-text-stroke-width: 0px; background-color: #ffffff; text-decoration-style: initial; text-decoration-color: initial; text-align: left;\"><span style=\"margin: 0px; padding: 0px; box-sizing: border-box; color: #993300;\"><strong style=\"margin: 0px; padding: 0px; box-sizing: border-box; font-weight: bold;\">10.<\/strong><\/span><span>\u00a0<\/span>Vous n\u2019\u00eates pas s\u00fbr du r\u00e9sultat ? Laissez<span>\u00a0<\/span><strong style=\"margin: 0px; padding: 0px; box-sizing: border-box; font-weight: bold;\">AGS Netherlands<\/strong><span>\u00a0<\/span>organiser le transport de votre animal de compagnie. Des professionnels qui prendront la responsabilit\u00e9 de votre animal et qui connaissent les bonnes mesures \u00e0 prendre.<\/p>\n<p>[\/et_pb_text][\/et_pb_column][\/et_pb_row][\/et_pb_section]<\/p>\n","protected":false},"excerpt":{"rendered":"<p><div class=\"et_pb_module lwp_divi_breadcrumbs lwp_divi_breadcrumbs_0\">\n\t\t\t\t\n\t\t\t\t\n\t\t\t\t\n\t\t\t\t\n\t\t\t\t\n\t\t\t\t\n\t\t\t\t<div class=\"et_pb_module_inner\">\n\t\t\t\t\t<div class=\"lwp-breadcrumbs\"> <span class=\"before\"><\/span> <span vocab=\"https:\/\/schema.org\/\" typeof=\"BreadcrumbList\"><span property=\"itemListElement\" typeof=\"ListItem\"><a property=\"item\" typeof=\"WebPage\" href=\"https:\/\/staging.khz-movers.com\/fr\/\" class=\"home\"><span property=\"name\">Home<\/span><\/a><meta property=\"position\" content=\"1\"><\/span> <span class=\"separator et-pb-icon\">&#x39;<\/span> <\/span><\/div>\n\t\t\t\t<\/div>\n\t\t\t<\/div>Le transport des animaux de compagnie Vous poss\u00e9dez un animal de compagnie ? Nous pouvons bien s\u00fbr le transporter ! Pour un chien ou un chat, un d\u00e9m\u00e9nagement peut \u00e9galement \u00eatre stressant. C\u2019est exactement pourquoi AGS Global Solutions &#8211; Netherlands accordera une attention particuli\u00e8re \u00e0 votre animal de compagnie. En coop\u00e9ration avec [&hellip;]<\/p>\n","protected":false},"author":32,"featured_media":0,"parent":0,"menu_order":6,"comment_status":"closed","ping_status":"open","template":"","meta":{"_et_pb_use_builder":"on","_et_pb_old_content":"","_et_gb_content_width":"","footnotes":""},"class_list":["post-4844","page","type-page","status-publish","hentry"],"_links":{"self":[{"href":"https:\/\/staging.khz-movers.com\/fr\/wp-json\/wp\/v2\/pages\/4844","targetHints":{"allow":["GET"]}}],"collection":[{"href":"https:\/\/staging.khz-movers.com\/fr\/wp-json\/wp\/v2\/pages"}],"about":[{"href":"https:\/\/staging.khz-movers.com\/fr\/wp-json\/wp\/v2\/types\/page"}],"author":[{"embeddable":true,"href":"https:\/\/staging.khz-movers.com\/fr\/wp-json\/wp\/v2\/users\/32"}],"replies":[{"embeddable":true,"href":"https:\/\/staging.khz-movers.com\/fr\/wp-json\/wp\/v2\/comments?post=4844"}],"version-history":[{"count":0,"href":"https:\/\/staging.khz-movers.com\/fr\/wp-json\/wp\/v2\/pages\/4844\/revisions"}],"wp:attachment":[{"href":"https:\/\/staging.khz-movers.com\/fr\/wp-json\/wp\/v2\/media?parent=4844"}],"curies":[{"name":"wp","href":"https:\/\/api.w.org\/{rel}","templated":true}]}}