{"id":4847,"date":"2017-12-13T17:12:14","date_gmt":"2017-12-13T16:12:14","guid":{"rendered":"https:\/\/staging.khz-movers.com\/?page_id=4847"},"modified":"2024-02-02T12:31:27","modified_gmt":"2024-02-02T10:31:27","slug":"votre-responsable-demenagement","status":"publish","type":"page","link":"https:\/\/staging.khz-movers.com\/fr\/votre-responsable-demenagement\/","title":{"rendered":"Votre Responsable d\u00e9m\u00e9nagement"},"content":{"rendered":"<p>[et_pb_section fb_built=\u00a0\u00bb1&Prime; fullwidth=\u00a0\u00bbon\u00a0\u00bb admin_label=\u00a0\u00bbTitle\u00a0\u00bb _builder_version=\u00a0\u00bb4.16&Prime; _module_preset=\u00a0\u00bbdefault\u00a0\u00bb locked=\u00a0\u00bboff\u00a0\u00bb collapsed=\u00a0\u00bbon\u00a0\u00bb global_colors_info=\u00a0\u00bb{}\u00a0\u00bb][et_pb_fullwidth_post_title meta=\u00a0\u00bboff\u00a0\u00bb featured_image=\u00a0\u00bboff\u00a0\u00bb _builder_version=\u00a0\u00bb4.16&Prime; _module_preset=\u00a0\u00bbdefault\u00a0\u00bb title_text_align=\u00a0\u00bbcenter\u00a0\u00bb title_text_color=\u00a0\u00bb#ffffff\u00a0\u00bb title_font_size=\u00a0\u00bb28px\u00a0\u00bb background_color=\u00a0\u00bb#b02b08&Prime; custom_padding=\u00a0\u00bb40px||30px||false|false\u00a0\u00bb global_colors_info=\u00a0\u00bb{}\u00a0\u00bb][\/et_pb_fullwidth_post_title][\/et_pb_section][et_pb_section fb_built=\u00a0\u00bb1&Prime; admin_label=\u00a0\u00bbBreadcrumbs\u00a0\u00bb _builder_version=\u00a0\u00bb4.16&Prime; _module_preset=\u00a0\u00bbdefault\u00a0\u00bb custom_padding=\u00a0\u00bb0px||0px|||\u00a0\u00bb locked=\u00a0\u00bboff\u00a0\u00bb collapsed=\u00a0\u00bbon\u00a0\u00bb global_colors_info=\u00a0\u00bb{}\u00a0\u00bb][et_pb_row _builder_version=\u00a0\u00bb4.16&Prime; _module_preset=\u00a0\u00bbdefault\u00a0\u00bb width=\u00a0\u00bb85%\u00a0\u00bb max_width=\u00a0\u00bb85%\u00a0\u00bb global_colors_info=\u00a0\u00bb{}\u00a0\u00bb][et_pb_column type=\u00a0\u00bb4_4&Prime; _builder_version=\u00a0\u00bb4.16&Prime; _module_preset=\u00a0\u00bbdefault\u00a0\u00bb global_colors_info=\u00a0\u00bb{}\u00a0\u00bb][lwp_divi_breadcrumbs _builder_version=\u00a0\u00bb4.16&Prime; _module_preset=\u00a0\u00bbdefault\u00a0\u00bb module_font_size=\u00a0\u00bb11px\u00a0\u00bb global_colors_info=\u00a0\u00bb{}\u00a0\u00bb][\/lwp_divi_breadcrumbs][\/et_pb_column][\/et_pb_row][\/et_pb_section][et_pb_section fb_built=\u00a0\u00bb1&Prime; admin_label=\u00a0\u00bbContent\u00a0\u00bb _builder_version=\u00a0\u00bb4.16&Prime; _module_preset=\u00a0\u00bbdefault\u00a0\u00bb custom_padding=\u00a0\u00bb0px|||||\u00a0\u00bb locked=\u00a0\u00bboff\u00a0\u00bb collapsed=\u00a0\u00bbon\u00a0\u00bb global_colors_info=\u00a0\u00bb{}\u00a0\u00bb][et_pb_row _builder_version=\u00a0\u00bb4.16&Prime; _module_preset=\u00a0\u00bbdefault\u00a0\u00bb width=\u00a0\u00bb85%\u00a0\u00bb max_width=\u00a0\u00bb85%\u00a0\u00bb global_colors_info=\u00a0\u00bb{}\u00a0\u00bb][et_pb_column type=\u00a0\u00bb4_4&Prime; _builder_version=\u00a0\u00bb4.16&Prime; _module_preset=\u00a0\u00bbdefault\u00a0\u00bb global_colors_info=\u00a0\u00bb{}\u00a0\u00bb][et_pb_text admin_label=\u00a0\u00bbText\u00a0\u00bb _builder_version=\u00a0\u00bb4.23&Prime; hover_enabled=\u00a0\u00bb0&Prime; global_colors_info=\u00a0\u00bb{}\u00a0\u00bb sticky_enabled=\u00a0\u00bb0&Prime;]<\/p>\n<h2 style=\"margin: 20px 0px 10px; padding: 0px; box-sizing: border-box; clear: both; word-break: break-word; color: #676b6d; font: 500 30px \/ 1.1 'Open Sans', Helvetica, Arial, Verdana, sans-serif; text-transform: none; letter-spacing: normal; orphans: 2; text-align: start; text-indent: 0px; white-space: normal; widows: 2; word-spacing: 0px; -webkit-text-stroke-width: 0px; background-color: #ffffff; text-decoration-style: initial; text-decoration-color: initial;\">Votre responsable d\u00e9m\u00e9nagement<\/h2>\n<p style=\"margin: 0px 0px 10px; padding: 0px; box-sizing: border-box; color: #676b6d; font-family: 'Open Sans', Helvetica, Arial, Verdana, sans-serif; font-size: 15px; font-style: normal; font-variant-ligatures: normal; font-variant-caps: normal; font-weight: 400; letter-spacing: normal; orphans: 2; text-align: start; text-indent: 0px; text-transform: none; white-space: normal; widows: 2; word-spacing: 0px; -webkit-text-stroke-width: 0px; background-color: #ffffff; text-decoration-style: initial; text-decoration-color: initial;\">Du d\u00e9but de votre projet de d\u00e9m\u00e9nagement au d\u00e9ballage des derniers cartons, vous et vos biens recevront toute l\u2019attention n\u00e9cessaire, car nous savons qu\u2019un<span>\u00a0<\/span><a href=\"https:\/\/www.khz-movers.com\/fr\/international\/\" style=\"margin: 0px; padding: 0px; box-sizing: border-box; text-decoration: none; color: #b02b08; background-color: transparent;\">d\u00e9m\u00e9nagement international<\/a><span>\u00a0<\/span>n\u2019est pas une \u00e9v\u00e9nement anodin pour vous. Nous d\u00e9m\u00e9nageons des personnes chaque jour, et nous essayons de penser \u00e0 tout. Votre responsable d\u00e9m\u00e9nagement personnel chez <a href=\"https:\/\/www.khz-movers.com\/fr\/\" style=\"color: #b02b08;\">AGS Global Solutions &#8211; Netherlands<\/a> sera garant du bon d\u00e9roulement de votre d\u00e9m\u00e9nagement et s\u2019en chargera pour vous. Il \u00e9tablira un calendrier avec vous, pr\u00e9parera un guide avec un plan d\u00e9taill\u00e9 et veillera \u00e0 la bonne \u00e9xecution de ce plan jour apr\u00e8s jour.<\/p>\n<p style=\"margin: 0px 0px 10px; padding: 0px; box-sizing: border-box; color: #676b6d; font-family: 'Open Sans', Helvetica, Arial, Verdana, sans-serif; font-size: 15px; font-style: normal; font-variant-ligatures: normal; font-variant-caps: normal; font-weight: 400; letter-spacing: normal; orphans: 2; text-align: start; text-indent: 0px; text-transform: none; white-space: normal; widows: 2; word-spacing: 0px; -webkit-text-stroke-width: 0px; background-color: #ffffff; text-decoration-style: initial; text-decoration-color: initial;\">C\u2019est la seule fa\u00e7on de vous garantir un d\u00e9m\u00e9nagement sans soucis. Comme vous pouvez l\u2019attendre de<span>\u00a0<\/span><a href=\"https:\/\/www.khz-movers.com\/fr\/\" style=\"margin: 0px; padding: 0px; box-sizing: border-box; text-decoration: none; color: #b02b08; background-color: transparent;\">l\u2019une des plus importantes soci\u00e9t\u00e9s de d\u00e9m\u00e9nagement aux Pays-Bas<\/a>, votre responsable d\u00e9m\u00e9nagement personnel vous tiendra au courant de toute nouveaut\u00e9 concernant votre d\u00e9m\u00e9nagement et r\u00e9pondra \u00e0 toutes les questions ou suggestions que vous pourriez avoir sur l\u2019ensemble du processus de d\u00e9m\u00e9nagement international.<\/p>\n<p style=\"margin: 0px 0px 10px; padding: 0px; box-sizing: border-box; color: #676b6d; font-family: 'Open Sans', Helvetica, Arial, Verdana, sans-serif; font-size: 15px; font-style: normal; font-variant-ligatures: normal; font-variant-caps: normal; font-weight: 400; letter-spacing: normal; orphans: 2; text-align: start; text-indent: 0px; text-transform: none; white-space: normal; widows: 2; word-spacing: 0px; -webkit-text-stroke-width: 0px; background-color: #ffffff; text-decoration-style: initial; text-decoration-color: initial;\">Veuillez cliquer<span>\u00a0<\/span><a href=\"https:\/\/staging.khz-movers.com\/wp-content\/uploads\/2015\/12\/checklist_en.pdf\" style=\"margin: 0px; padding: 0px; box-sizing: border-box; text-decoration: none; color: #b02b08; background-color: transparent;\">ici<\/a><span>\u00a0<\/span>pour visualiser nos conseils pratiques<br style=\"margin: 0px; padding: 0px; box-sizing: border-box;\" \/>Veuillez cliquer<span>\u00a0<\/span><a href=\"https:\/\/staging.khz-movers.com\/wp-content\/uploads\/2018\/06\/checklist_fr.docx\" target=\"_blank\" rel=\"noopener noreferrer\" style=\"margin: 0px; padding: 0px; box-sizing: border-box; text-decoration: none; color: #b02b08; background-color: transparent;\">ici<\/a><span>\u00a0<\/span>pour une liste au format Word<\/p>\n<p>[\/et_pb_text][\/et_pb_column][\/et_pb_row][\/et_pb_section]<\/p>\n","protected":false},"excerpt":{"rendered":"<p><div class=\"et_pb_module lwp_divi_breadcrumbs lwp_divi_breadcrumbs_0\">\n\t\t\t\t\n\t\t\t\t\n\t\t\t\t\n\t\t\t\t\n\t\t\t\t\n\t\t\t\t\n\t\t\t\t<div class=\"et_pb_module_inner\">\n\t\t\t\t\t<div class=\"lwp-breadcrumbs\"> <span class=\"before\"><\/span> <span vocab=\"https:\/\/schema.org\/\" typeof=\"BreadcrumbList\"><span property=\"itemListElement\" typeof=\"ListItem\"><a property=\"item\" typeof=\"WebPage\" href=\"https:\/\/staging.khz-movers.com\/fr\/\" class=\"home\"><span property=\"name\">Home<\/span><\/a><meta property=\"position\" content=\"1\"><\/span> <span class=\"separator et-pb-icon\">&#x39;<\/span> <\/span><\/div>\n\t\t\t\t<\/div>\n\t\t\t<\/div>Votre responsable d\u00e9m\u00e9nagement Du d\u00e9but de votre projet de d\u00e9m\u00e9nagement au d\u00e9ballage des derniers cartons, vous et vos biens recevront toute l\u2019attention n\u00e9cessaire, car nous savons qu\u2019un\u00a0d\u00e9m\u00e9nagement international\u00a0n\u2019est pas une \u00e9v\u00e9nement anodin pour vous. Nous d\u00e9m\u00e9nageons des personnes chaque jour, et nous essayons de penser \u00e0 tout. Votre responsable d\u00e9m\u00e9nagement personnel [&hellip;]<\/p>\n","protected":false},"author":32,"featured_media":0,"parent":0,"menu_order":8,"comment_status":"closed","ping_status":"open","template":"","meta":{"_et_pb_use_builder":"on","_et_pb_old_content":"","_et_gb_content_width":"","footnotes":""},"class_list":["post-4847","page","type-page","status-publish","hentry"],"_links":{"self":[{"href":"https:\/\/staging.khz-movers.com\/fr\/wp-json\/wp\/v2\/pages\/4847","targetHints":{"allow":["GET"]}}],"collection":[{"href":"https:\/\/staging.khz-movers.com\/fr\/wp-json\/wp\/v2\/pages"}],"about":[{"href":"https:\/\/staging.khz-movers.com\/fr\/wp-json\/wp\/v2\/types\/page"}],"author":[{"embeddable":true,"href":"https:\/\/staging.khz-movers.com\/fr\/wp-json\/wp\/v2\/users\/32"}],"replies":[{"embeddable":true,"href":"https:\/\/staging.khz-movers.com\/fr\/wp-json\/wp\/v2\/comments?post=4847"}],"version-history":[{"count":0,"href":"https:\/\/staging.khz-movers.com\/fr\/wp-json\/wp\/v2\/pages\/4847\/revisions"}],"wp:attachment":[{"href":"https:\/\/staging.khz-movers.com\/fr\/wp-json\/wp\/v2\/media?parent=4847"}],"curies":[{"name":"wp","href":"https:\/\/api.w.org\/{rel}","templated":true}]}}